{"id":377,"date":"2023-03-30T22:08:26","date_gmt":"2023-03-30T22:08:26","guid":{"rendered":"https:\/\/www.clovr.com\/?page_id=377"},"modified":"2025-07-03T14:00:07","modified_gmt":"2025-07-03T14:00:07","slug":"casino-games","status":"publish","type":"page","link":"https:\/\/www.clovr.com\/br\/casino-games\/","title":{"rendered":"Diret\u00f3rio de jogos de cassino Bitcoin"},"content":{"rendered":"\n<div id=\"main-review\" class=\"wp-block-getwid-section alignfull alignfull\"><div class=\"wp-block-getwid-section__wrapper\"><div class=\"wp-block-getwid-section__inner-wrapper\"><div class=\"wp-block-getwid-section__background-holder\"><div class=\"wp-block-getwid-section__background\"><\/div><div class=\"wp-block-getwid-section__foreground\"><\/div><\/div><div class=\"wp-block-getwid-section__content\"><div class=\"wp-block-getwid-section__inner-content\">\n<p class=\"page-excerpt\">Bem-vindo ao nosso diret\u00f3rio de cassinos bitcoin. Nossas listas cont\u00eam as an\u00e1lises de cassino online mais confi\u00e1veis, classificadas por nossos especialistas e classificadas por nosso sistema de classifica\u00e7\u00e3o especializado.<\/p>\n\n\n\n\n\n<p>Os jogos de cassino Bitcoin est\u00e3o ganhando popularidade \u00e0 medida que a criptomoeda se torna cada vez mais aceita pelo mainstream. A beleza de apostar com criptomoedas \u00e9 o fato de que os apostadores podem misturar os pilares do cassino online com jogos comprovadamente justos que s\u00e3o exclusivos do ambiente de apostas criptogr\u00e1ficas. Neste guia para jogos de cassino bitcoin, descubra quais tipos de a\u00e7\u00e3o normalmente podem ser encontrados em cassinos online BTC e em que consistem essas formas de jogo bitcoin.<\/p>\n\n\n\n<div class=\"wp-block-media-text alignwide is-stacked-on-mobile is-vertically-aligned-top game-item\" style=\"grid-template-columns:15% auto\"><figure class=\"wp-block-media-text__media\"><img loading=\"lazy\" decoding=\"async\" width=\"500\" height=\"500\" src=\"https:\/\/www.clovr.com\/wp-content\/uploads\/2023\/04\/Poker.png\" alt=\"Poker\" class=\"wp-image-28 size-full\"\/><\/figure><div class=\"wp-block-media-text__content\">\n<h4 class=\"wp-block-heading\">BITCOIN POKER<\/h4>\n\n\n\n<p>Uma das formas mais populares de jogo, o p\u00f4quer est\u00e1 bem representado na arena de jogos de azar bitcoin. Existem v\u00e1rias formas de p\u00f4quer para serem jogadas em cassinos bitcoin, com as diferentes varia\u00e7\u00f5es do jogo tornando o p\u00f4quer atraente para uma ampla gama de jogadores. Inclu\u00eddo sob o guarda-chuva do p\u00f4quer est\u00e1 o v\u00eddeo p\u00f4quer, bem como o p\u00f4quer multijogador.<\/p>\n\n\n\n<div class=\"wp-block-buttons is-content-justification-center is-layout-flex wp-container-core-buttons-is-layout-16018d1d wp-block-buttons-is-layout-flex\">\n<div class=\"wp-block-button\"><a class=\"wp-block-button__link has-text-align-left wp-element-button\">Veja todos os cassinos de p\u00f4quer<\/a><\/div>\n<\/div>\n\n\n\n<div style=\"height:100px\" aria-hidden=\"true\" class=\"wp-block-spacer\"><\/div>\n<\/div><\/div>\n\n\n\n<div class=\"wp-block-media-text alignwide is-stacked-on-mobile is-vertically-aligned-top game-item\" style=\"grid-template-columns:15% auto\"><figure class=\"wp-block-media-text__media\"><img loading=\"lazy\" decoding=\"async\" width=\"500\" height=\"500\" src=\"https:\/\/www.clovr.com\/wp-content\/uploads\/2023\/04\/Roulette.png\" alt=\"Roulette\" class=\"wp-image-29 size-full\"\/><\/figure><div class=\"wp-block-media-text__content\">\n<h4 class=\"wp-block-heading\">ROLETA DE BITCOIN<\/h4>\n\n\n\n<p>Jogar roleta em um cassino criptogr\u00e1fico \u00e9 extremamente popular, pois os jogadores podem desfrutar de um dos jogos de cassino mais amados de todos os tempos com a conveni\u00eancia e facilidade de uso do bitcoin. A consist\u00eancia da roleta de cassino para cassino tamb\u00e9m torna o jogo uma escolha popular, j\u00e1 que a vantagem da casa na roleta \u00e9 a mesma, n\u00e3o importa onde o jogador participe do jogo. A \u00fanica vez que a margem da casa muda \u00e9 ao passar da roleta com um \u00fanico zero para a roleta com dois zeros, mas os valores da margem permanecem os mesmos para cada uma dessas variantes.<\/p>\n\n\n\n<div class=\"wp-block-buttons is-content-justification-center is-layout-flex wp-container-core-buttons-is-layout-16018d1d wp-block-buttons-is-layout-flex\">\n<div class=\"wp-block-button\"><a class=\"wp-block-button__link wp-element-button\">Veja todos os cassinos de Roleta<\/a><\/div>\n<\/div>\n\n\n\n<div style=\"height:100px\" aria-hidden=\"true\" class=\"wp-block-spacer\"><\/div>\n<\/div><\/div>\n\n\n\n<div class=\"wp-block-media-text alignwide is-stacked-on-mobile is-vertically-aligned-top game-item\" style=\"grid-template-columns:15% auto\"><figure class=\"wp-block-media-text__media\"><img loading=\"lazy\" decoding=\"async\" width=\"126\" height=\"126\" src=\"https:\/\/www.clovr.com\/wp-content\/uploads\/2023\/04\/Slots.png\" alt=\"Slots\" class=\"wp-image-31 size-full\"\/><\/figure><div class=\"wp-block-media-text__content\">\n<h4 class=\"wp-block-heading\">SLOTS DE BITCOIN<\/h4>\n\n\n\n<p>Os slots s\u00e3o uma das partes mais comuns de qualquer cassino online, e os cassinos de bitcoin n\u00e3o s\u00e3o exce\u00e7\u00e3o. Geralmente h\u00e1 mais ofertas de slots do que op\u00e7\u00f5es em qualquer outro jogo, gra\u00e7as ao fato de que existem tantas configura\u00e7\u00f5es diferentes poss\u00edveis em slots entre o n\u00famero de linhas de pagamento que podem ser obtidas e os diferentes tamanhos de aposta que podem ser configurados. E com tantos tipos de jogos e visuais que podem ser adicionados \u00e0 experi\u00eancia de ca\u00e7a-n\u00edqueis, n\u00e3o \u00e9 de admirar que tantos jogadores queiram se envolver com ca\u00e7a-n\u00edqueis.<\/p>\n\n\n\n<div class=\"wp-block-buttons is-content-justification-center is-layout-flex wp-container-core-buttons-is-layout-16018d1d wp-block-buttons-is-layout-flex\">\n<div class=\"wp-block-button\"><a class=\"wp-block-button__link wp-element-button\">Veja todos os cassinos de ca\u00e7a-n\u00edqueis<\/a><\/div>\n<\/div>\n\n\n\n<div style=\"height:100px\" aria-hidden=\"true\" class=\"wp-block-spacer\"><\/div>\n<\/div><\/div>\n\n\n\n<div class=\"wp-block-media-text alignwide is-stacked-on-mobile is-vertically-aligned-top game-item\" style=\"grid-template-columns:15% auto\"><figure class=\"wp-block-media-text__media\"><img loading=\"lazy\" decoding=\"async\" width=\"250\" height=\"250\" src=\"https:\/\/www.clovr.com\/wp-content\/uploads\/2023\/04\/Dice.png\" alt=\"Dice\" class=\"wp-image-18 size-full\"\/><\/figure><div class=\"wp-block-media-text__content\">\n<h4 class=\"wp-block-heading\">DADOS BITCOIN<\/h4>\n\n\n\n<p>Os dados s\u00e3o uma das formas mais antigas de jogos espec\u00edficos para criptomoedas, j\u00e1 que os craps estavam entre as primeiras op\u00e7\u00f5es de jogos baseados em blockchain. Esses jogos s\u00e3o bastante simples, com os apostadores geralmente tendo a tarefa de prever se uma determinada jogada de dados ficar\u00e1 acima ou abaixo do n\u00famero escolhido por um jogador.<\/p>\n\n\n\n<div class=\"wp-block-buttons is-content-justification-center is-layout-flex wp-container-core-buttons-is-layout-16018d1d wp-block-buttons-is-layout-flex\">\n<div class=\"wp-block-button\"><a class=\"wp-block-button__link wp-element-button\">Veja todos os cassinos de dados<\/a><\/div>\n<\/div>\n\n\n\n<div style=\"height:100px\" aria-hidden=\"true\" class=\"wp-block-spacer\"><\/div>\n<\/div><\/div>\n\n\n\n<div class=\"wp-block-media-text alignwide is-stacked-on-mobile is-vertically-aligned-top game-item\" style=\"grid-template-columns:15% auto\"><figure class=\"wp-block-media-text__media\"><img loading=\"lazy\" decoding=\"async\" width=\"500\" height=\"500\" src=\"https:\/\/www.clovr.com\/wp-content\/uploads\/2023\/04\/Blackjack.png\" alt=\"Blackjack\" class=\"wp-image-14 size-full\"\/><\/figure><div class=\"wp-block-media-text__content\">\n<h4 class=\"wp-block-heading\">BITCOIN BLACKJACK<\/h4>\n\n\n\n<p>O blackjack \u00e9 um dos jogos mais jogados em todos os jogos de azar, e n\u00e3o h\u00e1 exce\u00e7\u00f5es no mundo das apostas em bitcoin. Os jogadores se re\u00fanem para blackjack em cassinos de bitcoin, assim como fazem em outros sites de jogos de azar, gra\u00e7as ao fato de que existem elementos estrat\u00e9gicos envolvidos no blackjack que o tornam um jogo incrivelmente baseado em habilidade. Compreender as probabilidades e quando tomar certas decis\u00f5es estrat\u00e9gicas \u00e9 o cerne do blackjack, e \u00e9 claro que os componentes de tomada de decis\u00e3o do jogo s\u00e3o muito apreciados.<\/p>\n\n\n\n<div class=\"wp-block-buttons is-content-justification-center is-layout-flex wp-container-core-buttons-is-layout-16018d1d wp-block-buttons-is-layout-flex\">\n<div class=\"wp-block-button\"><a class=\"wp-block-button__link wp-element-button\">Veja todos os cassinos de Blackjack<\/a><\/div>\n<\/div>\n\n\n\n<div style=\"height:100px\" aria-hidden=\"true\" class=\"wp-block-spacer\"><\/div>\n<\/div><\/div>\n\n\n\n<div class=\"wp-block-media-text alignwide is-stacked-on-mobile is-vertically-aligned-top game-item\" style=\"grid-template-columns:15% auto\"><figure class=\"wp-block-media-text__media\"><img loading=\"lazy\" decoding=\"async\" width=\"500\" height=\"500\" src=\"https:\/\/www.clovr.com\/wp-content\/uploads\/2023\/04\/Baccarat.png\" alt=\"Baccarat\" class=\"wp-image-12 size-full\"\/><\/figure><div class=\"wp-block-media-text__content\">\n<h4 class=\"wp-block-heading\">BACAR\u00c1 BITCOIN<\/h4>\n\n\n\n<p>Baccarat \u00e9 um jogo f\u00e1cil de entender, mas n\u00e3o \u00e9 t\u00e3o comum quanto alguns jogos de mesa como blackjack e roleta. Tamb\u00e9m conhecido como punto banco, dependendo de onde algu\u00e9m est\u00e1 jogando, os cassinos de bitcoin t\u00eam muita a\u00e7\u00e3o de bacar\u00e1, j\u00e1 que a simplicidade do jogo combinada com o potencial de pagamentos consider\u00e1veis o torna atraente para muitos.<\/p>\n\n\n\n<div class=\"wp-block-buttons is-content-justification-center is-layout-flex wp-container-core-buttons-is-layout-16018d1d wp-block-buttons-is-layout-flex\">\n<div class=\"wp-block-button\"><a class=\"wp-block-button__link wp-element-button\">Veja todos os cassinos de bacar\u00e1<\/a><\/div>\n<\/div>\n\n\n\n<div style=\"height:100px\" aria-hidden=\"true\" class=\"wp-block-spacer\"><\/div>\n<\/div><\/div>\n\n\n\n<div class=\"wp-block-media-text alignwide is-stacked-on-mobile is-vertically-aligned-top game-item\" style=\"grid-template-columns:15% auto\"><figure class=\"wp-block-media-text__media\"><img loading=\"lazy\" decoding=\"async\" width=\"500\" height=\"500\" src=\"https:\/\/www.clovr.com\/wp-content\/uploads\/2023\/04\/Craps.png\" alt=\"Craps\" class=\"wp-image-17 size-full\"\/><\/figure><div class=\"wp-block-media-text__content\">\n<h4 class=\"wp-block-heading\">BITCOIN CRAPS<\/h4>\n\n\n\n<p>Craps \u00e9 talvez o jogo que apresenta a maior diferen\u00e7a entre o que algu\u00e9m experimenta em um cassino e o que experimenta online. Em um cassino, o craps \u00e9 um jogo social que pode ficar bastante turbulento dependendo do grupo que est\u00e1 em uma mesa em um determinado momento. Online, o jogo de dados \u00e9 muito mais tranquilo, visto que n\u00e3o h\u00e1 outros jogadores envolvidos no jogo. Mas s\u00f3 porque o craps em um cassino bitcoin n\u00e3o apresenta os mesmos elementos sociais que o craps em um cassino f\u00edsico n\u00e3o significa que n\u00e3o possa ser t\u00e3o lucrativo.<\/p>\n\n\n\n<div class=\"wp-block-buttons is-content-justification-center is-layout-flex wp-container-core-buttons-is-layout-16018d1d wp-block-buttons-is-layout-flex\">\n<div class=\"wp-block-button\"><a class=\"wp-block-button__link wp-element-button\">Veja todos os cassinos de Craps<\/a><\/div>\n<\/div>\n\n\n\n<div style=\"height:100px\" aria-hidden=\"true\" class=\"wp-block-spacer\"><\/div>\n<\/div><\/div>\n\n\n\n<div class=\"wp-block-media-text alignwide is-stacked-on-mobile is-vertically-aligned-top game-item\" style=\"grid-template-columns:15% auto\"><figure class=\"wp-block-media-text__media\"><img loading=\"lazy\" decoding=\"async\" width=\"500\" height=\"500\" src=\"https:\/\/www.clovr.com\/wp-content\/uploads\/2023\/04\/Keno.png\" alt=\"Keno\" class=\"wp-image-21 size-full\"\/><\/figure><div class=\"wp-block-media-text__content\">\n<h4 class=\"wp-block-heading\">BITCOIN KENO<\/h4>\n\n\n\n<p>O Keno \u00e9 um jogo que \u00e9 jogado em cassinos f\u00edsicos h\u00e1 muito tempo, pois os jogadores podem selecionar n\u00fameros em um cart\u00e3o f\u00edsico com bolas f\u00edsicas sendo sorteadas para solicitar o preenchimento desses cart\u00f5es. Keno em cassinos bitcoin \u00e9 muito mais conveniente, j\u00e1 que tudo \u00e9 feito digitalmente para levar a um jogo que n\u00e3o \u00e9 apenas mais f\u00e1cil de acompanhar, mas que nem exige que os jogadores prestem aten\u00e7\u00e3o total aos sorteios enquanto eles acontecem. . Com os n\u00fameros sendo rastreados automaticamente, os apostadores podem simplesmente escolher seus n\u00fameros, fazer suas apostas e esperar para ver o que ganharam.<\/p>\n\n\n\n<div class=\"wp-block-buttons is-content-justification-center is-layout-flex wp-container-core-buttons-is-layout-16018d1d wp-block-buttons-is-layout-flex\">\n<div class=\"wp-block-button\"><a class=\"wp-block-button__link wp-element-button\">Veja todos os cassinos Keno<\/a><\/div>\n<\/div>\n\n\n\n<div style=\"height:100px\" aria-hidden=\"true\" class=\"wp-block-spacer\"><\/div>\n<\/div><\/div>\n\n\n\n<div class=\"wp-block-media-text alignwide is-stacked-on-mobile is-vertically-aligned-top game-item\" style=\"grid-template-columns:15% auto\"><figure class=\"wp-block-media-text__media\"><img loading=\"lazy\" decoding=\"async\" width=\"500\" height=\"500\" src=\"https:\/\/www.clovr.com\/wp-content\/uploads\/2023\/04\/Live-Games.png\" alt=\"Live Games\" class=\"wp-image-22 size-full\"\/><\/figure><div class=\"wp-block-media-text__content\">\n<h4 class=\"wp-block-heading\">BITCOIN LIVE DEALERS<\/h4>\n\n\n\n<p>Os jogos de cassino com dealer ao vivo est\u00e3o crescendo rapidamente como um dos jogos de cassino mais populares em cassinos de bitcoin e s\u00e3o amplamente conhecidos \u00e0 medida que a tecnologia de cassino online evolui. A emo\u00e7\u00e3o de jogar jogos de cassino com dealer ao vivo \u00e9 que pessoas reais fazem transa\u00e7\u00f5es como cassinos reais, n\u00e3o conjuntos de cartas computadorizados. Al\u00e9m disso, a conveni\u00eancia do Bitcoin Casino permite que os jogadores realizem transa\u00e7\u00f5es an\u00f4nimas t\u00e3o r\u00e1pido quanto um raio.<\/p>\n\n\n\n<div class=\"wp-block-buttons is-content-justification-center is-layout-flex wp-container-core-buttons-is-layout-16018d1d wp-block-buttons-is-layout-flex\">\n<div class=\"wp-block-button\"><a class=\"wp-block-button__link wp-element-button\">Veja todos os cassinos com dealers ao vivo<\/a><\/div>\n<\/div>\n\n\n\n<div style=\"height:100px\" aria-hidden=\"true\" class=\"wp-block-spacer\"><\/div>\n<\/div><\/div>\n\n\n\n<div id=\"faqs\" class=\"wp-block-group\"><div class=\"wp-block-group__inner-container is-layout-constrained wp-block-group-is-layout-constrained\">\n<h2 class=\"wp-block-heading\">Perguntas Frequentes<\/h2>\n\n\n\n<div class=\"wp-block-getwid-accordion has-icon-left\" data-active-element=\"none\">\n<div class=\"wp-block-getwid-accordion__header-wrapper\"><span class=\"wp-block-getwid-accordion__header\"><a href=\"#\"><span class=\"wp-block-getwid-accordion__header-title\">Como fa\u00e7o para obter Bitcoin?<\/span><span class=\"wp-block-getwid-accordion__icon is-active\"><i class=\"fas fa-plus\"><\/i><\/span><span class=\"wp-block-getwid-accordion__icon is-passive\"><i class=\"fas fa-minus\"><\/i><\/span><\/a><\/span><\/div><div class=\"wp-block-getwid-accordion__content-wrapper\"><div class=\"wp-block-getwid-accordion__content\">\n<p>Para obter bitcoin, os apostadores podem compr\u00e1-lo em um site de c\u00e2mbio, que troca moeda fiduci\u00e1ria por criptomoeda. A partir da\u00ed, os apostadores podem enviar seus bitcoins para diferentes carteiras ou para suas contas de cassino online.<\/p>\n<\/div><\/div>\n\n\n\n<div class=\"wp-block-getwid-accordion__header-wrapper\"><span class=\"wp-block-getwid-accordion__header\"><a href=\"#\"><span class=\"wp-block-getwid-accordion__header-title\">Por que apostar com Bitcoin?<\/span><span class=\"wp-block-getwid-accordion__icon is-active\"><i class=\"fas fa-plus\"><\/i><\/span><span class=\"wp-block-getwid-accordion__icon is-passive\"><i class=\"fas fa-minus\"><\/i><\/span><\/a><\/span><\/div><div class=\"wp-block-getwid-accordion__content-wrapper\"><div class=\"wp-block-getwid-accordion__content\">\n<p>Em muitos casos, apostar com bitcoin \u00e9 mais f\u00e1cil do que apostar com moeda fiduci\u00e1ria. Muitos cassinos de bitcoin permitem que os apostadores apostem anonimamente, com transa\u00e7\u00f5es de bitcoin ocorrendo muito mais rapidamente do que transa\u00e7\u00f5es em moeda fiduci\u00e1ria. Tamb\u00e9m existe a possibilidade de ganhar um b\u00f4nus de boas-vindas no primeiro dep\u00f3sito de um jogador com bitcoin para valor agregado.<\/p>\n<\/div><\/div>\n\n\n\n<div class=\"wp-block-getwid-accordion__header-wrapper\"><span class=\"wp-block-getwid-accordion__header\"><a href=\"#\"><span class=\"wp-block-getwid-accordion__header-title\">O que \u00e9 comprovadamente justo?<\/span><span class=\"wp-block-getwid-accordion__icon is-active\"><i class=\"fas fa-plus\"><\/i><\/span><span class=\"wp-block-getwid-accordion__icon is-passive\"><i class=\"fas fa-minus\"><\/i><\/span><\/a><\/span><\/div><div class=\"wp-block-getwid-accordion__content-wrapper\"><div class=\"wp-block-getwid-accordion__content\">\n<p>Provavelmente justo \u00e9 um conceito que permite aos apostadores ter tranquilidade ao apostar. Essencialmente, o jogo comprovadamente justo fornece um identificador exclusivo aos jogadores para provar a eles que cada resultado durante uma sess\u00e3o de jogo online foi \u00fanico e gerado aleatoriamente. Isso, como o nome sugere, prova que o jogo foi justo.<\/p>\n<\/div><\/div>\n\n\n\n<div class=\"wp-block-getwid-accordion__header-wrapper\"><span class=\"wp-block-getwid-accordion__header\"><a href=\"#\"><span class=\"wp-block-getwid-accordion__header-title\">Posso apostar com outras criptomoedas?<\/span><span class=\"wp-block-getwid-accordion__icon is-active\"><i class=\"fas fa-plus\"><\/i><\/span><span class=\"wp-block-getwid-accordion__icon is-passive\"><i class=\"fas fa-minus\"><\/i><\/span><\/a><\/span><\/div><div class=\"wp-block-getwid-accordion__content-wrapper\"><div class=\"wp-block-getwid-accordion__content\">\n<p>Muitos sites de cassino de bitcoin tamb\u00e9m oferecem apostas com outras criptomoedas. Isso inclui Litecoin, Ethereum, Dogecoin e muitas outras altcoins. Em alguns casos, um cassino at\u00e9 oferece um b\u00f4nus de dep\u00f3sito equivalente com essas altcoins que ofereceram com bitcoin.<\/p>\n<\/div><\/div>\n<\/div>\n<\/div><\/div>\n<\/div><\/div><\/div><\/div><\/div>\n","protected":false},"excerpt":{"rendered":"","protected":false},"author":1,"featured_media":0,"parent":0,"menu_order":0,"comment_status":"closed","ping_status":"closed","template":"page-no-sidebar.php","meta":{"_acf_changed":false,"inline_featured_image":false,"footnotes":""},"class_list":["post-377","page","type-page","status-publish","hentry"],"acf":[],"yoast_head":"<!-- This site is optimized with the Yoast SEO plugin v25.7 - https:\/\/yoast.com\/wordpress\/plugins\/seo\/ -->\n<title>Diret\u00f3rio de jogos de cassino Bitcoin - Clovr Portugu\u00eas<\/title>\n<meta name=\"robots\" content=\"index, follow, max-snippet:-1, max-image-preview:large, max-video-preview:-1\" \/>\n<link rel=\"canonical\" href=\"https:\/\/www.clovr.com\/br\/casino-games\/\" \/>\n<meta property=\"og:locale\" content=\"pt_BR\" \/>\n<meta property=\"og:type\" content=\"article\" \/>\n<meta property=\"og:title\" content=\"Diret\u00f3rio de jogos de cassino Bitcoin - Clovr Portugu\u00eas\" \/>\n<meta property=\"og:url\" content=\"https:\/\/www.clovr.com\/br\/casino-games\/\" \/>\n<meta property=\"og:site_name\" content=\"Clovr Portugu\u00eas\" \/>\n<meta property=\"article:modified_time\" content=\"2025-07-03T14:00:07+00:00\" \/>\n<meta property=\"og:image\" content=\"https:\/\/www.clovr.com\/br\/wp-content\/uploads\/sites\/2\/2023\/04\/Poker.png\" \/>\n\t<meta property=\"og:image:width\" content=\"500\" \/>\n\t<meta property=\"og:image:height\" content=\"500\" \/>\n\t<meta property=\"og:image:type\" content=\"image\/png\" \/>\n<meta name=\"twitter:card\" content=\"summary_large_image\" \/>\n<meta name=\"twitter:label1\" content=\"Est. tempo de leitura\" \/>\n\t<meta name=\"twitter:data1\" content=\"9 minutos\" \/>\n<script type=\"application\/ld+json\" class=\"yoast-schema-graph\">{\"@context\":\"https:\/\/schema.org\",\"@graph\":[{\"@type\":\"WebPage\",\"@id\":\"https:\/\/www.clovr.com\/br\/casino-games\/\",\"url\":\"https:\/\/www.clovr.com\/br\/casino-games\/\",\"name\":\"Diret\u00f3rio de jogos de cassino Bitcoin - Clovr Portugu\u00eas\",\"isPartOf\":{\"@id\":\"https:\/\/www.clovr.com\/br\/#website\"},\"primaryImageOfPage\":{\"@id\":\"https:\/\/www.clovr.com\/br\/casino-games\/#primaryimage\"},\"image\":{\"@id\":\"https:\/\/www.clovr.com\/br\/casino-games\/#primaryimage\"},\"thumbnailUrl\":\"https:\/\/www.clovr.com\/wp-content\/uploads\/2023\/04\/Poker.png\",\"datePublished\":\"2023-03-30T22:08:26+00:00\",\"dateModified\":\"2025-07-03T14:00:07+00:00\",\"breadcrumb\":{\"@id\":\"https:\/\/www.clovr.com\/br\/casino-games\/#breadcrumb\"},\"inLanguage\":\"pt-BR\",\"potentialAction\":[{\"@type\":\"ReadAction\",\"target\":[\"https:\/\/www.clovr.com\/br\/casino-games\/\"]}]},{\"@type\":\"ImageObject\",\"inLanguage\":\"pt-BR\",\"@id\":\"https:\/\/www.clovr.com\/br\/casino-games\/#primaryimage\",\"url\":\"https:\/\/www.clovr.com\/wp-content\/uploads\/2023\/04\/Poker.png\",\"contentUrl\":\"https:\/\/www.clovr.com\/wp-content\/uploads\/2023\/04\/Poker.png\"},{\"@type\":\"BreadcrumbList\",\"@id\":\"https:\/\/www.clovr.com\/br\/casino-games\/#breadcrumb\",\"itemListElement\":[{\"@type\":\"ListItem\",\"position\":1,\"name\":\"Home\",\"item\":\"https:\/\/www.clovr.com\/br\/\"},{\"@type\":\"ListItem\",\"position\":2,\"name\":\"Diret\u00f3rio de jogos de cassino Bitcoin\"}]},{\"@type\":\"WebSite\",\"@id\":\"https:\/\/www.clovr.com\/br\/#website\",\"url\":\"https:\/\/www.clovr.com\/br\/\",\"name\":\"Clovr Portugu\u00eas\",\"description\":\"\",\"publisher\":{\"@id\":\"https:\/\/www.clovr.com\/br\/#organization\"},\"potentialAction\":[{\"@type\":\"SearchAction\",\"target\":{\"@type\":\"EntryPoint\",\"urlTemplate\":\"https:\/\/www.clovr.com\/br\/?s={search_term_string}\"},\"query-input\":{\"@type\":\"PropertyValueSpecification\",\"valueRequired\":true,\"valueName\":\"search_term_string\"}}],\"inLanguage\":\"pt-BR\"},{\"@type\":\"Organization\",\"@id\":\"https:\/\/www.clovr.com\/br\/#organization\",\"name\":\"Clovr Portugu\u00eas\",\"url\":\"https:\/\/www.clovr.com\/br\/\",\"logo\":{\"@type\":\"ImageObject\",\"inLanguage\":\"pt-BR\",\"@id\":\"https:\/\/www.clovr.com\/br\/#\/schema\/logo\/image\/\",\"url\":\"https:\/\/www.clovr.com\/br\/wp-content\/uploads\/sites\/2\/2023\/04\/clovr@2x.png\",\"contentUrl\":\"https:\/\/www.clovr.com\/br\/wp-content\/uploads\/sites\/2\/2023\/04\/clovr@2x.png\",\"width\":932,\"height\":240,\"caption\":\"Clovr Portugu\u00eas\"},\"image\":{\"@id\":\"https:\/\/www.clovr.com\/br\/#\/schema\/logo\/image\/\"}}]}<\/script>\n<!-- \/ Yoast SEO plugin. -->","yoast_head_json":{"title":"Diret\u00f3rio de jogos de cassino Bitcoin - Clovr Portugu\u00eas","robots":{"index":"index","follow":"follow","max-snippet":"max-snippet:-1","max-image-preview":"max-image-preview:large","max-video-preview":"max-video-preview:-1"},"canonical":"https:\/\/www.clovr.com\/br\/casino-games\/","og_locale":"pt_BR","og_type":"article","og_title":"Diret\u00f3rio de jogos de cassino Bitcoin - Clovr Portugu\u00eas","og_url":"https:\/\/www.clovr.com\/br\/casino-games\/","og_site_name":"Clovr Portugu\u00eas","article_modified_time":"2025-07-03T14:00:07+00:00","og_image":[{"width":500,"height":500,"url":"https:\/\/www.clovr.com\/br\/wp-content\/uploads\/sites\/2\/2023\/04\/Poker.png","type":"image\/png"}],"twitter_card":"summary_large_image","twitter_misc":{"Est. tempo de leitura":"9 minutos"},"schema":{"@context":"https:\/\/schema.org","@graph":[{"@type":"WebPage","@id":"https:\/\/www.clovr.com\/br\/casino-games\/","url":"https:\/\/www.clovr.com\/br\/casino-games\/","name":"Diret\u00f3rio de jogos de cassino Bitcoin - Clovr Portugu\u00eas","isPartOf":{"@id":"https:\/\/www.clovr.com\/br\/#website"},"primaryImageOfPage":{"@id":"https:\/\/www.clovr.com\/br\/casino-games\/#primaryimage"},"image":{"@id":"https:\/\/www.clovr.com\/br\/casino-games\/#primaryimage"},"thumbnailUrl":"https:\/\/www.clovr.com\/wp-content\/uploads\/2023\/04\/Poker.png","datePublished":"2023-03-30T22:08:26+00:00","dateModified":"2025-07-03T14:00:07+00:00","breadcrumb":{"@id":"https:\/\/www.clovr.com\/br\/casino-games\/#breadcrumb"},"inLanguage":"pt-BR","potentialAction":[{"@type":"ReadAction","target":["https:\/\/www.clovr.com\/br\/casino-games\/"]}]},{"@type":"ImageObject","inLanguage":"pt-BR","@id":"https:\/\/www.clovr.com\/br\/casino-games\/#primaryimage","url":"https:\/\/www.clovr.com\/wp-content\/uploads\/2023\/04\/Poker.png","contentUrl":"https:\/\/www.clovr.com\/wp-content\/uploads\/2023\/04\/Poker.png"},{"@type":"BreadcrumbList","@id":"https:\/\/www.clovr.com\/br\/casino-games\/#breadcrumb","itemListElement":[{"@type":"ListItem","position":1,"name":"Home","item":"https:\/\/www.clovr.com\/br\/"},{"@type":"ListItem","position":2,"name":"Diret\u00f3rio de jogos de cassino Bitcoin"}]},{"@type":"WebSite","@id":"https:\/\/www.clovr.com\/br\/#website","url":"https:\/\/www.clovr.com\/br\/","name":"Clovr Portugu\u00eas","description":"","publisher":{"@id":"https:\/\/www.clovr.com\/br\/#organization"},"potentialAction":[{"@type":"SearchAction","target":{"@type":"EntryPoint","urlTemplate":"https:\/\/www.clovr.com\/br\/?s={search_term_string}"},"query-input":{"@type":"PropertyValueSpecification","valueRequired":true,"valueName":"search_term_string"}}],"inLanguage":"pt-BR"},{"@type":"Organization","@id":"https:\/\/www.clovr.com\/br\/#organization","name":"Clovr Portugu\u00eas","url":"https:\/\/www.clovr.com\/br\/","logo":{"@type":"ImageObject","inLanguage":"pt-BR","@id":"https:\/\/www.clovr.com\/br\/#\/schema\/logo\/image\/","url":"https:\/\/www.clovr.com\/br\/wp-content\/uploads\/sites\/2\/2023\/04\/clovr@2x.png","contentUrl":"https:\/\/www.clovr.com\/br\/wp-content\/uploads\/sites\/2\/2023\/04\/clovr@2x.png","width":932,"height":240,"caption":"Clovr Portugu\u00eas"},"image":{"@id":"https:\/\/www.clovr.com\/br\/#\/schema\/logo\/image\/"}}]}},"_links":{"self":[{"href":"https:\/\/www.clovr.com\/br\/wp-json\/wp\/v2\/pages\/377","targetHints":{"allow":["GET"]}}],"collection":[{"href":"https:\/\/www.clovr.com\/br\/wp-json\/wp\/v2\/pages"}],"about":[{"href":"https:\/\/www.clovr.com\/br\/wp-json\/wp\/v2\/types\/page"}],"author":[{"embeddable":true,"href":"https:\/\/www.clovr.com\/br\/wp-json\/wp\/v2\/users\/1"}],"replies":[{"embeddable":true,"href":"https:\/\/www.clovr.com\/br\/wp-json\/wp\/v2\/comments?post=377"}],"version-history":[{"count":6,"href":"https:\/\/www.clovr.com\/br\/wp-json\/wp\/v2\/pages\/377\/revisions"}],"predecessor-version":[{"id":1852,"href":"https:\/\/www.clovr.com\/br\/wp-json\/wp\/v2\/pages\/377\/revisions\/1852"}],"wp:attachment":[{"href":"https:\/\/www.clovr.com\/br\/wp-json\/wp\/v2\/media?parent=377"}],"curies":[{"name":"wp","href":"https:\/\/api.w.org\/{rel}","templated":true}]}}