{"id":4,"date":"2023-03-30T22:08:32","date_gmt":"2023-03-30T22:08:32","guid":{"rendered":"https:\/\/www.clovr.com\/?page_id=4"},"modified":"2023-06-20T16:10:14","modified_gmt":"2023-06-20T16:10:14","slug":"terms","status":"publish","type":"page","link":"https:\/\/www.clovr.com\/br\/terms\/","title":{"rendered":"Termos de servi\u00e7o"},"content":{"rendered":"\n<p>Clovr.com \u00e9 um site oficial que fornece aos leitores informa\u00e7\u00f5es relacionadas a uma variedade de t\u00f3picos relacionados \u00e0 ind\u00fastria de cassinos. O objetivo da nossa empresa \u00e9 fornecer aos consumidores informa\u00e7\u00f5es factuais e precisas relacionadas a v\u00e1rios sites de cassino, not\u00edcias de eventos do setor, detalhes sobre jogos de cassino e artigos adicionais relacionados que possam ser aplic\u00e1veis. Oferecemos an\u00e1lises de clientes das principais marcas de cassinos online e anunciamos determinados cassinos online. Somos um site informativo e n\u00e3o um operador de cassino. Portanto, n\u00e3o temos uma plataforma de cassino online para jogar ou nenhum dos detalhes de sua conta de cassino.<\/p>\n\n\n\n<p>Nosso conte\u00fado e artigos apresentados em nosso site s\u00e3o apresentados apenas com o objetivo de trazer informa\u00e7\u00f5es aos jogadores e para anunciar parcerias. Embora nos esforcemos para garantir que as informa\u00e7\u00f5es apresentadas sejam precisas e atuais, n\u00e3o podemos garantir que essas informa\u00e7\u00f5es ainda sejam relevantes ou possam ter mudado desde a postagem e, portanto, n\u00e3o somos respons\u00e1veis por nenhuma informa\u00e7\u00e3o apresentada no Clovr.com. \u00c9 responsabilidade do leitor usar as informa\u00e7\u00f5es que fornecemos com total discri\u00e7\u00e3o e realizar qualquer dilig\u00eancia adicional antes de aceitar qualquer oferta que possa ser apresentada no site Clovr.com.<\/p>\n\n\n\n<p>Todas as informa\u00e7\u00f5es publicadas neste site s\u00e3o protegidas por direitos autorais, portanto, por lei, voc\u00ea n\u00e3o pode republicar e\/ou distribuir essas informa\u00e7\u00f5es para qualquer finalidade. Se voc\u00ea quiser reproduzir qualquer informa\u00e7\u00e3o apresentada aqui, voc\u00ea s\u00f3 pode faz\u00ea-lo com o consentimento por escrito da Clovr.com. Se voc\u00ea violar estes termos, nos reservamos o direito de tomar medidas legais contra voc\u00ea.<\/p>\n\n\n\n<p>Todas as informa\u00e7\u00f5es fornecidas neste site s\u00e3o fornecidas sem garantia e n\u00e3o s\u00e3o um guia legal. \u00c9 responsabilidade do leitor manter-se informado sobre not\u00edcias relacionadas ao setor e eventos atuais em rela\u00e7\u00e3o \u00e0 legalidade do jogo online em seu local de resid\u00eancia. Antes de jogar em qualquer um dos cassinos mencionados no Clovr.com com dinheiro real, \u00e9 sua responsabilidade verificar a legalidade do seu pa\u00eds ou jurisdi\u00e7\u00e3o do estado, incluindo quaisquer impostos aplic\u00e1veis.<\/p>\n\n\n\n<p>Clovr.com n\u00e3o oferece nenhuma garantia expressa ou impl\u00edcita em rela\u00e7\u00e3o a ganhos ou perdas potenciais nos cassinos mencionados no site. Incentivamos todos os nossos leitores a jogar com responsabilidade e, \u00e9 claro, aproveitar sua experi\u00eancia!<\/p>\n\n\n\n<p>Reservamo-nos o direito de alterar ou corrigir qualquer informa\u00e7\u00e3o publicada em qualquer lugar do nosso site sem aviso pr\u00e9vio, incluindo, entre outros: artigos, links, material de marketing, promo\u00e7\u00f5es e termos, incluindo aqueles fornecidos por nossos parceiros de publicidade.<\/p>\n\n\n\n<p>Clovr.com n\u00e3o se responsabiliza pela precis\u00e3o ou quaisquer altera\u00e7\u00f5es feitas em nosso site que digam respeito a um cassino ou anunciante em particular. N\u00f3s nos esfor\u00e7amos para informar nossos leitores sempre que poss\u00edvel se ou quando quaisquer altera\u00e7\u00f5es forem feitas por nossos cassinos em destaque. No entanto, \u00e9 sua responsabilidade manter-se informado sobre quaisquer altera\u00e7\u00f5es e verificar regularmente os Termos e Condi\u00e7\u00f5es, bem como os b\u00f4nus oferecidos por qualquer cassino antes de aceit\u00e1-los.<\/p>\n\n\n\n<p>Clovr.com n\u00e3o se responsabiliza nem garante que o software que analisamos em nosso site esteja livre de v\u00edrus de computador, erros ou resulte em qualquer outra complica\u00e7\u00e3o ao fazer o download para o seu computador, isso tamb\u00e9m inclui qualquer outro software apresentado por Clovr.com ou qualquer software adicional fornecido por terceiros.<\/p>\n\n\n\n<p><strong>Data da \u00faltima modifica\u00e7\u00e3o: 13 de dezembro de 2019<\/strong><\/p>\n","protected":false},"excerpt":{"rendered":"<p>Clovr.com \u00e9 um site oficial que fornece aos leitores informa\u00e7\u00f5es relacionadas a uma variedade de t\u00f3picos relacionados \u00e0 ind\u00fastria de cassinos. O objetivo da nossa empresa \u00e9 fornecer aos consumidores informa\u00e7\u00f5es factuais e precisas relacionadas a v\u00e1rios sites de cassino, not\u00edcias de eventos do setor, detalhes sobre jogos de cassino e artigos adicionais relacionados que [&hellip;]<\/p>\n","protected":false},"author":1,"featured_media":0,"parent":0,"menu_order":0,"comment_status":"closed","ping_status":"closed","template":"page-full-width.php","meta":{"_acf_changed":false,"inline_featured_image":false,"footnotes":""},"class_list":["post-4","page","type-page","status-publish","hentry"],"acf":[],"yoast_head":"<!-- This site is optimized with the Yoast SEO plugin v25.7 - https:\/\/yoast.com\/wordpress\/plugins\/seo\/ -->\n<title>Termos de servi\u00e7o - Clovr Portugu\u00eas<\/title>\n<meta name=\"robots\" content=\"index, follow, max-snippet:-1, max-image-preview:large, max-video-preview:-1\" \/>\n<link rel=\"canonical\" href=\"https:\/\/www.clovr.com\/br\/terms\/\" \/>\n<meta property=\"og:locale\" content=\"pt_BR\" \/>\n<meta property=\"og:type\" content=\"article\" \/>\n<meta property=\"og:title\" content=\"Termos de servi\u00e7o - Clovr Portugu\u00eas\" \/>\n<meta property=\"og:description\" content=\"Clovr.com \u00e9 um site oficial que fornece aos leitores informa\u00e7\u00f5es relacionadas a uma variedade de t\u00f3picos relacionados \u00e0 ind\u00fastria de cassinos. O objetivo da nossa empresa \u00e9 fornecer aos consumidores informa\u00e7\u00f5es factuais e precisas relacionadas a v\u00e1rios sites de cassino, not\u00edcias de eventos do setor, detalhes sobre jogos de cassino e artigos adicionais relacionados que [&hellip;]\" \/>\n<meta property=\"og:url\" content=\"https:\/\/www.clovr.com\/br\/terms\/\" \/>\n<meta property=\"og:site_name\" content=\"Clovr Portugu\u00eas\" \/>\n<meta property=\"article:modified_time\" content=\"2023-06-20T16:10:14+00:00\" \/>\n<meta name=\"twitter:card\" content=\"summary_large_image\" \/>\n<meta name=\"twitter:label1\" content=\"Est. tempo de leitura\" \/>\n\t<meta name=\"twitter:data1\" content=\"3 minutos\" \/>\n<script type=\"application\/ld+json\" class=\"yoast-schema-graph\">{\"@context\":\"https:\/\/schema.org\",\"@graph\":[{\"@type\":\"WebPage\",\"@id\":\"https:\/\/www.clovr.com\/br\/terms\/\",\"url\":\"https:\/\/www.clovr.com\/br\/terms\/\",\"name\":\"Termos de servi\u00e7o - Clovr Portugu\u00eas\",\"isPartOf\":{\"@id\":\"https:\/\/www.clovr.com\/br\/#website\"},\"datePublished\":\"2023-03-30T22:08:32+00:00\",\"dateModified\":\"2023-06-20T16:10:14+00:00\",\"breadcrumb\":{\"@id\":\"https:\/\/www.clovr.com\/br\/terms\/#breadcrumb\"},\"inLanguage\":\"pt-BR\",\"potentialAction\":[{\"@type\":\"ReadAction\",\"target\":[\"https:\/\/www.clovr.com\/br\/terms\/\"]}]},{\"@type\":\"BreadcrumbList\",\"@id\":\"https:\/\/www.clovr.com\/br\/terms\/#breadcrumb\",\"itemListElement\":[{\"@type\":\"ListItem\",\"position\":1,\"name\":\"Home\",\"item\":\"https:\/\/www.clovr.com\/br\/\"},{\"@type\":\"ListItem\",\"position\":2,\"name\":\"Termos de servi\u00e7o\"}]},{\"@type\":\"WebSite\",\"@id\":\"https:\/\/www.clovr.com\/br\/#website\",\"url\":\"https:\/\/www.clovr.com\/br\/\",\"name\":\"Clovr Portugu\u00eas\",\"description\":\"\",\"publisher\":{\"@id\":\"https:\/\/www.clovr.com\/br\/#organization\"},\"potentialAction\":[{\"@type\":\"SearchAction\",\"target\":{\"@type\":\"EntryPoint\",\"urlTemplate\":\"https:\/\/www.clovr.com\/br\/?s={search_term_string}\"},\"query-input\":{\"@type\":\"PropertyValueSpecification\",\"valueRequired\":true,\"valueName\":\"search_term_string\"}}],\"inLanguage\":\"pt-BR\"},{\"@type\":\"Organization\",\"@id\":\"https:\/\/www.clovr.com\/br\/#organization\",\"name\":\"Clovr Portugu\u00eas\",\"url\":\"https:\/\/www.clovr.com\/br\/\",\"logo\":{\"@type\":\"ImageObject\",\"inLanguage\":\"pt-BR\",\"@id\":\"https:\/\/www.clovr.com\/br\/#\/schema\/logo\/image\/\",\"url\":\"https:\/\/www.clovr.com\/br\/wp-content\/uploads\/sites\/2\/2023\/04\/clovr@2x.png\",\"contentUrl\":\"https:\/\/www.clovr.com\/br\/wp-content\/uploads\/sites\/2\/2023\/04\/clovr@2x.png\",\"width\":932,\"height\":240,\"caption\":\"Clovr Portugu\u00eas\"},\"image\":{\"@id\":\"https:\/\/www.clovr.com\/br\/#\/schema\/logo\/image\/\"}}]}<\/script>\n<!-- \/ Yoast SEO plugin. -->","yoast_head_json":{"title":"Termos de servi\u00e7o - Clovr Portugu\u00eas","robots":{"index":"index","follow":"follow","max-snippet":"max-snippet:-1","max-image-preview":"max-image-preview:large","max-video-preview":"max-video-preview:-1"},"canonical":"https:\/\/www.clovr.com\/br\/terms\/","og_locale":"pt_BR","og_type":"article","og_title":"Termos de servi\u00e7o - Clovr Portugu\u00eas","og_description":"Clovr.com \u00e9 um site oficial que fornece aos leitores informa\u00e7\u00f5es relacionadas a uma variedade de t\u00f3picos relacionados \u00e0 ind\u00fastria de cassinos. O objetivo da nossa empresa \u00e9 fornecer aos consumidores informa\u00e7\u00f5es factuais e precisas relacionadas a v\u00e1rios sites de cassino, not\u00edcias de eventos do setor, detalhes sobre jogos de cassino e artigos adicionais relacionados que [&hellip;]","og_url":"https:\/\/www.clovr.com\/br\/terms\/","og_site_name":"Clovr Portugu\u00eas","article_modified_time":"2023-06-20T16:10:14+00:00","twitter_card":"summary_large_image","twitter_misc":{"Est. tempo de leitura":"3 minutos"},"schema":{"@context":"https:\/\/schema.org","@graph":[{"@type":"WebPage","@id":"https:\/\/www.clovr.com\/br\/terms\/","url":"https:\/\/www.clovr.com\/br\/terms\/","name":"Termos de servi\u00e7o - Clovr Portugu\u00eas","isPartOf":{"@id":"https:\/\/www.clovr.com\/br\/#website"},"datePublished":"2023-03-30T22:08:32+00:00","dateModified":"2023-06-20T16:10:14+00:00","breadcrumb":{"@id":"https:\/\/www.clovr.com\/br\/terms\/#breadcrumb"},"inLanguage":"pt-BR","potentialAction":[{"@type":"ReadAction","target":["https:\/\/www.clovr.com\/br\/terms\/"]}]},{"@type":"BreadcrumbList","@id":"https:\/\/www.clovr.com\/br\/terms\/#breadcrumb","itemListElement":[{"@type":"ListItem","position":1,"name":"Home","item":"https:\/\/www.clovr.com\/br\/"},{"@type":"ListItem","position":2,"name":"Termos de servi\u00e7o"}]},{"@type":"WebSite","@id":"https:\/\/www.clovr.com\/br\/#website","url":"https:\/\/www.clovr.com\/br\/","name":"Clovr Portugu\u00eas","description":"","publisher":{"@id":"https:\/\/www.clovr.com\/br\/#organization"},"potentialAction":[{"@type":"SearchAction","target":{"@type":"EntryPoint","urlTemplate":"https:\/\/www.clovr.com\/br\/?s={search_term_string}"},"query-input":{"@type":"PropertyValueSpecification","valueRequired":true,"valueName":"search_term_string"}}],"inLanguage":"pt-BR"},{"@type":"Organization","@id":"https:\/\/www.clovr.com\/br\/#organization","name":"Clovr Portugu\u00eas","url":"https:\/\/www.clovr.com\/br\/","logo":{"@type":"ImageObject","inLanguage":"pt-BR","@id":"https:\/\/www.clovr.com\/br\/#\/schema\/logo\/image\/","url":"https:\/\/www.clovr.com\/br\/wp-content\/uploads\/sites\/2\/2023\/04\/clovr@2x.png","contentUrl":"https:\/\/www.clovr.com\/br\/wp-content\/uploads\/sites\/2\/2023\/04\/clovr@2x.png","width":932,"height":240,"caption":"Clovr Portugu\u00eas"},"image":{"@id":"https:\/\/www.clovr.com\/br\/#\/schema\/logo\/image\/"}}]}},"_links":{"self":[{"href":"https:\/\/www.clovr.com\/br\/wp-json\/wp\/v2\/pages\/4","targetHints":{"allow":["GET"]}}],"collection":[{"href":"https:\/\/www.clovr.com\/br\/wp-json\/wp\/v2\/pages"}],"about":[{"href":"https:\/\/www.clovr.com\/br\/wp-json\/wp\/v2\/types\/page"}],"author":[{"embeddable":true,"href":"https:\/\/www.clovr.com\/br\/wp-json\/wp\/v2\/users\/1"}],"replies":[{"embeddable":true,"href":"https:\/\/www.clovr.com\/br\/wp-json\/wp\/v2\/comments?post=4"}],"version-history":[{"count":0,"href":"https:\/\/www.clovr.com\/br\/wp-json\/wp\/v2\/pages\/4\/revisions"}],"wp:attachment":[{"href":"https:\/\/www.clovr.com\/br\/wp-json\/wp\/v2\/media?parent=4"}],"curies":[{"name":"wp","href":"https:\/\/api.w.org\/{rel}","templated":true}]}}