{"id":956,"date":"2024-08-23T17:43:15","date_gmt":"2024-08-23T17:43:15","guid":{"rendered":"https:\/\/www.clovr.com\/br\/?page_id=956"},"modified":"2025-03-05T08:54:12","modified_gmt":"2025-03-05T08:54:12","slug":"cassino-com-bonus-sem-deposito","status":"publish","type":"page","link":"https:\/\/www.clovr.com\/br\/cassino-com-bonus-sem-deposito\/","title":{"rendered":"Best Casinos with No Deposit Bonuses in Abril 2026"},"content":{"rendered":"\n<p>Procurando uma chance de ganhar dinheiro real em cassinos online sem arriscar seu pr\u00f3prio dinheiro? Os b\u00f4nus sem dep\u00f3sito s\u00e3o a resposta. Vamos explorar os melhores cassinos que oferecem essa vantagem exclusiva em 2024.<\/p>\n\n\n\n<figure class=\"wp-block-table\"><table><thead><tr><th>Cassino<\/th><th>B\u00f4nus, ofertas e promo\u00e7\u00f5es<\/th><th>Propor\u00e7\u00e3o de vit\u00f3rias<\/th><th>C\u00f3digo de b\u00f4nus<\/th><\/tr><\/thead><tbody><tr><td>Stake<\/td><td>B\u00f4nus de boas-vindas de at\u00e9 R$ 500,00 para apostar + Sorteios semanais de R$ 75 mil<\/td><td>96.3<\/td><td><a href=\"https:\/\/track.bankrolls.com\/trk.php?t=3069&amp;c=6718\" target=\"_blank\" rel=\"noreferrer noopener\">Obter c\u00f3digo<\/a><\/td><\/tr><tr><td>mBit Casino<\/td><td>100% at\u00e9 1 BTC + 300 giros gr\u00e1tis<\/td><td>96.3<\/td><td>Obter C\u00f3digo<\/td><\/tr><tr><td>MetaSpins Casino<\/td><td>AT\u00c9 57% DE RAKEBACK<\/td><td>99,5<\/td><td><a href=\"https:\/\/track.bankrolls.com\/trk.php?t=2956&amp;c=6536\" target=\"_blank\" rel=\"noreferrer noopener\">Obter c\u00f3digo<\/a><\/td><\/tr><tr><td>Cloudbet Casino<\/td><td>B\u00d4NUS DE PRIMEIRO DEP\u00d3SITO 100% at\u00e9 5 BTC<\/td><td>97<\/td><td><a href=\"https:\/\/track.bankrolls.com\/trk.php?t=4036&amp;c=9206\" target=\"_blank\" rel=\"noreferrer noopener\">Obter c\u00f3digo<\/a><\/td><\/tr><tr><td>BcGame Casino<\/td><td>B\u00f4nus de Boas-Vindas de at\u00e9 220.000 BCD<\/td><td>98,35<\/td><td>Obter c\u00f3digo<\/td><\/tr><tr><td>LuckyTiger<\/td><td>B\u00f4nus de boas-vindas de 600% $6.000,00 nos 3 primeiros dep\u00f3sitos<\/td><td>98<\/td><td><a href=\"https:\/\/track.bankrolls.com\/trk.php?t=3900&amp;c=8797\" target=\"_blank\" rel=\"noreferrer noopener\">Obter c\u00f3digo<\/a><\/td><\/tr><\/tbody><\/table><\/figure>\n\n\n<!-- Start Offer Wall -->\n<div class=\"default offerwall offer-wall \" data-id=\"69ed08499d588\">\n\t\n\t\n\t\n\t<\/div>\n<!-- End Offer Wall -->\n\n\n<p>Vamos analisar cada um desses cassinos de criptomoedas em detalhes:<\/p>\n\n\n\n<h3 class=\"wp-block-heading\">Stake Casino<\/h3>\n\n\n    <div class=\"wp-block-image size-full image-align- image-block\" style=\"display:inherit;\">\r\n            <a href=\"https:\/\/track.bankrolls.com\/trk.php?t=3069&#038;c=6718\" target=\"_blank\" class=\" casino-review-header-cta popup-trigger-by-image owclick-image-link\" style=\"display:inherit;\" rel=\" noreferrer noopener\">\r\n        \r\n    <figure>\r\n        <picture>\r\n                                    <img loading=\"lazy\" decoding=\"async\" width=\"900\" height=\"463\" src=\"https:\/\/www.clovr.com\/br\/wp-content\/uploads\/sites\/2\/2024\/08\/stake-casino-pt-homepage-image.jpg\" alt=\"Stake Casino Pt Homepage Image\">\r\n        <\/picture>\r\n            <\/figure>\r\n    \r\n        \r\n    <\/a>\r\n            <\/div>\r\n        \n\n\n<p>O Stake Casino oferece ocasionalmente b\u00f4nus sem dep\u00f3sito na forma de giros gr\u00e1tis para novos jogadores. Para ativar, cadastre-se atrav\u00e9s do nosso link exclusivo e verifique a se\u00e7\u00e3o de promo\u00e7\u00f5es.&nbsp;<\/p>\n\n\n\n<p>Use os giros em <a class=\"wpil_keyword_link\" href=\"https:\/\/www.clovr.com\/br\/casino-games\/bitcoin-slots\/\" title=\"slots\" data-wpil-keyword-link=\"linked\" data-wpil-monitor-id=\"11\">slots<\/a> espec\u00edficos e cumpra os requisitos de aposta para sacar os ganhos. Fique atento \u00e0s notifica\u00e7\u00f5es por e-mail sobre ofertas exclusivas.<\/p>\n\n\n\n\n\n<h3 class=\"wp-block-heading\">mBit Casino<\/h3>\n\n\n    <div class=\"wp-block-image size-full image-align- image-block\" style=\"display:inherit;\">\r\n            <a href=\"\/offer-wall\/\" target=\"_blank\" class=\" casino-review-header-cta popup-trigger-by-image owclick-image-link\" style=\"display:inherit;\" rel=\" noreferrer noopener\">\r\n        \r\n    <figure>\r\n        <picture>\r\n                                    <img loading=\"lazy\" decoding=\"async\" width=\"900\" height=\"294\" src=\"https:\/\/www.clovr.com\/br\/wp-content\/uploads\/sites\/2\/2024\/07\/mbit-Casino-homepage.jpg\" alt=\"Mbit Casino Homepage\">\r\n        <\/picture>\r\n            <\/figure>\r\n    \r\n        \r\n    <\/a>\r\n            <\/div>\r\n        \n\n\n<p>O mBit Casino disponibiliza b\u00f4nus sem dep\u00f3sito de 50 giros gr\u00e1tis para novos usu\u00e1rios. Registre-se usando nosso link e o b\u00f4nus ser\u00e1 creditado automaticamente. Os giros podem ser usados em slots populares como \u201cBook of Dead\u201d.&nbsp;<\/p>\n\n\n\n<p>Para sacar, cumpra o requisito de aposta de 40x dentro de 7 dias. O saque m\u00e1ximo \u00e9 geralmente limitado a 0.004 BTC.<\/p>\n\n\n\n<h3 class=\"wp-block-heading\">MetaSpins Casino<\/h3>\n\n\n    <div class=\"wp-block-image size-full image-align- image-block\" style=\"display:inherit;\">\r\n            <a href=\"https:\/\/track.bankrolls.com\/trk.php?t=2956&#038;c=6536\" target=\"_blank\" class=\" casino-review-header-cta popup-trigger-by-image owclick-image-link\" style=\"display:inherit;\" rel=\" noreferrer noopener\">\r\n        \r\n    <figure>\r\n        <picture>\r\n                                    <img loading=\"lazy\" decoding=\"async\" width=\"900\" height=\"446\" src=\"https:\/\/www.clovr.com\/br\/wp-content\/uploads\/sites\/2\/2024\/08\/metaspins-casino-homepage-image.jpg\" alt=\"Metaspins Casino Homepage Image\">\r\n        <\/picture>\r\n            <\/figure>\r\n    \r\n        \r\n    <\/a>\r\n            <\/div>\r\n        \n\n\n<p>O MetaSpins Casino oferece 20 giros gr\u00e1tis sem dep\u00f3sito para novos jogadores. Ative o b\u00f4nus ao se cadastrar pelo nosso link exclusivo. Os giros s\u00e3o v\u00e1lidos para o slot \u201cStarburst\u201d.&nbsp;<\/p>\n\n\n\n<p>Cumpra o requisito de aposta de 35x nos ganhos dos giros dentro de 48 horas para poder sacar. O valor m\u00e1ximo de saque \u00e9 limitado a \u20ac50.<\/p>\n\n\n<!-- Start Offer Wall -->\n<div class=\"default offerwall offer-wall \" data-id=\"69ed0849a234b\">\n\t\n\t\n\t\n\t<\/div>\n<!-- End Offer Wall -->\n\n\n<h3 class=\"wp-block-heading\">Cloudbet Casino<\/h3>\n\n\n    <div class=\"wp-block-image size-full image-align- image-block\" style=\"display:inherit;\">\r\n            <a href=\"https:\/\/track.bankrolls.com\/trk.php?t=4036&#038;c=9206\" target=\"_blank\" class=\" casino-review-header-cta popup-trigger-by-image owclick-image-link\" style=\"display:inherit;\" rel=\" noreferrer noopener\">\r\n        \r\n    <figure>\r\n        <picture>\r\n                                    <img loading=\"lazy\" decoding=\"async\" width=\"900\" height=\"444\" src=\"https:\/\/www.clovr.com\/br\/wp-content\/uploads\/sites\/2\/2024\/08\/cloudbet-casino-br-homepage-image.jpg\" alt=\"Cloudbet Casino Br Homepage Image\">\r\n        <\/picture>\r\n            <\/figure>\r\n    \r\n        \r\n    <\/a>\r\n            <\/div>\r\n        \n\n\n<p>O Cloudbet Casino proporciona 20 giros gr\u00e1tis sem dep\u00f3sito para novos usu\u00e1rios. Para ativar, use nosso link ao se registrar e verifique seu e-mail.&nbsp;<\/p>\n\n\n\n<p>Os giros s\u00e3o v\u00e1lidos para o jogo \u201cBuffalo Power: Hold and Win\u201d. O requisito de aposta \u00e9 de 30x e deve ser cumprido em 7 dias. O saque m\u00e1ximo \u00e9 limitado a 0.002 BTC.<\/p>\n\n\n\n\n\n<h3 class=\"wp-block-heading\">BcGame Casino<\/h3>\n\n\n    <div class=\"wp-block-image size-full image-align- image-block\" style=\"display:inherit;\">\r\n            <a href=\"\/offer-wall\/\" target=\"_blank\" class=\" casino-review-header-cta popup-trigger-by-image owclick-image-link\" style=\"display:inherit;\" rel=\" noreferrer noopener\">\r\n        \r\n    <figure>\r\n        <picture>\r\n                                    <img loading=\"lazy\" decoding=\"async\" width=\"900\" height=\"421\" src=\"https:\/\/www.clovr.com\/br\/wp-content\/uploads\/sites\/2\/2024\/08\/bcgame-homepage.jpg\" alt=\"Bcgame Homepage\">\r\n        <\/picture>\r\n            <\/figure>\r\n    \r\n        \r\n    <\/a>\r\n            <\/div>\r\n        \n\n\n<p>O BcGame Casino oferece um b\u00f4nus sem dep\u00f3sito de 1 USD em cr\u00e9ditos de jogo. Cadastre-se atrav\u00e9s do nosso link e o b\u00f4nus ser\u00e1 creditado automaticamente.&nbsp;<\/p>\n\n\n\n<p>Use o cr\u00e9dito em qualquer jogo do cassino. O requisito de aposta \u00e9 de 50x e deve ser cumprido em 24 horas. O saque m\u00e1ximo \u00e9 limitado a 5 USD.<\/p>\n\n\n\n<h3 class=\"wp-block-heading\">LuckyTiger Casino<\/h3>\n\n\n    <div class=\"wp-block-image size-full image-align- image-block\" style=\"display:inherit;\">\r\n            <a href=\"https:\/\/track.bankrolls.com\/trk.php?t=3900&#038;c=8797\" target=\"_blank\" class=\" casino-review-header-cta popup-trigger-by-image owclick-image-link\" style=\"display:inherit;\" rel=\" noreferrer noopener\">\r\n        \r\n    <figure>\r\n        <picture>\r\n                                    <img loading=\"lazy\" decoding=\"async\" width=\"1024\" height=\"506\" src=\"https:\/\/www.clovr.com\/br\/wp-content\/uploads\/sites\/2\/2024\/08\/lucky-tiger-casino-homepage-image.jpg\" alt=\"Lucky Tiger Casino Homepage Image\">\r\n        <\/picture>\r\n            <\/figure>\r\n    \r\n        \r\n    <\/a>\r\n            <\/div>\r\n        \n\n\n<p>O LuckyTiger Casino disponibiliza 50 giros gr\u00e1tis sem dep\u00f3sito para novos jogadores. Ative o b\u00f4nus ao se registrar com nosso link exclusivo.&nbsp;<\/p>\n\n\n\n<p>Os giros s\u00e3o v\u00e1lidos para o slot \u201c777 Deluxe\u201d. Cumpra o requisito de aposta de 45x nos ganhos dos giros dentro de 5 dias. O valor m\u00e1ximo de saque \u00e9 limitado a $100.<\/p>\n\n\n\n<p>Lembre-se de que as ofertas de b\u00f4nus sem dep\u00f3sito podem mudar com frequ\u00eancia. Sempre verifique os termos e condi\u00e7\u00f5es atualizados no site do cassino antes de ativar qualquer b\u00f4nus.&nbsp;<\/p>\n\n\n\n<p>Para garantir acesso \u00e0s melhores ofertas, recomendamos usar nossos links exclusivos ao se cadastrar em qualquer um desses cassinos de criptomoedas.<\/p>\n\n\n\n\n\n<h2 class=\"wp-block-heading\">Como Funcionam os Cassinos com B\u00f4nus sem Dep\u00f3sito<\/h2>\n\n\n\n<p>B\u00f4nus sem dep\u00f3sito s\u00e3o ofertas gratuitas fornecidas pelos cassinos online aos novos jogadores, sem exigir uma recarga inicial. Eles podem vir na forma de:<\/p>\n\n\n\n<ul class=\"wp-block-list\">\n<li>Cr\u00e9ditos gratuitos para jogar;<\/li>\n\n\n\n<li>Giros gr\u00e1tis em slots espec\u00edficos;<\/li>\n\n\n\n<li>Fichas para jogos de mesa.<\/li>\n<\/ul>\n\n\n\n<p>Essas ofertas permitem que voc\u00ea teste os jogos e a plataforma sem risco financeiro, com a chance de ganhar dinheiro real.<\/p>\n\n\n\n<h2 class=\"wp-block-heading\">Como Resgatar B\u00f4nus sem Dep\u00f3sito no Cadastro<\/h2>\n\n\n\n<p>Para aproveitar um b\u00f4nus sem dep\u00f3sito, siga estes passos:<\/p>\n\n\n\n<ol class=\"wp-block-list\">\n<li>Escolha um cassino da nossa lista e clique no link exclusivo;<\/li>\n\n\n\n<li>Complete o processo de registro com suas informa\u00e7\u00f5es;<\/li>\n\n\n\n<li>Verifique sua conta, se necess\u00e1rio;<\/li>\n\n\n\n<li>O b\u00f4nus ser\u00e1 creditado automaticamente ou atrav\u00e9s de um c\u00f3digo promocional;<\/li>\n\n\n\n<li>Comece a jogar com seu b\u00f4nus gratuito.<\/li>\n<\/ol>\n\n\n\n<p>Lembre-se de ler os termos e condi\u00e7\u00f5es, pois geralmente h\u00e1 requisitos de apostas e limites de saque associados a esses b\u00f4nus.<\/p>\n\n\n\n<h2 class=\"wp-block-heading\">Perguntas Frequentes sobre Cassinos com B\u00f4nus sem Dep\u00f3sito<\/h2>\n\n\n\n<div class=\"wp-block-getwid-accordion has-icon-left\" data-active-element=\"none\">\n<div class=\"wp-block-getwid-accordion__header-wrapper\"><span class=\"wp-block-getwid-accordion__header\"><a href=\"#\"><span class=\"wp-block-getwid-accordion__header-title\">O que \u00e9 um b\u00f4nus sem dep\u00f3sito em cassinos online?<\/span><span class=\"wp-block-getwid-accordion__icon is-active\"><i class=\"fas fa-plus\"><\/i><\/span><span class=\"wp-block-getwid-accordion__icon is-passive\"><i class=\"fas fa-minus\"><\/i><\/span><\/a><\/span><\/div><div class=\"wp-block-getwid-accordion__content-wrapper\"><div class=\"wp-block-getwid-accordion__content\">\n<p>\u00c9 uma oferta gratuita que permite jogar e ganhar dinheiro real sem fazer um dep\u00f3sito inicial.<\/p>\n<\/div><\/div>\n\n\n\n<div class=\"wp-block-getwid-accordion__header-wrapper\"><span class=\"wp-block-getwid-accordion__header\"><a href=\"#\"><span class=\"wp-block-getwid-accordion__header-title\">Como posso sacar os ganhos obtidos com b\u00f4nus sem dep\u00f3sito?<\/span><span class=\"wp-block-getwid-accordion__icon is-active\"><i class=\"fas fa-plus\"><\/i><\/span><span class=\"wp-block-getwid-accordion__icon is-passive\"><i class=\"fas fa-minus\"><\/i><\/span><\/a><\/span><\/div><div class=\"wp-block-getwid-accordion__content-wrapper\"><div class=\"wp-block-getwid-accordion__content\">\n<p>Geralmente, \u00e9 necess\u00e1rio cumprir requisitos de apostas e, \u00e0s vezes, fazer um dep\u00f3sito m\u00ednimo antes de solicitar um saque.<\/p>\n<\/div><\/div>\n\n\n\n<div class=\"wp-block-getwid-accordion__header-wrapper\"><span class=\"wp-block-getwid-accordion__header\"><a href=\"#\"><span class=\"wp-block-getwid-accordion__header-title\">Quais jogos s\u00e3o eleg\u00edveis para usar b\u00f4nus sem dep\u00f3sito?<\/span><span class=\"wp-block-getwid-accordion__icon is-active\"><i class=\"fas fa-plus\"><\/i><\/span><span class=\"wp-block-getwid-accordion__icon is-passive\"><i class=\"fas fa-minus\"><\/i><\/span><\/a><\/span><\/div><div class=\"wp-block-getwid-accordion__content-wrapper\"><div class=\"wp-block-getwid-accordion__content\">\n<p>Isso varia conforme o cassino, mas geralmente incluem slots espec\u00edficos e, \u00e0s vezes, jogos de mesa selecionados.<\/p>\n<\/div><\/div>\n\n\n\n<div class=\"wp-block-getwid-accordion__header-wrapper\"><span class=\"wp-block-getwid-accordion__header\"><a href=\"#\"><span class=\"wp-block-getwid-accordion__header-title\">Todos os cassinos oferecem b\u00f4nus sem dep\u00f3sito no cadastro?<\/span><span class=\"wp-block-getwid-accordion__icon is-active\"><i class=\"fas fa-plus\"><\/i><\/span><span class=\"wp-block-getwid-accordion__icon is-passive\"><i class=\"fas fa-minus\"><\/i><\/span><\/a><\/span><\/div><div class=\"wp-block-getwid-accordion__content-wrapper\"><div class=\"wp-block-getwid-accordion__content\">\n<p>N\u00e3o, nem todos os cassinos oferecem esse tipo de b\u00f4nus. \u00c9 uma oferta especial encontrada em cassinos selecionados.<\/p>\n<\/div><\/div>\n\n\n\n<div class=\"wp-block-getwid-accordion__header-wrapper\"><span class=\"wp-block-getwid-accordion__header\"><a href=\"#\"><span class=\"wp-block-getwid-accordion__header-title\">Qual \u00e9 o melhor cassino com b\u00f4nus sem dep\u00f3sito em 2024?<\/span><span class=\"wp-block-getwid-accordion__icon is-active\"><i class=\"fas fa-plus\"><\/i><\/span><span class=\"wp-block-getwid-accordion__icon is-passive\"><i class=\"fas fa-minus\"><\/i><\/span><\/a><\/span><\/div><div class=\"wp-block-getwid-accordion__content-wrapper\"><div class=\"wp-block-getwid-accordion__content\">\n<p>Com base em nossa an\u00e1lise, o mBit Casino se destaca pela frequ\u00eancia e variedade de suas ofertas sem dep\u00f3sito.<\/p>\n\n\n\n<p>Lembre-se, voc\u00ea tamb\u00e9m pode experimentar outros cassinos de criptomoedas que oferecem b\u00f4nus atrativos. Jogue com responsabilidade e boa sorte!<\/p>\n<\/div><\/div>\n<\/div>\n","protected":false},"excerpt":{"rendered":"<p>Procurando uma chance de ganhar dinheiro real em cassinos online sem arriscar seu pr\u00f3prio dinheiro? Os b\u00f4nus sem dep\u00f3sito s\u00e3o a resposta. Vamos explorar os melhores cassinos que oferecem essa vantagem exclusiva em 2024. Cassino B\u00f4nus, ofertas e promo\u00e7\u00f5es Propor\u00e7\u00e3o de vit\u00f3rias C\u00f3digo de b\u00f4nus Stake B\u00f4nus de boas-vindas de at\u00e9 R$ 500,00 para apostar [&hellip;]<\/p>\n","protected":false},"author":13,"featured_media":0,"parent":0,"menu_order":0,"comment_status":"closed","ping_status":"closed","template":"","meta":{"_acf_changed":false,"inline_featured_image":false,"footnotes":""},"class_list":["post-956","page","type-page","status-publish","hentry"],"acf":[],"yoast_head":"<!-- This site is optimized with the Yoast SEO plugin v25.7 - https:\/\/yoast.com\/wordpress\/plugins\/seo\/ -->\n<title>Top 6 Cassinos com B\u00f4nus sem Dep\u00f3sito em abril 2026 | Clovr<\/title>\n<meta name=\"description\" content=\"Descubra os melhores cassinos online com b\u00f4nus sem dep\u00f3sito em abril 2026. Jogue gr\u00e1tis, ganhe dinheiro real e conhe\u00e7a as ofertas exclusivas.\" \/>\n<meta name=\"robots\" content=\"index, follow, max-snippet:-1, max-image-preview:large, max-video-preview:-1\" \/>\n<link rel=\"canonical\" href=\"https:\/\/www.clovr.com\/br\/cassino-com-bonus-sem-deposito\/\" \/>\n<meta property=\"og:locale\" content=\"pt_BR\" \/>\n<meta property=\"og:type\" content=\"article\" \/>\n<meta property=\"og:title\" content=\"Top 6 Cassinos com B\u00f4nus sem Dep\u00f3sito em abril 2026 | Clovr\" \/>\n<meta property=\"og:description\" content=\"Descubra os melhores cassinos online com b\u00f4nus sem dep\u00f3sito em abril 2026. Jogue gr\u00e1tis, ganhe dinheiro real e conhe\u00e7a as ofertas exclusivas.\" \/>\n<meta property=\"og:url\" content=\"https:\/\/www.clovr.com\/br\/cassino-com-bonus-sem-deposito\/\" \/>\n<meta property=\"og:site_name\" content=\"Clovr Portugu\u00eas\" \/>\n<meta property=\"article:modified_time\" content=\"2025-03-05T08:54:12+00:00\" \/>\n<meta property=\"og:image\" content=\"https:\/\/www.clovr.com\/br\/wp-content\/uploads\/sites\/2\/2024\/08\/stake-casino-pt-homepage-image.jpg\" \/>\n<meta name=\"twitter:card\" content=\"summary_large_image\" \/>\n<meta name=\"twitter:label1\" content=\"Est. tempo de leitura\" \/>\n\t<meta name=\"twitter:data1\" content=\"6 minutos\" \/>\n<script type=\"application\/ld+json\" class=\"yoast-schema-graph\">{\"@context\":\"https:\/\/schema.org\",\"@graph\":[{\"@type\":\"WebPage\",\"@id\":\"https:\/\/www.clovr.com\/br\/cassino-com-bonus-sem-deposito\/\",\"url\":\"https:\/\/www.clovr.com\/br\/cassino-com-bonus-sem-deposito\/\",\"name\":\"Top 6 Cassinos com B\u00f4nus sem Dep\u00f3sito em abril 2026 | Clovr\",\"isPartOf\":{\"@id\":\"https:\/\/www.clovr.com\/br\/#website\"},\"primaryImageOfPage\":{\"@id\":\"https:\/\/www.clovr.com\/br\/cassino-com-bonus-sem-deposito\/#primaryimage\"},\"image\":{\"@id\":\"https:\/\/www.clovr.com\/br\/cassino-com-bonus-sem-deposito\/#primaryimage\"},\"thumbnailUrl\":\"https:\/\/www.clovr.com\/br\/wp-content\/uploads\/sites\/2\/2024\/08\/stake-casino-pt-homepage-image.jpg\",\"datePublished\":\"2024-08-23T17:43:15+00:00\",\"dateModified\":\"2025-03-05T08:54:12+00:00\",\"description\":\"Descubra os melhores cassinos online com b\u00f4nus sem dep\u00f3sito em abril 2026. Jogue gr\u00e1tis, ganhe dinheiro real e conhe\u00e7a as ofertas exclusivas.\",\"breadcrumb\":{\"@id\":\"https:\/\/www.clovr.com\/br\/cassino-com-bonus-sem-deposito\/#breadcrumb\"},\"inLanguage\":\"pt-BR\",\"potentialAction\":[{\"@type\":\"ReadAction\",\"target\":[\"https:\/\/www.clovr.com\/br\/cassino-com-bonus-sem-deposito\/\"]}]},{\"@type\":\"ImageObject\",\"inLanguage\":\"pt-BR\",\"@id\":\"https:\/\/www.clovr.com\/br\/cassino-com-bonus-sem-deposito\/#primaryimage\",\"url\":\"https:\/\/www.clovr.com\/br\/wp-content\/uploads\/sites\/2\/2024\/08\/stake-casino-pt-homepage-image.jpg\",\"contentUrl\":\"https:\/\/www.clovr.com\/br\/wp-content\/uploads\/sites\/2\/2024\/08\/stake-casino-pt-homepage-image.jpg\",\"width\":900,\"height\":463,\"caption\":\"Stake Casino Pt Homepage Image\"},{\"@type\":\"BreadcrumbList\",\"@id\":\"https:\/\/www.clovr.com\/br\/cassino-com-bonus-sem-deposito\/#breadcrumb\",\"itemListElement\":[{\"@type\":\"ListItem\",\"position\":1,\"name\":\"Home\",\"item\":\"https:\/\/www.clovr.com\/br\/\"},{\"@type\":\"ListItem\",\"position\":2,\"name\":\"Best Casinos with No Deposit Bonuses in Junho 2025\"}]},{\"@type\":\"WebSite\",\"@id\":\"https:\/\/www.clovr.com\/br\/#website\",\"url\":\"https:\/\/www.clovr.com\/br\/\",\"name\":\"Clovr Portugu\u00eas\",\"description\":\"\",\"publisher\":{\"@id\":\"https:\/\/www.clovr.com\/br\/#organization\"},\"potentialAction\":[{\"@type\":\"SearchAction\",\"target\":{\"@type\":\"EntryPoint\",\"urlTemplate\":\"https:\/\/www.clovr.com\/br\/?s={search_term_string}\"},\"query-input\":{\"@type\":\"PropertyValueSpecification\",\"valueRequired\":true,\"valueName\":\"search_term_string\"}}],\"inLanguage\":\"pt-BR\"},{\"@type\":\"Organization\",\"@id\":\"https:\/\/www.clovr.com\/br\/#organization\",\"name\":\"Clovr Portugu\u00eas\",\"url\":\"https:\/\/www.clovr.com\/br\/\",\"logo\":{\"@type\":\"ImageObject\",\"inLanguage\":\"pt-BR\",\"@id\":\"https:\/\/www.clovr.com\/br\/#\/schema\/logo\/image\/\",\"url\":\"https:\/\/www.clovr.com\/br\/wp-content\/uploads\/sites\/2\/2023\/04\/clovr@2x.png\",\"contentUrl\":\"https:\/\/www.clovr.com\/br\/wp-content\/uploads\/sites\/2\/2023\/04\/clovr@2x.png\",\"width\":932,\"height\":240,\"caption\":\"Clovr Portugu\u00eas\"},\"image\":{\"@id\":\"https:\/\/www.clovr.com\/br\/#\/schema\/logo\/image\/\"}}]}<\/script>\n<!-- \/ Yoast SEO plugin. -->","yoast_head_json":{"title":"Top 6 Cassinos com B\u00f4nus sem Dep\u00f3sito em abril 2026 | Clovr","description":"Descubra os melhores cassinos online com b\u00f4nus sem dep\u00f3sito em abril 2026. Jogue gr\u00e1tis, ganhe dinheiro real e conhe\u00e7a as ofertas exclusivas.","robots":{"index":"index","follow":"follow","max-snippet":"max-snippet:-1","max-image-preview":"max-image-preview:large","max-video-preview":"max-video-preview:-1"},"canonical":"https:\/\/www.clovr.com\/br\/cassino-com-bonus-sem-deposito\/","og_locale":"pt_BR","og_type":"article","og_title":"Top 6 Cassinos com B\u00f4nus sem Dep\u00f3sito em abril 2026 | Clovr","og_description":"Descubra os melhores cassinos online com b\u00f4nus sem dep\u00f3sito em abril 2026. Jogue gr\u00e1tis, ganhe dinheiro real e conhe\u00e7a as ofertas exclusivas.","og_url":"https:\/\/www.clovr.com\/br\/cassino-com-bonus-sem-deposito\/","og_site_name":"Clovr Portugu\u00eas","article_modified_time":"2025-03-05T08:54:12+00:00","og_image":[{"url":"https:\/\/www.clovr.com\/br\/wp-content\/uploads\/sites\/2\/2024\/08\/stake-casino-pt-homepage-image.jpg","type":"","width":"","height":""}],"twitter_card":"summary_large_image","twitter_misc":{"Est. tempo de leitura":"6 minutos"},"schema":{"@context":"https:\/\/schema.org","@graph":[{"@type":"WebPage","@id":"https:\/\/www.clovr.com\/br\/cassino-com-bonus-sem-deposito\/","url":"https:\/\/www.clovr.com\/br\/cassino-com-bonus-sem-deposito\/","name":"Top 6 Cassinos com B\u00f4nus sem Dep\u00f3sito em abril 2026 | Clovr","isPartOf":{"@id":"https:\/\/www.clovr.com\/br\/#website"},"primaryImageOfPage":{"@id":"https:\/\/www.clovr.com\/br\/cassino-com-bonus-sem-deposito\/#primaryimage"},"image":{"@id":"https:\/\/www.clovr.com\/br\/cassino-com-bonus-sem-deposito\/#primaryimage"},"thumbnailUrl":"https:\/\/www.clovr.com\/br\/wp-content\/uploads\/sites\/2\/2024\/08\/stake-casino-pt-homepage-image.jpg","datePublished":"2024-08-23T17:43:15+00:00","dateModified":"2025-03-05T08:54:12+00:00","description":"Descubra os melhores cassinos online com b\u00f4nus sem dep\u00f3sito em abril 2026. Jogue gr\u00e1tis, ganhe dinheiro real e conhe\u00e7a as ofertas exclusivas.","breadcrumb":{"@id":"https:\/\/www.clovr.com\/br\/cassino-com-bonus-sem-deposito\/#breadcrumb"},"inLanguage":"pt-BR","potentialAction":[{"@type":"ReadAction","target":["https:\/\/www.clovr.com\/br\/cassino-com-bonus-sem-deposito\/"]}]},{"@type":"ImageObject","inLanguage":"pt-BR","@id":"https:\/\/www.clovr.com\/br\/cassino-com-bonus-sem-deposito\/#primaryimage","url":"https:\/\/www.clovr.com\/br\/wp-content\/uploads\/sites\/2\/2024\/08\/stake-casino-pt-homepage-image.jpg","contentUrl":"https:\/\/www.clovr.com\/br\/wp-content\/uploads\/sites\/2\/2024\/08\/stake-casino-pt-homepage-image.jpg","width":900,"height":463,"caption":"Stake Casino Pt Homepage Image"},{"@type":"BreadcrumbList","@id":"https:\/\/www.clovr.com\/br\/cassino-com-bonus-sem-deposito\/#breadcrumb","itemListElement":[{"@type":"ListItem","position":1,"name":"Home","item":"https:\/\/www.clovr.com\/br\/"},{"@type":"ListItem","position":2,"name":"Best Casinos with No Deposit Bonuses in Junho 2025"}]},{"@type":"WebSite","@id":"https:\/\/www.clovr.com\/br\/#website","url":"https:\/\/www.clovr.com\/br\/","name":"Clovr Portugu\u00eas","description":"","publisher":{"@id":"https:\/\/www.clovr.com\/br\/#organization"},"potentialAction":[{"@type":"SearchAction","target":{"@type":"EntryPoint","urlTemplate":"https:\/\/www.clovr.com\/br\/?s={search_term_string}"},"query-input":{"@type":"PropertyValueSpecification","valueRequired":true,"valueName":"search_term_string"}}],"inLanguage":"pt-BR"},{"@type":"Organization","@id":"https:\/\/www.clovr.com\/br\/#organization","name":"Clovr Portugu\u00eas","url":"https:\/\/www.clovr.com\/br\/","logo":{"@type":"ImageObject","inLanguage":"pt-BR","@id":"https:\/\/www.clovr.com\/br\/#\/schema\/logo\/image\/","url":"https:\/\/www.clovr.com\/br\/wp-content\/uploads\/sites\/2\/2023\/04\/clovr@2x.png","contentUrl":"https:\/\/www.clovr.com\/br\/wp-content\/uploads\/sites\/2\/2023\/04\/clovr@2x.png","width":932,"height":240,"caption":"Clovr Portugu\u00eas"},"image":{"@id":"https:\/\/www.clovr.com\/br\/#\/schema\/logo\/image\/"}}]}},"_links":{"self":[{"href":"https:\/\/www.clovr.com\/br\/wp-json\/wp\/v2\/pages\/956","targetHints":{"allow":["GET"]}}],"collection":[{"href":"https:\/\/www.clovr.com\/br\/wp-json\/wp\/v2\/pages"}],"about":[{"href":"https:\/\/www.clovr.com\/br\/wp-json\/wp\/v2\/types\/page"}],"author":[{"embeddable":true,"href":"https:\/\/www.clovr.com\/br\/wp-json\/wp\/v2\/users\/13"}],"replies":[{"embeddable":true,"href":"https:\/\/www.clovr.com\/br\/wp-json\/wp\/v2\/comments?post=956"}],"version-history":[{"count":5,"href":"https:\/\/www.clovr.com\/br\/wp-json\/wp\/v2\/pages\/956\/revisions"}],"predecessor-version":[{"id":1829,"href":"https:\/\/www.clovr.com\/br\/wp-json\/wp\/v2\/pages\/956\/revisions\/1829"}],"wp:attachment":[{"href":"https:\/\/www.clovr.com\/br\/wp-json\/wp\/v2\/media?parent=956"}],"curies":[{"name":"wp","href":"https:\/\/api.w.org\/{rel}","templated":true}]}}