{"id":969,"date":"2024-08-23T18:12:02","date_gmt":"2024-08-23T18:12:02","guid":{"rendered":"https:\/\/www.clovr.com\/br\/?page_id=969"},"modified":"2025-03-05T09:03:14","modified_gmt":"2025-03-05T09:03:14","slug":"plataforma-de-10-reais","status":"publish","type":"page","link":"https:\/\/www.clovr.com\/br\/plataforma-de-10-reais\/","title":{"rendered":"Plataformas de 10 reais para dep\u00f3sito m\u00ednimo em Abril 2026"},"content":{"rendered":"\n<p>As plataformas de cassino com dep\u00f3sito m\u00ednimo de 10 reais s\u00e3o uma excelente op\u00e7\u00e3o para jogadores que desejam come\u00e7ar a apostar com valores baixos. Essas casas de apostas oferecem uma variedade de jogos e b\u00f4nus atrativos, mesmo com um investimento inicial pequeno. Veja abaixo uma tabela comparativa das melhores op\u00e7\u00f5es dispon\u00edveis:<\/p>\n\n\n\n<figure class=\"wp-block-table\"><table><thead><tr><th><strong>Cassino<\/strong><\/th><th><strong>B\u00f4nus, ofertas e promo\u00e7\u00f5es<\/strong><\/th><th><strong>Propor\u00e7\u00e3o de vit\u00f3rias<\/strong><\/th><th><strong>C\u00f3digo de b\u00f4nus<\/strong><\/th><\/tr><\/thead><tbody><tr><td><a href=\"https:\/\/www.clovr.com\/br\/reviews\/stake-com\/\">Stake<\/a><\/td><td>B\u00f4nus de boas-vindas de at\u00e9 R$ 500,00 para apostar + Sorteios semanais de R$ 75 mil<\/td><td>96.3<\/td><td><a href=\"https:\/\/track.bankrolls.com\/trk.php?t=3069&amp;c=6718\" target=\"_blank\" rel=\"noreferrer noopener\">Obter c\u00f3digo<\/a><\/td><\/tr><tr><td><a href=\"https:\/\/www.clovr.com\/br\/reviews\/mbit-casino\/\">mBit Casino<\/a><\/td><td>100% at\u00e9 1 BTC + 300 giros gr\u00e1tis<\/td><td>96.3<\/td><td>Obter C\u00f3digo<\/td><\/tr><tr><td><a href=\"https:\/\/www.clovr.com\/br\/reviews\/metaspin\/\">MetaSpins Casino<\/a><\/td><td>AT\u00c9 57% DE RAKEBACK<\/td><td>99,5<\/td><td><a href=\"https:\/\/track.bankrolls.com\/trk.php?t=2956&amp;c=6536\" target=\"_blank\" rel=\"noreferrer noopener\">Obter c\u00f3digo<\/a><\/td><\/tr><tr><td><a href=\"https:\/\/www.clovr.com\/br\/reviews\/cloudbet-casino\/\">Cloudbet Casino<\/a><\/td><td>B\u00d4NUS DE PRIMEIRO DEP\u00d3SITO 100% at\u00e9 5 BTC<\/td><td>97<\/td><td><a href=\"https:\/\/track.bankrolls.com\/trk.php?t=4036&amp;c=9206\" target=\"_blank\" rel=\"noreferrer noopener\">Obter c\u00f3digo<\/a><\/td><\/tr><tr><td><a href=\"https:\/\/www.clovr.com\/reviews\/bc-game-casino-review\/\">BcGame Casino<\/a><\/td><td>B\u00f4nus de Boas-Vindas de at\u00e9 220.000 BCD<\/td><td>98,35<\/td><td>Obter c\u00f3digo<\/td><\/tr><tr><td>LuckyTiger<\/td><td>B\u00f4nus de boas-vindas de 600% $6.000,00 nos 3 primeiros dep\u00f3sitos<\/td><td>98<\/td><td><a href=\"https:\/\/track.bankrolls.com\/trk.php?t=3900&amp;c=8797\" target=\"_blank\" rel=\"noreferrer noopener\">Obter c\u00f3digo<\/a><\/td><\/tr><\/tbody><\/table><\/figure>\n\n\n<!-- Start Offer Wall -->\n<div class=\"default offerwall offer-wall \" data-id=\"69e4ea61578e1\">\n\t\n\t\n\t\n\t<\/div>\n<!-- End Offer Wall -->\n\n\n<p>Agora, vamos explorar em detalhes cada uma dessas plataformas, seus b\u00f4nus e como aproveit\u00e1-los ao m\u00e1ximo.<\/p>\n\n\n\n<h2 class=\"wp-block-heading\">Stake Casino<\/h2>\n\n\n    <div class=\"wp-block-image size-full image-align- image-block\" style=\"display:inherit;\">\r\n            <a href=\"https:\/\/track.bankrolls.com\/trk.php?t=3069&#038;c=6718\" target=\"_blank\" class=\" casino-review-header-cta popup-trigger-by-image owclick-image-link\" style=\"display:inherit;\" rel=\" noreferrer noopener\">\r\n        \r\n    <figure>\r\n        <picture>\r\n                                    <img loading=\"lazy\" decoding=\"async\" width=\"900\" height=\"463\" src=\"https:\/\/www.clovr.com\/br\/wp-content\/uploads\/sites\/2\/2024\/08\/stake-casino-pt-homepage-image.jpg\" alt=\"Stake Casino Pt Homepage Image\">\r\n        <\/picture>\r\n            <\/figure>\r\n    \r\n        \r\n    <\/a>\r\n            <\/div>\r\n        \n\n\n<p>O Stake Casino se destaca por oferecer um b\u00f4nus de boas-vindas generoso de at\u00e9 R$ 500,00 para apostar, al\u00e9m de sorteios semanais de R$ 75 mil. Para ativar o b\u00f4nus, basta clicar em nosso link exclusivo e fazer seu primeiro dep\u00f3sito. Lembre-se de verificar os termos e condi\u00e7\u00f5es para requisitos de apostas e saque.<\/p>\n\n\n\n\n\n<h2 class=\"wp-block-heading\">mBit Casino<\/h2>\n\n\n    <div class=\"wp-block-image size-full image-align- image-block\" style=\"display:inherit;\">\r\n            <a href=\"\/offer-wall\/\" target=\"_blank\" class=\" casino-review-header-cta popup-trigger-by-image owclick-image-link\" style=\"display:inherit;\" rel=\" noreferrer noopener\">\r\n        \r\n    <figure>\r\n        <picture>\r\n                                    <img loading=\"lazy\" decoding=\"async\" width=\"900\" height=\"294\" src=\"https:\/\/www.clovr.com\/br\/wp-content\/uploads\/sites\/2\/2024\/07\/mbit-Casino-homepage.jpg\" alt=\"Mbit Casino Homepage\">\r\n        <\/picture>\r\n            <\/figure>\r\n    \r\n        \r\n    <\/a>\r\n            <\/div>\r\n        \n\n\n<p>O mBit Casino \u00e9 um cassino de criptomoedas que oferece um b\u00f4nus de 100% at\u00e9 1 BTC mais 300 giros gr\u00e1tis. Para novos jogadores, \u00e9 uma excelente oportunidade de multiplicar seu dep\u00f3sito inicial. Ao se cadastrar atrav\u00e9s do nosso link, voc\u00ea garante acesso a essa oferta exclusiva.<\/p>\n\n\n\n<h2 class=\"wp-block-heading\">MetaSpins Casino<\/h2>\n\n\n    <div class=\"wp-block-image size-full image-align- image-block\" style=\"display:inherit;\">\r\n            <a href=\"https:\/\/track.bankrolls.com\/trk.php?t=2956&#038;c=6536\" target=\"_blank\" class=\" casino-review-header-cta popup-trigger-by-image owclick-image-link\" style=\"display:inherit;\" rel=\" noreferrer noopener\">\r\n        \r\n    <figure>\r\n        <picture>\r\n                                    <img loading=\"lazy\" decoding=\"async\" width=\"900\" height=\"446\" src=\"https:\/\/www.clovr.com\/br\/wp-content\/uploads\/sites\/2\/2024\/08\/metaspins-casino-homepage-image.jpg\" alt=\"Metaspins Casino Homepage Image\">\r\n        <\/picture>\r\n            <\/figure>\r\n    \r\n        \r\n    <\/a>\r\n            <\/div>\r\n        \n\n\n<p>Com um impressionante rakeback de at\u00e9 57%, o MetaSpins Casino \u00e9 ideal para jogadores frequentes. Esse sistema de recompensas devolve parte das suas apostas, aumentando suas chances de lucro a longo prazo. Acesse o site oficial atrav\u00e9s do nosso link para garantir essa vantagem.<\/p>\n\n\n<!-- Start Offer Wall -->\n<div class=\"default offerwall offer-wall \" data-id=\"69e4ea615cd12\">\n\t\n\t\n\t\n\t<\/div>\n<!-- End Offer Wall -->\n\n\n<h2 class=\"wp-block-heading\">Cloudbet Casino<\/h2>\n\n\n    <div class=\"wp-block-image size-full image-align- image-block\" style=\"display:inherit;\">\r\n            <a href=\"https:\/\/track.bankrolls.com\/trk.php?t=4036&#038;c=9206\" target=\"_blank\" class=\" casino-review-header-cta popup-trigger-by-image owclick-image-link\" style=\"display:inherit;\" rel=\" noreferrer noopener\">\r\n        \r\n    <figure>\r\n        <picture>\r\n                                    <img loading=\"lazy\" decoding=\"async\" width=\"900\" height=\"444\" src=\"https:\/\/www.clovr.com\/br\/wp-content\/uploads\/sites\/2\/2024\/08\/cloudbet-casino-br-homepage-image.jpg\" alt=\"Cloudbet Casino Br Homepage Image\">\r\n        <\/picture>\r\n            <\/figure>\r\n    \r\n        \r\n    <\/a>\r\n            <\/div>\r\n        \n\n\n<p>O Cloudbet oferece um generoso b\u00f4nus de primeiro dep\u00f3sito de 100% at\u00e9 5 BTC. Essa plataforma \u00e9 perfeita para entusiastas de criptomoedas que buscam altos limites de b\u00f4nus. Utilize nosso link exclusivo para ativar essa oferta ao criar sua conta.<\/p>\n\n\n\n\n\n<h2 class=\"wp-block-heading\">BcGame Casino<\/h2>\n\n\n    <div class=\"wp-block-image size-full image-align- image-block\" style=\"display:inherit;\">\r\n            <a href=\"\/offer-wall\/\" target=\"_blank\" class=\" casino-review-header-cta popup-trigger-by-image owclick-image-link\" style=\"display:inherit;\" rel=\" noreferrer noopener\">\r\n        \r\n    <figure>\r\n        <picture>\r\n                                    <img loading=\"lazy\" decoding=\"async\" width=\"900\" height=\"421\" src=\"https:\/\/www.clovr.com\/br\/wp-content\/uploads\/sites\/2\/2024\/08\/bcgame-homepage.jpg\" alt=\"Bcgame Homepage\">\r\n        <\/picture>\r\n            <\/figure>\r\n    \r\n        \r\n    <\/a>\r\n            <\/div>\r\n        \n\n\n<p>O BcGame Casino impressiona com seu b\u00f4nus de boas-vindas de at\u00e9 220.000 BCD. Essa oferta permite que os jogadores explorem uma ampla variedade de jogos com um saldo inicial significativo. Clique em nosso link para garantir esse b\u00f4nus excepcional.<\/p>\n\n\n\n<h2 class=\"wp-block-heading\">LuckyTiger Casino<\/h2>\n\n\n    <div class=\"wp-block-image size-full image-align- image-block\" style=\"display:inherit;\">\r\n            <a href=\"https:\/\/track.bankrolls.com\/trk.php?t=3900&#038;c=8797\" target=\"_blank\" class=\" casino-review-header-cta popup-trigger-by-image owclick-image-link\" style=\"display:inherit;\" rel=\" noreferrer noopener\">\r\n        \r\n    <figure>\r\n        <picture>\r\n                                    <img loading=\"lazy\" decoding=\"async\" width=\"1024\" height=\"506\" src=\"https:\/\/www.clovr.com\/br\/wp-content\/uploads\/sites\/2\/2024\/08\/lucky-tiger-casino-homepage-image.jpg\" alt=\"Lucky Tiger Casino Homepage Image\">\r\n        <\/picture>\r\n            <\/figure>\r\n    \r\n        \r\n    <\/a>\r\n            <\/div>\r\n        \n\n\n<p>O LuckyTiger Casino oferece um b\u00f4nus de boas-vindas de 600% at\u00e9 $6.000,00 nos 3 primeiros dep\u00f3sitos. Essa oferta escalonada permite que os jogadores maximizem seus benef\u00edcios ao longo do tempo. Acesse o cassino atrav\u00e9s do nosso link para n\u00e3o perder essa oportunidade.<\/p>\n\n\n\n\n\n<h2 class=\"wp-block-heading\">Como Resgatar B\u00f4nus nas plataformas com dep\u00f3sito de 10 reais<\/h2>\n\n\n\n<p>Para resgatar os b\u00f4nus nas plataformas mencionadas:<\/p>\n\n\n\n<ol class=\"wp-block-list\">\n<li>Acesse o site do cassino atrav\u00e9s do nosso link exclusivo;<\/li>\n\n\n\n<li>Crie uma nova conta fornecendo as informa\u00e7\u00f5es necess\u00e1rias;<\/li>\n\n\n\n<li>Verifique sua conta, se necess\u00e1rio;<\/li>\n\n\n\n<li>Fa\u00e7a seu primeiro dep\u00f3sito de pelo menos 10 reais;<\/li>\n\n\n\n<li>O b\u00f4nus ser\u00e1 creditado automaticamente ou atrav\u00e9s de um c\u00f3digo promocional fornecido.<\/li>\n<\/ol>\n\n\n\n<p>Sempre leia os termos e condi\u00e7\u00f5es de cada oferta para entender os requisitos de apostas e regras de saque.<\/p>\n\n\n\n<h2 class=\"wp-block-heading\">Como Fazer Dep\u00f3sitos de 10 Reais<\/h2>\n\n\n\n<p>Para fazer um dep\u00f3sito de 10 reais em uma plataforma de cassino online:<\/p>\n\n\n\n<ol class=\"wp-block-list\">\n<li>Escolha uma plataforma confi\u00e1vel que aceite dep\u00f3sitos de R$10;<\/li>\n\n\n\n<li>Crie uma conta e acesse a \u00e1rea de pagamentos;<\/li>\n\n\n\n<li>Selecione o m\u00e9todo de pagamento preferido, como Pix;<\/li>\n\n\n\n<li>Insira o valor de R$10 e confirme a transa\u00e7\u00e3o;<\/li>\n\n\n\n<li>Aguarde a confirma\u00e7\u00e3o do dep\u00f3sito, geralmente instant\u00e2nea com Pix.<\/li>\n<\/ol>\n\n\n\n<p>Dica: Gerencie seu bankroll cuidadosamente, apostando em jogos com limites baixos para maximizar seu tempo de jogo e chances de ganhar.<\/p>\n\n\n\n<h2 class=\"wp-block-heading\">Perguntas Frequentes sobre Plataformas de 10 Reais<\/h2>\n\n\n\n<div class=\"wp-block-getwid-accordion has-icon-left\" data-active-element=\"none\">\n<div class=\"wp-block-getwid-accordion__header-wrapper\"><span class=\"wp-block-getwid-accordion__header\"><a href=\"#\"><span class=\"wp-block-getwid-accordion__header-title\">Quais s\u00e3o as melhores plataformas de 10 reais em 2026?<\/span><span class=\"wp-block-getwid-accordion__icon is-active\"><i class=\"fas fa-plus\"><\/i><\/span><span class=\"wp-block-getwid-accordion__icon is-passive\"><i class=\"fas fa-minus\"><\/i><\/span><\/a><\/span><\/div><div class=\"wp-block-getwid-accordion__content-wrapper\"><div class=\"wp-block-getwid-accordion__content\">\n<p>As melhores plataformas incluem Stake, mBit, MetaSpins, Cloudbet, BcGame e LuckyTiger. Cada uma oferece b\u00f4nus \u00fanicos e uma variedade de jogos para dep\u00f3sitos m\u00ednimos de 10 reais.<\/p>\n<\/div><\/div>\n\n\n\n<div class=\"wp-block-getwid-accordion__header-wrapper\"><span class=\"wp-block-getwid-accordion__header\"><a href=\"#\"><span class=\"wp-block-getwid-accordion__header-title\">\u00c9 seguro apostar em plataformas que aceitam dep\u00f3sitos de R$10?<\/span><span class=\"wp-block-getwid-accordion__icon is-active\"><i class=\"fas fa-plus\"><\/i><\/span><span class=\"wp-block-getwid-accordion__icon is-passive\"><i class=\"fas fa-minus\"><\/i><\/span><\/a><\/span><\/div><div class=\"wp-block-getwid-accordion__content-wrapper\"><div class=\"wp-block-getwid-accordion__content\">\n<p>Sim, desde que sejam plataformas licenciadas e regulamentadas. Todas as casas mencionadas neste artigo s\u00e3o confi\u00e1veis e seguras para apostas.<\/p>\n<\/div><\/div>\n\n\n\n<div class=\"wp-block-getwid-accordion__header-wrapper\"><span class=\"wp-block-getwid-accordion__header\"><a href=\"#\"><span class=\"wp-block-getwid-accordion__header-title\">Quais jogos est\u00e3o dispon\u00edveis para apostas de R$10?<\/span><span class=\"wp-block-getwid-accordion__icon is-active\"><i class=\"fas fa-plus\"><\/i><\/span><span class=\"wp-block-getwid-accordion__icon is-passive\"><i class=\"fas fa-minus\"><\/i><\/span><\/a><\/span><\/div><div class=\"wp-block-getwid-accordion__content-wrapper\"><div class=\"wp-block-getwid-accordion__content\">\n<p>Com 10 reais, voc\u00ea pode acessar uma variedade de jogos, incluindo <a class=\"wpil_keyword_link\" href=\"https:\/\/www.clovr.com\/br\/casino-games\/bitcoin-slots\/\" title=\"slots\" data-wpil-keyword-link=\"linked\" data-wpil-monitor-id=\"14\">slots<\/a>, roleta, blackjack e at\u00e9 mesmo alguns jogos ao vivo, dependendo da plataforma escolhida.<\/p>\n<\/div><\/div>\n\n\n\n<div class=\"wp-block-getwid-accordion__header-wrapper\"><span class=\"wp-block-getwid-accordion__header\"><a href=\"#\"><span class=\"wp-block-getwid-accordion__header-title\">Posso obter b\u00f4nus ao fazer um dep\u00f3sito de 10 reais?<\/span><span class=\"wp-block-getwid-accordion__icon is-active\"><i class=\"fas fa-plus\"><\/i><\/span><span class=\"wp-block-getwid-accordion__icon is-passive\"><i class=\"fas fa-minus\"><\/i><\/span><\/a><\/span><\/div><div class=\"wp-block-getwid-accordion__content-wrapper\"><div class=\"wp-block-getwid-accordion__content\">\n<p>Sim, muitas plataformas oferecem b\u00f4nus mesmo para dep\u00f3sitos m\u00ednimos. Verifique as ofertas espec\u00edficas de cada cassino mencionado neste artigo.<\/p>\n<\/div><\/div>\n\n\n\n<div class=\"wp-block-getwid-accordion__header-wrapper\"><span class=\"wp-block-getwid-accordion__header\"><a href=\"#\"><span class=\"wp-block-getwid-accordion__header-title\">Como encontrar novas plataformas de 10 reais?<\/span><span class=\"wp-block-getwid-accordion__icon is-active\"><i class=\"fas fa-plus\"><\/i><\/span><span class=\"wp-block-getwid-accordion__icon is-passive\"><i class=\"fas fa-minus\"><\/i><\/span><\/a><\/span><\/div><div class=\"wp-block-getwid-accordion__content-wrapper\"><div class=\"wp-block-getwid-accordion__content\">\n<p>Fique atento a novas plataformas lan\u00e7adas e verifique regularmente sites especializados em cassinos online. Sempre priorize casas licenciadas e com boa reputa\u00e7\u00e3o.<\/p>\n\n\n\n<p>Lembre-se, apostar deve ser uma forma de entretenimento. Jogue com responsabilidade e dentro dos seus limites financeiros. Se precisar de mais op\u00e7\u00f5es, voc\u00ea tamb\u00e9m pode conferir outros cassinos de criptomoedas para os quais temos b\u00f4nus exclusivos.<\/p>\n<\/div><\/div>\n<\/div>\n","protected":false},"excerpt":{"rendered":"<p>As plataformas de cassino com dep\u00f3sito m\u00ednimo de 10 reais s\u00e3o uma excelente op\u00e7\u00e3o para jogadores que desejam come\u00e7ar a apostar com valores baixos. Essas casas de apostas oferecem uma variedade de jogos e b\u00f4nus atrativos, mesmo com um investimento inicial pequeno. Veja abaixo uma tabela comparativa das melhores op\u00e7\u00f5es dispon\u00edveis: Cassino B\u00f4nus, ofertas e [&hellip;]<\/p>\n","protected":false},"author":13,"featured_media":0,"parent":0,"menu_order":0,"comment_status":"closed","ping_status":"closed","template":"","meta":{"_acf_changed":false,"inline_featured_image":false,"footnotes":""},"class_list":["post-969","page","type-page","status-publish","hentry"],"acf":[],"yoast_head":"<!-- This site is optimized with the Yoast SEO plugin v25.7 - https:\/\/yoast.com\/wordpress\/plugins\/seo\/ -->\n<title>Plataformas de 10 reais no dep\u00f3sito: melhores sites de cassino de abril 2026 | Clovr<\/title>\n<meta name=\"description\" content=\"Descubra as melhores plataformas de cassino online com dep\u00f3sito m\u00ednimo de 10 reais. B\u00f4nus, jogos e dicas para maximizar suas apostas em abril 2026.\" \/>\n<meta name=\"robots\" content=\"index, follow, max-snippet:-1, max-image-preview:large, max-video-preview:-1\" \/>\n<link rel=\"canonical\" href=\"https:\/\/www.clovr.com\/br\/plataforma-de-10-reais\/\" \/>\n<meta property=\"og:locale\" content=\"pt_BR\" \/>\n<meta property=\"og:type\" content=\"article\" \/>\n<meta property=\"og:title\" content=\"Plataformas de 10 reais no dep\u00f3sito: melhores sites de cassino de abril 2026 | Clovr\" \/>\n<meta property=\"og:description\" content=\"Descubra as melhores plataformas de cassino online com dep\u00f3sito m\u00ednimo de 10 reais. B\u00f4nus, jogos e dicas para maximizar suas apostas em abril 2026.\" \/>\n<meta property=\"og:url\" content=\"https:\/\/www.clovr.com\/br\/plataforma-de-10-reais\/\" \/>\n<meta property=\"og:site_name\" content=\"Clovr Portugu\u00eas\" \/>\n<meta property=\"article:modified_time\" content=\"2025-03-05T09:03:14+00:00\" \/>\n<meta property=\"og:image\" content=\"https:\/\/www.clovr.com\/br\/wp-content\/uploads\/sites\/2\/2024\/08\/stake-casino-pt-homepage-image.jpg\" \/>\n<meta name=\"twitter:card\" content=\"summary_large_image\" \/>\n<meta name=\"twitter:label1\" content=\"Est. tempo de leitura\" \/>\n\t<meta name=\"twitter:data1\" content=\"6 minutos\" \/>\n<script type=\"application\/ld+json\" class=\"yoast-schema-graph\">{\"@context\":\"https:\/\/schema.org\",\"@graph\":[{\"@type\":\"WebPage\",\"@id\":\"https:\/\/www.clovr.com\/br\/plataforma-de-10-reais\/\",\"url\":\"https:\/\/www.clovr.com\/br\/plataforma-de-10-reais\/\",\"name\":\"Plataformas de 10 reais no dep\u00f3sito: melhores sites de cassino de abril 2026 | Clovr\",\"isPartOf\":{\"@id\":\"https:\/\/www.clovr.com\/br\/#website\"},\"primaryImageOfPage\":{\"@id\":\"https:\/\/www.clovr.com\/br\/plataforma-de-10-reais\/#primaryimage\"},\"image\":{\"@id\":\"https:\/\/www.clovr.com\/br\/plataforma-de-10-reais\/#primaryimage\"},\"thumbnailUrl\":\"https:\/\/www.clovr.com\/br\/wp-content\/uploads\/sites\/2\/2024\/08\/stake-casino-pt-homepage-image.jpg\",\"datePublished\":\"2024-08-23T18:12:02+00:00\",\"dateModified\":\"2025-03-05T09:03:14+00:00\",\"description\":\"Descubra as melhores plataformas de cassino online com dep\u00f3sito m\u00ednimo de 10 reais. B\u00f4nus, jogos e dicas para maximizar suas apostas em abril 2026.\",\"breadcrumb\":{\"@id\":\"https:\/\/www.clovr.com\/br\/plataforma-de-10-reais\/#breadcrumb\"},\"inLanguage\":\"pt-BR\",\"potentialAction\":[{\"@type\":\"ReadAction\",\"target\":[\"https:\/\/www.clovr.com\/br\/plataforma-de-10-reais\/\"]}]},{\"@type\":\"ImageObject\",\"inLanguage\":\"pt-BR\",\"@id\":\"https:\/\/www.clovr.com\/br\/plataforma-de-10-reais\/#primaryimage\",\"url\":\"https:\/\/www.clovr.com\/br\/wp-content\/uploads\/sites\/2\/2024\/08\/stake-casino-pt-homepage-image.jpg\",\"contentUrl\":\"https:\/\/www.clovr.com\/br\/wp-content\/uploads\/sites\/2\/2024\/08\/stake-casino-pt-homepage-image.jpg\",\"width\":900,\"height\":463,\"caption\":\"Stake Casino Pt Homepage Image\"},{\"@type\":\"BreadcrumbList\",\"@id\":\"https:\/\/www.clovr.com\/br\/plataforma-de-10-reais\/#breadcrumb\",\"itemListElement\":[{\"@type\":\"ListItem\",\"position\":1,\"name\":\"Home\",\"item\":\"https:\/\/www.clovr.com\/br\/\"},{\"@type\":\"ListItem\",\"position\":2,\"name\":\"Plataformas de 10 reais para dep\u00f3sito m\u00ednimo em Junho 2025\"}]},{\"@type\":\"WebSite\",\"@id\":\"https:\/\/www.clovr.com\/br\/#website\",\"url\":\"https:\/\/www.clovr.com\/br\/\",\"name\":\"Clovr Portugu\u00eas\",\"description\":\"\",\"publisher\":{\"@id\":\"https:\/\/www.clovr.com\/br\/#organization\"},\"potentialAction\":[{\"@type\":\"SearchAction\",\"target\":{\"@type\":\"EntryPoint\",\"urlTemplate\":\"https:\/\/www.clovr.com\/br\/?s={search_term_string}\"},\"query-input\":{\"@type\":\"PropertyValueSpecification\",\"valueRequired\":true,\"valueName\":\"search_term_string\"}}],\"inLanguage\":\"pt-BR\"},{\"@type\":\"Organization\",\"@id\":\"https:\/\/www.clovr.com\/br\/#organization\",\"name\":\"Clovr Portugu\u00eas\",\"url\":\"https:\/\/www.clovr.com\/br\/\",\"logo\":{\"@type\":\"ImageObject\",\"inLanguage\":\"pt-BR\",\"@id\":\"https:\/\/www.clovr.com\/br\/#\/schema\/logo\/image\/\",\"url\":\"https:\/\/www.clovr.com\/br\/wp-content\/uploads\/sites\/2\/2023\/04\/clovr@2x.png\",\"contentUrl\":\"https:\/\/www.clovr.com\/br\/wp-content\/uploads\/sites\/2\/2023\/04\/clovr@2x.png\",\"width\":932,\"height\":240,\"caption\":\"Clovr Portugu\u00eas\"},\"image\":{\"@id\":\"https:\/\/www.clovr.com\/br\/#\/schema\/logo\/image\/\"}}]}<\/script>\n<!-- \/ Yoast SEO plugin. -->","yoast_head_json":{"title":"Plataformas de 10 reais no dep\u00f3sito: melhores sites de cassino de abril 2026 | Clovr","description":"Descubra as melhores plataformas de cassino online com dep\u00f3sito m\u00ednimo de 10 reais. B\u00f4nus, jogos e dicas para maximizar suas apostas em abril 2026.","robots":{"index":"index","follow":"follow","max-snippet":"max-snippet:-1","max-image-preview":"max-image-preview:large","max-video-preview":"max-video-preview:-1"},"canonical":"https:\/\/www.clovr.com\/br\/plataforma-de-10-reais\/","og_locale":"pt_BR","og_type":"article","og_title":"Plataformas de 10 reais no dep\u00f3sito: melhores sites de cassino de abril 2026 | Clovr","og_description":"Descubra as melhores plataformas de cassino online com dep\u00f3sito m\u00ednimo de 10 reais. B\u00f4nus, jogos e dicas para maximizar suas apostas em abril 2026.","og_url":"https:\/\/www.clovr.com\/br\/plataforma-de-10-reais\/","og_site_name":"Clovr Portugu\u00eas","article_modified_time":"2025-03-05T09:03:14+00:00","og_image":[{"url":"https:\/\/www.clovr.com\/br\/wp-content\/uploads\/sites\/2\/2024\/08\/stake-casino-pt-homepage-image.jpg","type":"","width":"","height":""}],"twitter_card":"summary_large_image","twitter_misc":{"Est. tempo de leitura":"6 minutos"},"schema":{"@context":"https:\/\/schema.org","@graph":[{"@type":"WebPage","@id":"https:\/\/www.clovr.com\/br\/plataforma-de-10-reais\/","url":"https:\/\/www.clovr.com\/br\/plataforma-de-10-reais\/","name":"Plataformas de 10 reais no dep\u00f3sito: melhores sites de cassino de abril 2026 | Clovr","isPartOf":{"@id":"https:\/\/www.clovr.com\/br\/#website"},"primaryImageOfPage":{"@id":"https:\/\/www.clovr.com\/br\/plataforma-de-10-reais\/#primaryimage"},"image":{"@id":"https:\/\/www.clovr.com\/br\/plataforma-de-10-reais\/#primaryimage"},"thumbnailUrl":"https:\/\/www.clovr.com\/br\/wp-content\/uploads\/sites\/2\/2024\/08\/stake-casino-pt-homepage-image.jpg","datePublished":"2024-08-23T18:12:02+00:00","dateModified":"2025-03-05T09:03:14+00:00","description":"Descubra as melhores plataformas de cassino online com dep\u00f3sito m\u00ednimo de 10 reais. B\u00f4nus, jogos e dicas para maximizar suas apostas em abril 2026.","breadcrumb":{"@id":"https:\/\/www.clovr.com\/br\/plataforma-de-10-reais\/#breadcrumb"},"inLanguage":"pt-BR","potentialAction":[{"@type":"ReadAction","target":["https:\/\/www.clovr.com\/br\/plataforma-de-10-reais\/"]}]},{"@type":"ImageObject","inLanguage":"pt-BR","@id":"https:\/\/www.clovr.com\/br\/plataforma-de-10-reais\/#primaryimage","url":"https:\/\/www.clovr.com\/br\/wp-content\/uploads\/sites\/2\/2024\/08\/stake-casino-pt-homepage-image.jpg","contentUrl":"https:\/\/www.clovr.com\/br\/wp-content\/uploads\/sites\/2\/2024\/08\/stake-casino-pt-homepage-image.jpg","width":900,"height":463,"caption":"Stake Casino Pt Homepage Image"},{"@type":"BreadcrumbList","@id":"https:\/\/www.clovr.com\/br\/plataforma-de-10-reais\/#breadcrumb","itemListElement":[{"@type":"ListItem","position":1,"name":"Home","item":"https:\/\/www.clovr.com\/br\/"},{"@type":"ListItem","position":2,"name":"Plataformas de 10 reais para dep\u00f3sito m\u00ednimo em Junho 2025"}]},{"@type":"WebSite","@id":"https:\/\/www.clovr.com\/br\/#website","url":"https:\/\/www.clovr.com\/br\/","name":"Clovr Portugu\u00eas","description":"","publisher":{"@id":"https:\/\/www.clovr.com\/br\/#organization"},"potentialAction":[{"@type":"SearchAction","target":{"@type":"EntryPoint","urlTemplate":"https:\/\/www.clovr.com\/br\/?s={search_term_string}"},"query-input":{"@type":"PropertyValueSpecification","valueRequired":true,"valueName":"search_term_string"}}],"inLanguage":"pt-BR"},{"@type":"Organization","@id":"https:\/\/www.clovr.com\/br\/#organization","name":"Clovr Portugu\u00eas","url":"https:\/\/www.clovr.com\/br\/","logo":{"@type":"ImageObject","inLanguage":"pt-BR","@id":"https:\/\/www.clovr.com\/br\/#\/schema\/logo\/image\/","url":"https:\/\/www.clovr.com\/br\/wp-content\/uploads\/sites\/2\/2023\/04\/clovr@2x.png","contentUrl":"https:\/\/www.clovr.com\/br\/wp-content\/uploads\/sites\/2\/2023\/04\/clovr@2x.png","width":932,"height":240,"caption":"Clovr Portugu\u00eas"},"image":{"@id":"https:\/\/www.clovr.com\/br\/#\/schema\/logo\/image\/"}}]}},"_links":{"self":[{"href":"https:\/\/www.clovr.com\/br\/wp-json\/wp\/v2\/pages\/969","targetHints":{"allow":["GET"]}}],"collection":[{"href":"https:\/\/www.clovr.com\/br\/wp-json\/wp\/v2\/pages"}],"about":[{"href":"https:\/\/www.clovr.com\/br\/wp-json\/wp\/v2\/types\/page"}],"author":[{"embeddable":true,"href":"https:\/\/www.clovr.com\/br\/wp-json\/wp\/v2\/users\/13"}],"replies":[{"embeddable":true,"href":"https:\/\/www.clovr.com\/br\/wp-json\/wp\/v2\/comments?post=969"}],"version-history":[{"count":5,"href":"https:\/\/www.clovr.com\/br\/wp-json\/wp\/v2\/pages\/969\/revisions"}],"predecessor-version":[{"id":1831,"href":"https:\/\/www.clovr.com\/br\/wp-json\/wp\/v2\/pages\/969\/revisions\/1831"}],"wp:attachment":[{"href":"https:\/\/www.clovr.com\/br\/wp-json\/wp\/v2\/media?parent=969"}],"curies":[{"name":"wp","href":"https:\/\/api.w.org\/{rel}","templated":true}]}}