{"id":972,"date":"2024-08-23T18:21:13","date_gmt":"2024-08-23T18:21:13","guid":{"rendered":"https:\/\/www.clovr.com\/br\/?page_id=972"},"modified":"2025-03-05T09:06:59","modified_gmt":"2025-03-05T09:06:59","slug":"plataforma-de-3-reais","status":"publish","type":"page","link":"https:\/\/www.clovr.com\/br\/plataforma-de-3-reais\/","title":{"rendered":"Platforms with a minimum deposit of 3 reais in Maio 2026"},"content":{"rendered":"\n<p>As plataformas de apostas com dep\u00f3sito m\u00ednimo de 3 reais s\u00e3o ideais para quem busca come\u00e7ar a apostar com pouco investimento. Essas casas permitem que voc\u00ea experimente diversos jogos e aproveite b\u00f4nus atrativos sem comprometer seu or\u00e7amento.<\/p>\n\n\n\n<figure class=\"wp-block-table\"><table><thead><tr><th>Cassino<\/th><th>B\u00f4nus, ofertas e promo\u00e7\u00f5es<\/th><th>Propor\u00e7\u00e3o de vit\u00f3rias<\/th><th>C\u00f3digo de b\u00f4nus<\/th><\/tr><\/thead><tbody><tr><td>Stake<\/td><td>B\u00f4nus de boas-vindas de at\u00e9 R$ 500,00 para apostar + Sorteios semanais de R$ 75 mil<\/td><td>96.3<\/td><td><a href=\"https:\/\/track.bankrolls.com\/trk.php?t=3069&amp;c=6718\" target=\"_blank\" rel=\"noreferrer noopener\">Obter c\u00f3digo<\/a><\/td><\/tr><tr><td>mBit Casino<\/td><td>100% at\u00e9 1 BTC + 300 giros gr\u00e1tis<\/td><td>96.3<\/td><td>Obter C\u00f3digo<\/td><\/tr><tr><td>MetaSpins Casino<\/td><td>AT\u00c9 57% DE RAKEBACK<\/td><td>99,5<\/td><td><a href=\"https:\/\/track.bankrolls.com\/trk.php?t=2956&amp;c=6536\" target=\"_blank\" rel=\"noreferrer noopener\">Obter c\u00f3digo<\/a><\/td><\/tr><tr><td>Cloudbet Casino<\/td><td>B\u00d4NUS DE PRIMEIRO DEP\u00d3SITO 100% at\u00e9 5 BTC<\/td><td>97<\/td><td><a href=\"https:\/\/track.bankrolls.com\/trk.php?t=4036&amp;c=9206\" target=\"_blank\" rel=\"noreferrer noopener\">Obter c\u00f3digo<\/a><\/td><\/tr><tr><td>BcGame Casino<\/td><td>B\u00f4nus de Boas-Vindas de at\u00e9 220.000 BCD<\/td><td>98,35<\/td><td>Obter c\u00f3digo<\/td><\/tr><tr><td>LuckyTiger<\/td><td>B\u00f4nus de boas-vindas de 600% $6.000,00 nos 3 primeiros dep\u00f3sitos<\/td><td>98<\/td><td><a href=\"https:\/\/track.bankrolls.com\/trk.php?t=3900&amp;c=8797\" target=\"_blank\" rel=\"noreferrer noopener\">Obter c\u00f3digo<\/a><\/td><\/tr><\/tbody><\/table><\/figure>\n\n\n<!-- Start Offer Wall -->\n<div class=\"default offerwall offer-wall \" data-id=\"6a04d940d425e\">\n\t\n\t\n\t\n\t<\/div>\n<!-- End Offer Wall -->\n\n\n<p>Vamos analisar cada uma dessas plataformas, focando no dep\u00f3sito m\u00ednimo de 3 reais:<\/p>\n\n\n\n<h3 class=\"wp-block-heading\">Stake Casino<\/h3>\n\n\n    <div class=\"wp-block-image size-full image-align- image-block\" style=\"display:inherit;\">\r\n            <a href=\"https:\/\/track.bankrolls.com\/trk.php?t=3069&#038;c=6718\" target=\"_blank\" class=\" casino-review-header-cta popup-trigger-by-image owclick-image-link\" style=\"display:inherit;\" rel=\" noreferrer noopener\">\r\n        \r\n    <figure>\r\n        <picture>\r\n                                    <img loading=\"lazy\" decoding=\"async\" width=\"900\" height=\"463\" src=\"https:\/\/www.clovr.com\/br\/wp-content\/uploads\/sites\/2\/2024\/08\/stake-casino-pt-homepage-image.jpg\" alt=\"Stake Casino Pt Homepage Image\">\r\n        <\/picture>\r\n            <\/figure>\r\n    \r\n        \r\n    <\/a>\r\n            <\/div>\r\n        \n\n\n<p>O Stake Casino aceita dep\u00f3sitos a partir de 3 reais, tornando-o acess\u00edvel para todos os jogadores. Seu b\u00f4nus de boas-vindas pode chegar a R$ 500,00 para apostar, e os sorteios semanais de R$ 75 mil s\u00e3o um atrativo adicional. Para ativar o b\u00f4nus, fa\u00e7a seu primeiro dep\u00f3sito de R$3 clicando em nosso link exclusivo.<\/p>\n\n\n\n\n\n<h3 class=\"wp-block-heading\">mBit Casino<\/h3>\n\n\n    <div class=\"wp-block-image size-full image-align- image-block\" style=\"display:inherit;\">\r\n            <a href=\"\/offer-wall\/\" target=\"_blank\" class=\" casino-review-header-cta popup-trigger-by-image owclick-image-link\" style=\"display:inherit;\" rel=\" noreferrer noopener\">\r\n        \r\n    <figure>\r\n        <picture>\r\n                                    <img loading=\"lazy\" decoding=\"async\" width=\"900\" height=\"294\" src=\"https:\/\/www.clovr.com\/br\/wp-content\/uploads\/sites\/2\/2024\/07\/mbit-Casino-homepage.jpg\" alt=\"Mbit Casino Homepage\">\r\n        <\/picture>\r\n            <\/figure>\r\n    \r\n        \r\n    <\/a>\r\n            <\/div>\r\n        \n\n\n<p>O mBit Casino, um <a href=\"https:\/\/www.clovr.com\/br\/\">cassino de criptomoedas<\/a>, permite dep\u00f3sitos m\u00ednimos equivalentes a 3 reais em v\u00e1rias criptomoedas. Seu b\u00f4nus de boas-vindas de 100% at\u00e9 1 BTC mais 300 giros gr\u00e1tis \u00e9 ativado com o primeiro dep\u00f3sito, mesmo que seja o m\u00ednimo de R$3.<\/p>\n\n\n\n<h3 class=\"wp-block-heading\">MetaSpins Casino<\/h3>\n\n\n    <div class=\"wp-block-image size-full image-align- image-block\" style=\"display:inherit;\">\r\n            <a href=\"https:\/\/track.bankrolls.com\/trk.php?t=2956&#038;c=6536\" target=\"_blank\" class=\" casino-review-header-cta popup-trigger-by-image owclick-image-link\" style=\"display:inherit;\" rel=\" noreferrer noopener\">\r\n        \r\n    <figure>\r\n        <picture>\r\n                                    <img loading=\"lazy\" decoding=\"async\" width=\"900\" height=\"446\" src=\"https:\/\/www.clovr.com\/br\/wp-content\/uploads\/sites\/2\/2024\/08\/metaspins-casino-homepage-image.jpg\" alt=\"Metaspins Casino Homepage Image\">\r\n        <\/picture>\r\n            <\/figure>\r\n    \r\n        \r\n    <\/a>\r\n            <\/div>\r\n        \n\n\n<p>O MetaSpins Casino tamb\u00e9m aceita dep\u00f3sitos a partir de 3 reais. Seu programa de rakeback de at\u00e9 57% \u00e9 especialmente vantajoso para jogadores regulares, mesmo aqueles que fazem dep\u00f3sitos m\u00ednimos. Aproveite essa oferta fazendo seu primeiro dep\u00f3sito de R$3 atrav\u00e9s do nosso link.<\/p>\n\n\n<!-- Start Offer Wall -->\n<div class=\"default offerwall offer-wall \" data-id=\"6a04d940d9550\">\n\t\n\t\n\t\n\t<\/div>\n<!-- End Offer Wall -->\n\n\n<h3 class=\"wp-block-heading\">Cloudbet Casino<\/h3>\n\n\n    <div class=\"wp-block-image size-full image-align- image-block\" style=\"display:inherit;\">\r\n            <a href=\"https:\/\/track.bankrolls.com\/trk.php?t=4036&#038;c=9206\" target=\"_blank\" class=\" casino-review-header-cta popup-trigger-by-image owclick-image-link\" style=\"display:inherit;\" rel=\" noreferrer noopener\">\r\n        \r\n    <figure>\r\n        <picture>\r\n                                    <img loading=\"lazy\" decoding=\"async\" width=\"900\" height=\"444\" src=\"https:\/\/www.clovr.com\/br\/wp-content\/uploads\/sites\/2\/2024\/08\/cloudbet-casino-br-homepage-image.jpg\" alt=\"Cloudbet Casino Br Homepage Image\">\r\n        <\/picture>\r\n            <\/figure>\r\n    \r\n        \r\n    <\/a>\r\n            <\/div>\r\n        \n\n\n<p>O Cloudbet Casino permite dep\u00f3sitos m\u00ednimos equivalentes a 3 reais em diversas criptomoedas. Seu impressionante b\u00f4nus de primeiro dep\u00f3sito de 100% at\u00e9 5 BTC \u00e9 ativado automaticamente, mesmo com um dep\u00f3sito m\u00ednimo. Use nosso link para garantir essa oferta.<\/p>\n\n\n\n\n\n<h3 class=\"wp-block-heading\">BcGame Casino<\/h3>\n\n\n    <div class=\"wp-block-image size-full image-align- image-block\" style=\"display:inherit;\">\r\n            <a href=\"\/offer-wall\/\" target=\"_blank\" class=\" casino-review-header-cta popup-trigger-by-image owclick-image-link\" style=\"display:inherit;\" rel=\" noreferrer noopener\">\r\n        \r\n    <figure>\r\n        <picture>\r\n                                    <img loading=\"lazy\" decoding=\"async\" width=\"900\" height=\"421\" src=\"https:\/\/www.clovr.com\/br\/wp-content\/uploads\/sites\/2\/2024\/08\/bcgame-homepage.jpg\" alt=\"Bcgame Homepage\">\r\n        <\/picture>\r\n            <\/figure>\r\n    \r\n        \r\n    <\/a>\r\n            <\/div>\r\n        \n\n\n<p>O BcGame Casino aceita dep\u00f3sitos a partir de 3 reais. Seu b\u00f4nus de boas-vindas de at\u00e9 220.000 BCD (moeda pr\u00f3pria do cassino) pode ser aproveitado mesmo com um dep\u00f3sito m\u00ednimo. Fa\u00e7a seu primeiro dep\u00f3sito de R$3 atrav\u00e9s do nosso link para ativar essa oferta.<\/p>\n\n\n\n<h3 class=\"wp-block-heading\">LuckyTiger Casino<\/h3>\n\n\n    <div class=\"wp-block-image size-full image-align- image-block\" style=\"display:inherit;\">\r\n            <a href=\"https:\/\/track.bankrolls.com\/trk.php?t=3900&#038;c=8797\" target=\"_blank\" class=\" casino-review-header-cta popup-trigger-by-image owclick-image-link\" style=\"display:inherit;\" rel=\" noreferrer noopener\">\r\n        \r\n    <figure>\r\n        <picture>\r\n                                    <img loading=\"lazy\" decoding=\"async\" width=\"1024\" height=\"506\" src=\"https:\/\/www.clovr.com\/br\/wp-content\/uploads\/sites\/2\/2024\/08\/lucky-tiger-casino-homepage-image.jpg\" alt=\"Lucky Tiger Casino Homepage Image\">\r\n        <\/picture>\r\n            <\/figure>\r\n    \r\n        \r\n    <\/a>\r\n            <\/div>\r\n        \n\n\n<p>O LuckyTiger Casino permite dep\u00f3sitos a partir de 3 reais. Seu generoso b\u00f4nus de boas-vindas de 600% at\u00e9 $6.000,00 nos tr\u00eas primeiros dep\u00f3sitos pode ser iniciado com um dep\u00f3sito m\u00ednimo. Use nosso link exclusivo para garantir essa oferta ao fazer seu dep\u00f3sito de R$3.<\/p>\n\n\n\n\n\n<h2 class=\"wp-block-heading\">Como Resgatar B\u00f4nus nas plataformas com dep\u00f3sito de 3 reais<\/h2>\n\n\n\n<p>Para resgatar b\u00f4nus em plataformas com dep\u00f3sito m\u00ednimo de 3 reais, siga estes passos:<\/p>\n\n\n\n<ol class=\"wp-block-list\">\n<li>Escolha uma das plataformas recomendadas;<\/li>\n\n\n\n<li>Clique em um de nossos links exclusivos para acessar o site;<\/li>\n\n\n\n<li>Fa\u00e7a seu cadastro fornecendo as informa\u00e7\u00f5es necess\u00e1rias;<\/li>\n\n\n\n<li>V\u00e1 para a se\u00e7\u00e3o de dep\u00f3sitos e escolha o m\u00e9todo de pagamento;<\/li>\n\n\n\n<li>Fa\u00e7a seu primeiro dep\u00f3sito (geralmente o m\u00ednimo \u00e9 de R$3);<\/li>\n\n\n\n<li>O b\u00f4nus ser\u00e1 creditado automaticamente ou voc\u00ea dever\u00e1 inserir um c\u00f3digo promocional.<\/li>\n<\/ol>\n\n\n\n<p>Lembre-se de ler os termos e condi\u00e7\u00f5es de cada b\u00f4nus para entender os requisitos de apostas e outras regras importantes.<\/p>\n\n\n\n<h2 class=\"wp-block-heading\">Como Fazer Dep\u00f3sitos de 3 Reais<\/h2>\n\n\n\n<p>Para realizar um dep\u00f3sito de 3 reais nas plataformas recomendadas, siga estes passos:<\/p>\n\n\n\n<ol class=\"wp-block-list\">\n<li>Escolha uma plataforma que aceite dep\u00f3sitos de R$3;<\/li>\n\n\n\n<li>Cadastre-se usando nosso link exclusivo;<\/li>\n\n\n\n<li>Acesse a \u00e1rea de dep\u00f3sito;<\/li>\n\n\n\n<li>Selecione o m\u00e9todo de pagamento (como Pix);<\/li>\n\n\n\n<li>Insira o valor de R$3;<\/li>\n\n\n\n<li>Confirme a transa\u00e7\u00e3o e aguarde a confirma\u00e7\u00e3o do dep\u00f3sito.<\/li>\n<\/ol>\n\n\n\n<p>Dica: Gerencie seus dep\u00f3sitos de forma eficiente, aproveitando ao m\u00e1ximo os b\u00f4nus oferecidos pelas plataformas.<\/p>\n\n\n\n<h2 class=\"wp-block-heading\">Perguntas Frequentes sobre Plataformas de 3 Reais<\/h2>\n\n\n\n<div class=\"wp-block-getwid-accordion has-icon-left\" data-active-element=\"none\">\n<div class=\"wp-block-getwid-accordion__header-wrapper\"><span class=\"wp-block-getwid-accordion__header\"><a href=\"#\"><span class=\"wp-block-getwid-accordion__header-title\">Quais s\u00e3o as melhores plataformas de 3 reais em 2026?<\/span><span class=\"wp-block-getwid-accordion__icon is-active\"><i class=\"fas fa-plus\"><\/i><\/span><span class=\"wp-block-getwid-accordion__icon is-passive\"><i class=\"fas fa-minus\"><\/i><\/span><\/a><\/span><\/div><div class=\"wp-block-getwid-accordion__content-wrapper\"><div class=\"wp-block-getwid-accordion__content\">\n<p>As melhores plataformas de 3 reais em 2026 incluem Stake, mBit Casino, MetaSpins, Cloudbet, BcGame e LuckyTiger. Todas oferecem dep\u00f3sitos m\u00ednimos baixos e b\u00f4nus atrativos.<\/p>\n<\/div><\/div>\n\n\n\n<div class=\"wp-block-getwid-accordion__header-wrapper\"><span class=\"wp-block-getwid-accordion__header\"><a href=\"#\"><span class=\"wp-block-getwid-accordion__header-title\">\u00c9 seguro jogar em plataformas que aceitam dep\u00f3sitos de R$3?<\/span><span class=\"wp-block-getwid-accordion__icon is-active\"><i class=\"fas fa-plus\"><\/i><\/span><span class=\"wp-block-getwid-accordion__icon is-passive\"><i class=\"fas fa-minus\"><\/i><\/span><\/a><\/span><\/div><div class=\"wp-block-getwid-accordion__content-wrapper\"><div class=\"wp-block-getwid-accordion__content\">\n<p>Sim, \u00e9 seguro jogar em plataformas que aceitam dep\u00f3sitos de R$3, desde que sejam licenciadas e regulamentadas. Todas as plataformas que recomendamos s\u00e3o confi\u00e1veis e utilizam tecnologias de seguran\u00e7a avan\u00e7adas.<\/p>\n<\/div><\/div>\n\n\n\n<div class=\"wp-block-getwid-accordion__header-wrapper\"><span class=\"wp-block-getwid-accordion__header\"><a href=\"#\"><span class=\"wp-block-getwid-accordion__header-title\">Quais jogos est\u00e3o dispon\u00edveis para dep\u00f3sitos de R$3?<\/span><span class=\"wp-block-getwid-accordion__icon is-active\"><i class=\"fas fa-plus\"><\/i><\/span><span class=\"wp-block-getwid-accordion__icon is-passive\"><i class=\"fas fa-minus\"><\/i><\/span><\/a><\/span><\/div><div class=\"wp-block-getwid-accordion__content-wrapper\"><div class=\"wp-block-getwid-accordion__content\">\n<p>Com um dep\u00f3sito de R$3, voc\u00ea geralmente pode acessar uma ampla variedade de jogos, incluindo <a class=\"wpil_keyword_link\" href=\"https:\/\/www.clovr.com\/br\/casino-games\/bitcoin-slots\/\" title=\"slots\" data-wpil-keyword-link=\"linked\" data-wpil-monitor-id=\"15\">slots<\/a>, jogos de mesa, jogos ao vivo e at\u00e9 mesmo algumas op\u00e7\u00f5es de apostas esportivas, dependendo da plataforma.<\/p>\n<\/div><\/div>\n\n\n\n<div class=\"wp-block-getwid-accordion__header-wrapper\"><span class=\"wp-block-getwid-accordion__header\"><a href=\"#\"><span class=\"wp-block-getwid-accordion__header-title\">Posso obter b\u00f4nus ao fazer um dep\u00f3sito de 3 reais?<\/span><span class=\"wp-block-getwid-accordion__icon is-active\"><i class=\"fas fa-plus\"><\/i><\/span><span class=\"wp-block-getwid-accordion__icon is-passive\"><i class=\"fas fa-minus\"><\/i><\/span><\/a><\/span><\/div><div class=\"wp-block-getwid-accordion__content-wrapper\"><div class=\"wp-block-getwid-accordion__content\">\n<p>Sim, muitas plataformas oferecem b\u00f4nus mesmo para dep\u00f3sitos m\u00ednimos. No entanto, o valor do b\u00f4nus pode ser proporcional ao dep\u00f3sito. Sempre verifique os termos e condi\u00e7\u00f5es para entender como o b\u00f4nus funciona.<\/p>\n<\/div><\/div>\n\n\n\n<div class=\"wp-block-getwid-accordion__header-wrapper\"><span class=\"wp-block-getwid-accordion__header\"><a href=\"#\"><span class=\"wp-block-getwid-accordion__header-title\">Como encontrar novas plataformas de 3 reais?<\/span><span class=\"wp-block-getwid-accordion__icon is-active\"><i class=\"fas fa-plus\"><\/i><\/span><span class=\"wp-block-getwid-accordion__icon is-passive\"><i class=\"fas fa-minus\"><\/i><\/span><\/a><\/span><\/div><div class=\"wp-block-getwid-accordion__content-wrapper\"><div class=\"wp-block-getwid-accordion__content\">\n<p>Para encontrar novas plataformas de 3 reais, fique atento \u00e0s nossas atualiza\u00e7\u00f5es e reviews. Tamb\u00e9m recomendamos pesquisar em f\u00f3runs de apostas e seguir influenciadores do setor para descobrir novas op\u00e7\u00f5es confi\u00e1veis.<\/p>\n\n\n\n<p>Lembre-se sempre de apostar responsavelmente e dentro de seus limites financeiros. As plataformas de 3 reais s\u00e3o uma \u00f3tima maneira de come\u00e7ar a explorar o mundo das apostas online sem grandes riscos.<\/p>\n<\/div><\/div>\n<\/div>\n","protected":false},"excerpt":{"rendered":"<p>As plataformas de apostas com dep\u00f3sito m\u00ednimo de 3 reais s\u00e3o ideais para quem busca come\u00e7ar a apostar com pouco investimento. Essas casas permitem que voc\u00ea experimente diversos jogos e aproveite b\u00f4nus atrativos sem comprometer seu or\u00e7amento. Cassino B\u00f4nus, ofertas e promo\u00e7\u00f5es Propor\u00e7\u00e3o de vit\u00f3rias C\u00f3digo de b\u00f4nus Stake B\u00f4nus de boas-vindas de at\u00e9 R$ [&hellip;]<\/p>\n","protected":false},"author":13,"featured_media":0,"parent":0,"menu_order":0,"comment_status":"closed","ping_status":"closed","template":"","meta":{"_acf_changed":false,"inline_featured_image":false,"footnotes":""},"class_list":["post-972","page","type-page","status-publish","hentry"],"acf":[],"yoast_head":"<!-- This site is optimized with the Yoast SEO plugin v25.7 - https:\/\/yoast.com\/wordpress\/plugins\/seo\/ -->\n<title>Plataformas de 3 Reais: Aposte e Jogue com Dep\u00f3sitos Baixos em maio 2026 | Clovr<\/title>\n<meta name=\"description\" content=\"Descubra as melhores plataformas de 3 reais para apostas e jogos de cassino. Deposite pouco e comece a jogar hoje mesmo com apenas R$3!\" \/>\n<meta name=\"robots\" content=\"index, follow, max-snippet:-1, max-image-preview:large, max-video-preview:-1\" \/>\n<link rel=\"canonical\" href=\"https:\/\/www.clovr.com\/br\/plataforma-de-3-reais\/\" \/>\n<meta property=\"og:locale\" content=\"pt_BR\" \/>\n<meta property=\"og:type\" content=\"article\" \/>\n<meta property=\"og:title\" content=\"Plataformas de 3 Reais: Aposte e Jogue com Dep\u00f3sitos Baixos em maio 2026 | Clovr\" \/>\n<meta property=\"og:description\" content=\"Descubra as melhores plataformas de 3 reais para apostas e jogos de cassino. Deposite pouco e comece a jogar hoje mesmo com apenas R$3!\" \/>\n<meta property=\"og:url\" content=\"https:\/\/www.clovr.com\/br\/plataforma-de-3-reais\/\" \/>\n<meta property=\"og:site_name\" content=\"Clovr Portugu\u00eas\" \/>\n<meta property=\"article:modified_time\" content=\"2025-03-05T09:06:59+00:00\" \/>\n<meta property=\"og:image\" content=\"https:\/\/www.clovr.com\/br\/wp-content\/uploads\/sites\/2\/2024\/08\/stake-casino-pt-homepage-image.jpg\" \/>\n<meta name=\"twitter:card\" content=\"summary_large_image\" \/>\n<meta name=\"twitter:label1\" content=\"Est. tempo de leitura\" \/>\n\t<meta name=\"twitter:data1\" content=\"6 minutos\" \/>\n<script type=\"application\/ld+json\" class=\"yoast-schema-graph\">{\"@context\":\"https:\/\/schema.org\",\"@graph\":[{\"@type\":\"WebPage\",\"@id\":\"https:\/\/www.clovr.com\/br\/plataforma-de-3-reais\/\",\"url\":\"https:\/\/www.clovr.com\/br\/plataforma-de-3-reais\/\",\"name\":\"Plataformas de 3 Reais: Aposte e Jogue com Dep\u00f3sitos Baixos em maio 2026 | Clovr\",\"isPartOf\":{\"@id\":\"https:\/\/www.clovr.com\/br\/#website\"},\"primaryImageOfPage\":{\"@id\":\"https:\/\/www.clovr.com\/br\/plataforma-de-3-reais\/#primaryimage\"},\"image\":{\"@id\":\"https:\/\/www.clovr.com\/br\/plataforma-de-3-reais\/#primaryimage\"},\"thumbnailUrl\":\"https:\/\/www.clovr.com\/br\/wp-content\/uploads\/sites\/2\/2024\/08\/stake-casino-pt-homepage-image.jpg\",\"datePublished\":\"2024-08-23T18:21:13+00:00\",\"dateModified\":\"2025-03-05T09:06:59+00:00\",\"description\":\"Descubra as melhores plataformas de 3 reais para apostas e jogos de cassino. Deposite pouco e comece a jogar hoje mesmo com apenas R$3!\",\"breadcrumb\":{\"@id\":\"https:\/\/www.clovr.com\/br\/plataforma-de-3-reais\/#breadcrumb\"},\"inLanguage\":\"pt-BR\",\"potentialAction\":[{\"@type\":\"ReadAction\",\"target\":[\"https:\/\/www.clovr.com\/br\/plataforma-de-3-reais\/\"]}]},{\"@type\":\"ImageObject\",\"inLanguage\":\"pt-BR\",\"@id\":\"https:\/\/www.clovr.com\/br\/plataforma-de-3-reais\/#primaryimage\",\"url\":\"https:\/\/www.clovr.com\/br\/wp-content\/uploads\/sites\/2\/2024\/08\/stake-casino-pt-homepage-image.jpg\",\"contentUrl\":\"https:\/\/www.clovr.com\/br\/wp-content\/uploads\/sites\/2\/2024\/08\/stake-casino-pt-homepage-image.jpg\",\"width\":900,\"height\":463,\"caption\":\"Stake Casino Pt Homepage Image\"},{\"@type\":\"BreadcrumbList\",\"@id\":\"https:\/\/www.clovr.com\/br\/plataforma-de-3-reais\/#breadcrumb\",\"itemListElement\":[{\"@type\":\"ListItem\",\"position\":1,\"name\":\"Home\",\"item\":\"https:\/\/www.clovr.com\/br\/\"},{\"@type\":\"ListItem\",\"position\":2,\"name\":\"Platforms with a minimum deposit of 3 reais in Junho 2025\"}]},{\"@type\":\"WebSite\",\"@id\":\"https:\/\/www.clovr.com\/br\/#website\",\"url\":\"https:\/\/www.clovr.com\/br\/\",\"name\":\"Clovr Portugu\u00eas\",\"description\":\"\",\"publisher\":{\"@id\":\"https:\/\/www.clovr.com\/br\/#organization\"},\"potentialAction\":[{\"@type\":\"SearchAction\",\"target\":{\"@type\":\"EntryPoint\",\"urlTemplate\":\"https:\/\/www.clovr.com\/br\/?s={search_term_string}\"},\"query-input\":{\"@type\":\"PropertyValueSpecification\",\"valueRequired\":true,\"valueName\":\"search_term_string\"}}],\"inLanguage\":\"pt-BR\"},{\"@type\":\"Organization\",\"@id\":\"https:\/\/www.clovr.com\/br\/#organization\",\"name\":\"Clovr Portugu\u00eas\",\"url\":\"https:\/\/www.clovr.com\/br\/\",\"logo\":{\"@type\":\"ImageObject\",\"inLanguage\":\"pt-BR\",\"@id\":\"https:\/\/www.clovr.com\/br\/#\/schema\/logo\/image\/\",\"url\":\"https:\/\/www.clovr.com\/br\/wp-content\/uploads\/sites\/2\/2023\/04\/clovr@2x.png\",\"contentUrl\":\"https:\/\/www.clovr.com\/br\/wp-content\/uploads\/sites\/2\/2023\/04\/clovr@2x.png\",\"width\":932,\"height\":240,\"caption\":\"Clovr Portugu\u00eas\"},\"image\":{\"@id\":\"https:\/\/www.clovr.com\/br\/#\/schema\/logo\/image\/\"}}]}<\/script>\n<!-- \/ Yoast SEO plugin. -->","yoast_head_json":{"title":"Plataformas de 3 Reais: Aposte e Jogue com Dep\u00f3sitos Baixos em maio 2026 | Clovr","description":"Descubra as melhores plataformas de 3 reais para apostas e jogos de cassino. Deposite pouco e comece a jogar hoje mesmo com apenas R$3!","robots":{"index":"index","follow":"follow","max-snippet":"max-snippet:-1","max-image-preview":"max-image-preview:large","max-video-preview":"max-video-preview:-1"},"canonical":"https:\/\/www.clovr.com\/br\/plataforma-de-3-reais\/","og_locale":"pt_BR","og_type":"article","og_title":"Plataformas de 3 Reais: Aposte e Jogue com Dep\u00f3sitos Baixos em maio 2026 | Clovr","og_description":"Descubra as melhores plataformas de 3 reais para apostas e jogos de cassino. Deposite pouco e comece a jogar hoje mesmo com apenas R$3!","og_url":"https:\/\/www.clovr.com\/br\/plataforma-de-3-reais\/","og_site_name":"Clovr Portugu\u00eas","article_modified_time":"2025-03-05T09:06:59+00:00","og_image":[{"url":"https:\/\/www.clovr.com\/br\/wp-content\/uploads\/sites\/2\/2024\/08\/stake-casino-pt-homepage-image.jpg","type":"","width":"","height":""}],"twitter_card":"summary_large_image","twitter_misc":{"Est. tempo de leitura":"6 minutos"},"schema":{"@context":"https:\/\/schema.org","@graph":[{"@type":"WebPage","@id":"https:\/\/www.clovr.com\/br\/plataforma-de-3-reais\/","url":"https:\/\/www.clovr.com\/br\/plataforma-de-3-reais\/","name":"Plataformas de 3 Reais: Aposte e Jogue com Dep\u00f3sitos Baixos em maio 2026 | Clovr","isPartOf":{"@id":"https:\/\/www.clovr.com\/br\/#website"},"primaryImageOfPage":{"@id":"https:\/\/www.clovr.com\/br\/plataforma-de-3-reais\/#primaryimage"},"image":{"@id":"https:\/\/www.clovr.com\/br\/plataforma-de-3-reais\/#primaryimage"},"thumbnailUrl":"https:\/\/www.clovr.com\/br\/wp-content\/uploads\/sites\/2\/2024\/08\/stake-casino-pt-homepage-image.jpg","datePublished":"2024-08-23T18:21:13+00:00","dateModified":"2025-03-05T09:06:59+00:00","description":"Descubra as melhores plataformas de 3 reais para apostas e jogos de cassino. Deposite pouco e comece a jogar hoje mesmo com apenas R$3!","breadcrumb":{"@id":"https:\/\/www.clovr.com\/br\/plataforma-de-3-reais\/#breadcrumb"},"inLanguage":"pt-BR","potentialAction":[{"@type":"ReadAction","target":["https:\/\/www.clovr.com\/br\/plataforma-de-3-reais\/"]}]},{"@type":"ImageObject","inLanguage":"pt-BR","@id":"https:\/\/www.clovr.com\/br\/plataforma-de-3-reais\/#primaryimage","url":"https:\/\/www.clovr.com\/br\/wp-content\/uploads\/sites\/2\/2024\/08\/stake-casino-pt-homepage-image.jpg","contentUrl":"https:\/\/www.clovr.com\/br\/wp-content\/uploads\/sites\/2\/2024\/08\/stake-casino-pt-homepage-image.jpg","width":900,"height":463,"caption":"Stake Casino Pt Homepage Image"},{"@type":"BreadcrumbList","@id":"https:\/\/www.clovr.com\/br\/plataforma-de-3-reais\/#breadcrumb","itemListElement":[{"@type":"ListItem","position":1,"name":"Home","item":"https:\/\/www.clovr.com\/br\/"},{"@type":"ListItem","position":2,"name":"Platforms with a minimum deposit of 3 reais in Junho 2025"}]},{"@type":"WebSite","@id":"https:\/\/www.clovr.com\/br\/#website","url":"https:\/\/www.clovr.com\/br\/","name":"Clovr Portugu\u00eas","description":"","publisher":{"@id":"https:\/\/www.clovr.com\/br\/#organization"},"potentialAction":[{"@type":"SearchAction","target":{"@type":"EntryPoint","urlTemplate":"https:\/\/www.clovr.com\/br\/?s={search_term_string}"},"query-input":{"@type":"PropertyValueSpecification","valueRequired":true,"valueName":"search_term_string"}}],"inLanguage":"pt-BR"},{"@type":"Organization","@id":"https:\/\/www.clovr.com\/br\/#organization","name":"Clovr Portugu\u00eas","url":"https:\/\/www.clovr.com\/br\/","logo":{"@type":"ImageObject","inLanguage":"pt-BR","@id":"https:\/\/www.clovr.com\/br\/#\/schema\/logo\/image\/","url":"https:\/\/www.clovr.com\/br\/wp-content\/uploads\/sites\/2\/2023\/04\/clovr@2x.png","contentUrl":"https:\/\/www.clovr.com\/br\/wp-content\/uploads\/sites\/2\/2023\/04\/clovr@2x.png","width":932,"height":240,"caption":"Clovr Portugu\u00eas"},"image":{"@id":"https:\/\/www.clovr.com\/br\/#\/schema\/logo\/image\/"}}]}},"_links":{"self":[{"href":"https:\/\/www.clovr.com\/br\/wp-json\/wp\/v2\/pages\/972","targetHints":{"allow":["GET"]}}],"collection":[{"href":"https:\/\/www.clovr.com\/br\/wp-json\/wp\/v2\/pages"}],"about":[{"href":"https:\/\/www.clovr.com\/br\/wp-json\/wp\/v2\/types\/page"}],"author":[{"embeddable":true,"href":"https:\/\/www.clovr.com\/br\/wp-json\/wp\/v2\/users\/13"}],"replies":[{"embeddable":true,"href":"https:\/\/www.clovr.com\/br\/wp-json\/wp\/v2\/comments?post=972"}],"version-history":[{"count":5,"href":"https:\/\/www.clovr.com\/br\/wp-json\/wp\/v2\/pages\/972\/revisions"}],"predecessor-version":[{"id":1832,"href":"https:\/\/www.clovr.com\/br\/wp-json\/wp\/v2\/pages\/972\/revisions\/1832"}],"wp:attachment":[{"href":"https:\/\/www.clovr.com\/br\/wp-json\/wp\/v2\/media?parent=972"}],"curies":[{"name":"wp","href":"https:\/\/api.w.org\/{rel}","templated":true}]}}