{"id":4,"date":"2024-10-09T18:27:08","date_gmt":"2024-10-09T18:27:08","guid":{"rendered":"https:\/\/www.clovr.com\/?page_id=4"},"modified":"2024-10-09T18:27:10","modified_gmt":"2024-10-09T18:27:10","slug":"terms","status":"publish","type":"page","link":"https:\/\/www.clovr.com\/de\/terms\/","title":{"rendered":"Allgemeine Gesch\u00e4ftsbedingungen"},"content":{"rendered":"\n<p>Willkommen auf der Clovr.com-Website von Spike Up Media LLC (die \u201cClovr.com-Site\u201d), einer der interaktiven Websites und Dienste, die von Spike Up Media LLC (\u201cSU\u201d) bereitgestellt werden. Diese Nutzungsbedingungen der Clovr.com-Site (\u201cSCS-Bedingungen\u201d) sowie SU\u2019s Datenschutzrichtlinie (zusammen die \u201cBedingungen\u201d) regeln Ihre Nutzung dieser Clovr.com-Site, der Websites und ihrer Anwendungen, Produkte und Dienstleistungen, die von SU oder seinen verbundenen Unternehmen angeboten werden und einen Link zu den Bedingungen enthalten (zusammen die \u201cDienste\u201d).<\/p>\n\n\n\n<p>Diese SCS-Bedingungen treten ab dem oben genannten Datum in Kraft, und die anderen oben genannten Bedingungen treten ab dem in jedem auf den Diensten ver\u00f6ffentlichten Dokument angegebenen Datum in Kraft. Wenn Sie keine der Bedingungen, einschlie\u00dflich dieser f\u00fcr die Dienste geltenden SCS-Bedingungen, seit dem Datum des Inkrafttretens \u00fcberpr\u00fcft haben, lesen Sie sie bitte sorgf\u00e4ltig durch, bevor Sie die Dienste nutzen. Wir k\u00f6nnen die Bedingungen, einschlie\u00dflich dieser SCS-Bedingungen, in Zukunft \u00e4ndern, daher empfehlen wir Ihnen, die f\u00fcr die von Ihnen genutzten Dienste geltenden Bedingungen, einschlie\u00dflich dieser SCS-Bedingungen, regelm\u00e4\u00dfig zu \u00fcberpr\u00fcfen. Die aktuellste Version der geltenden Bedingungen (zusammen mit ihrem Datum des Inkrafttretens), einschlie\u00dflich dieser SCS-Bedingungen, wird von jedem der Dienste verlinkt sein. Dementsprechend erkl\u00e4ren Sie sich damit einverstanden, dass wir Sie \u00fcber die dann geltenden Bedingungen informieren k\u00f6nnen, indem wir sie auf den Diensten ver\u00f6ffentlichen (oder auf jede andere angemessene Art und Weise, die wir w\u00e4hlen). Wenn Sie mit \u00c4nderungen an den Bedingungen, einschlie\u00dflich dieser SCS-Bedingungen, nicht einverstanden sind, besteht Ihr einziges Rechtsmittel darin, die Nutzung der Dienste einzustellen. Wenn Sie die Dienste weiterhin nutzen, nachdem wir diese Bedingungen, einschlie\u00dflich dieser SCS-Bedingungen, ge\u00e4ndert haben, stellt Ihre fortgesetzte Nutzung Ihre Zustimmung zu allen \u00c4nderungen dar.<\/p>\n\n\n\n<p>Ihre Nutzung der Clovr.com-Site, der Dienste und der Inhalte unterliegt auch Ihrer Einhaltung aller geltenden Gesetze und Vorschriften. Wenn Sie mit den Bedingungen dieser Vereinbarung nicht einverstanden sind, sollten Sie die Clovr.com-Site, die Dienste oder die Inhalte nicht nutzen.<\/p>\n\n\n\n<p>Die Clovr.com-Site bietet Nutzern derzeit verschiedene Funktionen und Dienste, einschlie\u00dflich Casino-Bewertungen, Wettbewerbe, Artikel, Fotogalerien, Videos, Nachrichtenboards und Rankings sowie andere interaktive und nicht-interaktive Funktionen, die von Zeit zu Zeit nach dem Ermessen von SU aktualisiert, gel\u00f6scht oder anderweitig modifiziert werden k\u00f6nnen. In einigen F\u00e4llen gelten sowohl die Bedingungen, einschlie\u00dflich dieser SCS-Bedingungen, als auch separate Richtlinien, Regeln oder Nutzungs- oder Verkaufsbedingungen, die zus\u00e4tzliche oder abweichende Bedingungen festlegen, f\u00fcr Ihre Nutzung der Clovr.com-Site oder f\u00fcr einen \u00fcber die Clovr.com-Site angebotenen Dienst oder ein Produkt (in jedem solchen Fall und zusammenfassend \u201cZus\u00e4tzliche Bedingungen\u201d). Soweit es einen Konflikt zwischen den Bedingungen und Zus\u00e4tzlichen Bedingungen gibt, gelten die Zus\u00e4tzlichen Bedingungen, es sei denn, die Zus\u00e4tzlichen Bedingungen sehen ausdr\u00fccklich etwas anderes vor.<\/p>\n\n\n\n<p>SU \u00fcbernimmt keine Verantwortung im Zusammenhang mit Ihrer Nutzung der Clovr.com-Site, der Dienste oder der Inhalte. Die Clovr.com-Site, die Dienste (einschlie\u00dflich, ohne Einschr\u00e4nkung, der Pro-Mitgliedschaft) und die Inhalte werden f\u00fcr Ihre nicht-kommerzielle Unterhaltung und Ihr Vergn\u00fcgen bereitgestellt. Sie d\u00fcrfen keine Inhalte oder Dienste verteilen, modifizieren, ver\u00f6ffentlichen oder \u00f6ffentlich anzeigen, es sei denn, Sie haben die vorherige schriftliche Genehmigung von SU, die nach alleinigem Ermessen von SU verweigert werden kann.<\/p>\n\n\n\n<h2 class=\"wp-block-heading\">NUR F\u00dcR UNTERHALTUNGSZWECKE<\/h2>\n\n\n\n<p>DIE Clovr.com-SITE, DIE DIENSTE UND DIE INHALTE WERDEN NUR F\u00dcR UNTERHALTUNGSZWECKE BEREITGESTELLT UND SIND NICHT F\u00dcR IRGENDEINE FORM VON GL\u00dcCKSSPIEL ODER WETTEN GEDACHT.<\/p>\n\n\n\n<h2 class=\"wp-block-heading\">HAFTUNGSAUSSCHL\u00dcSSE<\/h2>\n\n\n\n<p>SIE VERSTEHEN UND STIMMEN AUSDR\u00dcCKLICH ZU, DASS:<\/p>\n\n\n\n<p>IHRE NUTZUNG DER Clovr.com-SITE, DER DIENSTE, DER INHALTE UND JEGLICHER NACHRICHTEN (WIE UNTEN DEFINIERT) ERFOLGT AUF IHR ALLEINIGES RISIKO. DIE Clovr.com-SITE, DIE DIENSTE UND DIE INHALTE (EINSCHLIESSLICH JEGLICHER NACHRICHTEN) WERDEN AUF EINER \u201cWIE BESEHEN\u201d UND \u201cWIE VERF\u00dcGBAR\u201d BASIS BEREITGESTELLT. SU LEHNT AUSDR\u00dcCKLICH ALLE GARANTIEN JEGLICHER ART AB, OB AUSDR\u00dcCKLICH ODER IMPLIZIT, EINSCHLIESSLICH, ABER NICHT BESCHR\u00c4NKT AUF DIE IMPLIZITEN GARANTIEN DER MARKTG\u00c4NGIGKEIT, DER EIGNUNG F\u00dcR EINEN BESTIMMTEN ZWECK, DER NICHTVERLETZUNG ODER VERUNTREUUNG VON GEISTIGEN EIGENTUMSRECHTEN DRITTER, DES TITELS, DER GEWOHNHEIT, DES HANDELS, DES UNGEST\u00d6RTEN GENUSSES, DER SYSTEMINTEGRATION UND DER FREIHEIT VON COMPUTERVIREN.<\/p>\n\n\n\n<p>SU GIBT KEINE GARANTIE, DASS DIE Clovr.com-SITE, DIENSTE ODER DIE INHALTE (EINSCHLIESSLICH JEGLICHER NACHRICHTEN): (i) IHREN ANFORDERUNGEN ENTSPRECHEN WERDEN, (ii) UNUNTERBROCHEN, P\u00dcNKTLICH, SICHER ODER FEHLERFREI SEIN WERDEN, (iii) DIE ERGEBNISSE, DIE DURCH IHRE NUTZUNG ERZIELT WERDEN K\u00d6NNEN, GENAU ODER ZUVERL\u00c4SSIG SEIN WERDEN, (iv) DIE QUALIT\u00c4T IHREN ERWARTUNGEN ENTSPRECHEN WIRD, UND (v) ALLE FEHLER IN DER AUF DER Clovr.com-SITE BETRIEBENEN SOFTWARE KORRIGIERT WERDEN.<\/p>\n\n\n\n<p>JEGLICHES MATERIAL, DAS DURCH DIE NUTZUNG DER Clovr.com-SITE ODER DER DIENSTE HERUNTERGELADEN ODER ANDERWEITIG ERHALTEN WIRD, ERFOLGT NACH IHREM EIGENEN ERMESSEN UND AUF IHR EIGENES RISIKO, UND SIE SIND ALLEIN VERANTWORTLICH F\u00dcR JEGLICHE SCH\u00c4DEN AN IHNEN ODER IHREM COMPUTERSYSTEM ODER DATENVERLUSTE, DIE AUS DEM HERUNTERLADEN SOLCHEN MATERIALS RESULTIEREN.<\/p>\n\n\n\n<p>KEINE BERATUNG ODER INFORMATION, OB M\u00dcNDLICH ODER SCHRIFTLICH, DIE SIE VON DER Clovr.com-SITE ODER DURCH ODER VON DEN DIENSTEN ODER DEN INHALTEN (EINSCHLIESSLICH JEGLICHER NACHRICHTEN) ERHALTEN, BEGR\u00dcNDET EINE GARANTIE, DIE NICHT AUSDR\u00dcCKLICH IN DEN BEDINGUNGEN ANGEGEBEN IST, UND SU IST IHNEN ODER EINER ANDEREN PARTEI GEGEN\u00dcBER NICHT VERANTWORTLICH ODER HAFTBAR F\u00dcR FALSCHE INFORMATIONEN ODER F\u00dcR VERLUSTE, DIE SIE DURCH IHRE NUTZUNG DER AUF DEN DIENSTEN BEREITGESTELLTEN INHALTE (EINSCHLIESSLICH JEGLICHER NACHRICHTEN) ERLEIDEN.<\/p>\n\n\n\n<p>In einigen Rechtsordnungen ist der Ausschluss impliziter oder anderer Garantien beschr\u00e4nkt oder nicht zul\u00e4ssig, sodass die oben genannten Haftungsausschl\u00fcsse m\u00f6glicherweise nicht in dem Umfang gelten, in dem die Gesetze solcher Rechtsordnungen anwendbar sind.<\/p>\n\n\n\n<h2 class=\"wp-block-heading\">BENUTZERNACHRICHTEN<\/h2>\n\n\n\n<p>In Bezug auf alle Nachrichten, Informationen, Daten, Grafiken, Fotografien, Bilder, kreative Ideen, Statistiken, Ratschl\u00e4ge, Vorhersagen, Konzepte, Know-how, Techniken, Vorschl\u00e4ge oder Verbesserungen oder andere Inhalte, die Sie an die Clovr.com-Site und\/oder im Zusammenhang mit einem der Dienste \u00fcbermitteln, einreichen, posten oder hochladen (jeweils eine \u201cNachricht\u201d), gew\u00e4hren Sie SU durch die \u00dcbermittlung oder das Hochladen einer solchen Nachricht ein unbefristetes, geb\u00fchrenfreies, unterlizenzierbares, nicht exklusives, weltweites und unwiderrufliches Recht und eine Lizenz zur Nutzung, Reproduktion, Modifikation, Ver\u00f6ffentlichung, \u00dcbersetzung, Erstellung abgeleiteter Werke und Verbreitung dieser Nachricht f\u00fcr jeden Zweck, in jeder Form und \u00fcber jedes jetzt bekannte oder sp\u00e4ter entwickelte Medium. Diese Lizenz wird automatisch erteilt, und es wird Ihnen keine Zahlung irgendeiner Art geschuldet. Gelegentlich kann SU Nachrichten von Benutzern anfordern. Ihre Bereitstellung solcher Nachrichten als Antwort auf eine Aufforderung von SU unterliegt der Erteilung einer Lizenz an SU, wie oben angegeben.<\/p>\n\n\n\n<p>Wenn Benutzer Nachrichten auf der Clovr.com-Site oder einem der Dienste posten, hat SU das Recht, aber nicht die Verpflichtung, solche Nachrichten aus beliebigem Grund zu \u00fcberpr\u00fcfen, zu bearbeiten oder zu l\u00f6schen, nach alleinigem und ausschlie\u00dflichem Ermessen von SU. Es ist die Politik von SU, vollst\u00e4ndig mit Strafverfolgungsbeh\u00f6rden und Gerichtsbeschl\u00fcssen zusammenzuarbeiten, die SU auffordern oder verpflichten, pers\u00f6nliche Informationen oder die Beitr\u00e4ge von Personen offenzulegen, die Nachrichten auf der Clovr.com-Site oder einem der Dienste posten, in \u00dcbereinstimmung mit den Bedingungen. Obwohl SU von Zeit zu Zeit Nachrichten \u00fcberwachen und\/oder \u00fcberpr\u00fcfen kann, ist es nicht dazu verpflichtet und \u00fcbernimmt keine Haftung oder Verantwortung in Bezug auf Nachrichten, einschlie\u00dflich solcher, die Fehler, verleumderische Inhalte, Pornografie, Obsz\u00f6nit\u00e4ten oder Ungenauigkeiten enthalten.<\/p>\n\n\n\n<p>Sie erkennen an und stimmen zu, dass SU Nachrichten aufbewahren und auch offenlegen kann, wenn dies gesetzlich vorgeschrieben ist oder wenn SU in gutem Glauben davon ausgeht, dass eine solche Aufbewahrung oder Offenlegung vern\u00fcnftigerweise notwendig ist, um: (a) einem rechtlichen Verfahren nachzukommen; (b) die Bedingungen, einschlie\u00dflich der SCS-Bedingungen, durchzusetzen; \u00a9 auf Anspr\u00fcche zu reagieren, dass eine Nachricht die Rechte Dritter verletzt; oder (d) die Rechte, das Eigentum oder die pers\u00f6nliche Sicherheit von SU, seinen Benutzern und der \u00d6ffentlichkeit zu sch\u00fctzen. Sie verstehen, dass die technische Verarbeitung und \u00dcbertragung der Dienste, einschlie\u00dflich Nachrichten, (a) \u00dcbertragungen \u00fcber verschiedene Netzwerke und (b) \u00c4nderungen zur Anpassung an technische Anforderungen verbindender Netzwerke oder Ger\u00e4te beinhalten kann.<\/p>\n","protected":false},"excerpt":{"rendered":"<p>Willkommen auf der Clovr.com-Website von Spike Up Media LLC (die \u201cClovr.com-Site\u201d), einer der interaktiven Websites und Dienste, die von Spike Up Media LLC (\u201cSU\u201d) bereitgestellt werden. Diese Nutzungsbedingungen der Clovr.com-Site (\u201cSCS-Bedingungen\u201d) sowie SU\u2019s Datenschutzrichtlinie (zusammen die \u201cBedingungen\u201d) regeln Ihre Nutzung dieser Clovr.com-Site, der Websites und ihrer Anwendungen, Produkte und Dienstleistungen, die von SU oder seinen [&hellip;]<\/p>\n","protected":false},"author":1,"featured_media":0,"parent":0,"menu_order":0,"comment_status":"closed","ping_status":"closed","template":"page-full-width.php","meta":{"_acf_changed":false,"inline_featured_image":false,"footnotes":""},"class_list":["post-4","page","type-page","status-publish","hentry"],"acf":[],"yoast_head":"<!-- This site is optimized with the Yoast SEO plugin v25.7 - https:\/\/yoast.com\/wordpress\/plugins\/seo\/ -->\n<title>Allgemeine Gesch\u00e4ftsbedingun | Clovr.com<\/title>\n<meta name=\"robots\" content=\"index, follow, max-snippet:-1, max-image-preview:large, max-video-preview:-1\" \/>\n<link rel=\"canonical\" href=\"https:\/\/www.clovr.com\/de\/terms\/\" \/>\n<meta property=\"og:locale\" content=\"de_DE\" \/>\n<meta property=\"og:type\" content=\"article\" \/>\n<meta property=\"og:title\" content=\"Allgemeine Gesch\u00e4ftsbedingun | Clovr.com\" \/>\n<meta property=\"og:description\" content=\"Willkommen auf der Clovr.com-Website von Spike Up Media LLC (die \u201cClovr.com-Site\u201d), einer der interaktiven Websites und Dienste, die von Spike Up Media LLC (\u201cSU\u201d) bereitgestellt werden. Diese Nutzungsbedingungen der Clovr.com-Site (\u201cSCS-Bedingungen\u201d) sowie SU\u2019s Datenschutzrichtlinie (zusammen die \u201cBedingungen\u201d) regeln Ihre Nutzung dieser Clovr.com-Site, der Websites und ihrer Anwendungen, Produkte und Dienstleistungen, die von SU oder seinen [&hellip;]\" \/>\n<meta property=\"og:url\" content=\"https:\/\/www.clovr.com\/de\/terms\/\" \/>\n<meta property=\"og:site_name\" content=\"Clovr Deutsch\" \/>\n<meta property=\"article:modified_time\" content=\"2024-10-09T18:27:10+00:00\" \/>\n<meta name=\"twitter:card\" content=\"summary_large_image\" \/>\n<meta name=\"twitter:label1\" content=\"Gesch\u00e4tzte Lesezeit\" \/>\n\t<meta name=\"twitter:data1\" content=\"7\u00a0Minuten\" \/>\n<script type=\"application\/ld+json\" class=\"yoast-schema-graph\">{\"@context\":\"https:\/\/schema.org\",\"@graph\":[{\"@type\":\"WebPage\",\"@id\":\"https:\/\/www.clovr.com\/de\/terms\/\",\"url\":\"https:\/\/www.clovr.com\/de\/terms\/\",\"name\":\"Allgemeine Gesch\u00e4ftsbedingun | Clovr.com\",\"isPartOf\":{\"@id\":\"https:\/\/www.clovr.com\/de\/#website\"},\"datePublished\":\"2024-10-09T18:27:08+00:00\",\"dateModified\":\"2024-10-09T18:27:10+00:00\",\"breadcrumb\":{\"@id\":\"https:\/\/www.clovr.com\/de\/terms\/#breadcrumb\"},\"inLanguage\":\"de\",\"potentialAction\":[{\"@type\":\"ReadAction\",\"target\":[\"https:\/\/www.clovr.com\/de\/terms\/\"]}]},{\"@type\":\"BreadcrumbList\",\"@id\":\"https:\/\/www.clovr.com\/de\/terms\/#breadcrumb\",\"itemListElement\":[{\"@type\":\"ListItem\",\"position\":1,\"name\":\"Home\",\"item\":\"https:\/\/www.clovr.com\/de\/\"},{\"@type\":\"ListItem\",\"position\":2,\"name\":\"Allgemeine Gesch\u00e4ftsbedingungen\"}]},{\"@type\":\"WebSite\",\"@id\":\"https:\/\/www.clovr.com\/de\/#website\",\"url\":\"https:\/\/www.clovr.com\/de\/\",\"name\":\"Clovr Deutsch\",\"description\":\"\",\"publisher\":{\"@id\":\"https:\/\/www.clovr.com\/de\/#organization\"},\"potentialAction\":[{\"@type\":\"SearchAction\",\"target\":{\"@type\":\"EntryPoint\",\"urlTemplate\":\"https:\/\/www.clovr.com\/de\/?s={search_term_string}\"},\"query-input\":{\"@type\":\"PropertyValueSpecification\",\"valueRequired\":true,\"valueName\":\"search_term_string\"}}],\"inLanguage\":\"de\"},{\"@type\":\"Organization\",\"@id\":\"https:\/\/www.clovr.com\/de\/#organization\",\"name\":\"Clovr Deutsch\",\"url\":\"https:\/\/www.clovr.com\/de\/\",\"logo\":{\"@type\":\"ImageObject\",\"inLanguage\":\"de\",\"@id\":\"https:\/\/www.clovr.com\/de\/#\/schema\/logo\/image\/\",\"url\":\"https:\/\/www.clovr.com\/de\/wp-content\/uploads\/sites\/4\/2023\/04\/clovr@2x.png\",\"contentUrl\":\"https:\/\/www.clovr.com\/de\/wp-content\/uploads\/sites\/4\/2023\/04\/clovr@2x.png\",\"width\":932,\"height\":240,\"caption\":\"Clovr Deutsch\"},\"image\":{\"@id\":\"https:\/\/www.clovr.com\/de\/#\/schema\/logo\/image\/\"}}]}<\/script>\n<!-- \/ Yoast SEO plugin. -->","yoast_head_json":{"title":"Allgemeine Gesch\u00e4ftsbedingun | Clovr.com","robots":{"index":"index","follow":"follow","max-snippet":"max-snippet:-1","max-image-preview":"max-image-preview:large","max-video-preview":"max-video-preview:-1"},"canonical":"https:\/\/www.clovr.com\/de\/terms\/","og_locale":"de_DE","og_type":"article","og_title":"Allgemeine Gesch\u00e4ftsbedingun | Clovr.com","og_description":"Willkommen auf der Clovr.com-Website von Spike Up Media LLC (die \u201cClovr.com-Site\u201d), einer der interaktiven Websites und Dienste, die von Spike Up Media LLC (\u201cSU\u201d) bereitgestellt werden. Diese Nutzungsbedingungen der Clovr.com-Site (\u201cSCS-Bedingungen\u201d) sowie SU\u2019s Datenschutzrichtlinie (zusammen die \u201cBedingungen\u201d) regeln Ihre Nutzung dieser Clovr.com-Site, der Websites und ihrer Anwendungen, Produkte und Dienstleistungen, die von SU oder seinen [&hellip;]","og_url":"https:\/\/www.clovr.com\/de\/terms\/","og_site_name":"Clovr Deutsch","article_modified_time":"2024-10-09T18:27:10+00:00","twitter_card":"summary_large_image","twitter_misc":{"Gesch\u00e4tzte Lesezeit":"7\u00a0Minuten"},"schema":{"@context":"https:\/\/schema.org","@graph":[{"@type":"WebPage","@id":"https:\/\/www.clovr.com\/de\/terms\/","url":"https:\/\/www.clovr.com\/de\/terms\/","name":"Allgemeine Gesch\u00e4ftsbedingun | Clovr.com","isPartOf":{"@id":"https:\/\/www.clovr.com\/de\/#website"},"datePublished":"2024-10-09T18:27:08+00:00","dateModified":"2024-10-09T18:27:10+00:00","breadcrumb":{"@id":"https:\/\/www.clovr.com\/de\/terms\/#breadcrumb"},"inLanguage":"de","potentialAction":[{"@type":"ReadAction","target":["https:\/\/www.clovr.com\/de\/terms\/"]}]},{"@type":"BreadcrumbList","@id":"https:\/\/www.clovr.com\/de\/terms\/#breadcrumb","itemListElement":[{"@type":"ListItem","position":1,"name":"Home","item":"https:\/\/www.clovr.com\/de\/"},{"@type":"ListItem","position":2,"name":"Allgemeine Gesch\u00e4ftsbedingungen"}]},{"@type":"WebSite","@id":"https:\/\/www.clovr.com\/de\/#website","url":"https:\/\/www.clovr.com\/de\/","name":"Clovr Deutsch","description":"","publisher":{"@id":"https:\/\/www.clovr.com\/de\/#organization"},"potentialAction":[{"@type":"SearchAction","target":{"@type":"EntryPoint","urlTemplate":"https:\/\/www.clovr.com\/de\/?s={search_term_string}"},"query-input":{"@type":"PropertyValueSpecification","valueRequired":true,"valueName":"search_term_string"}}],"inLanguage":"de"},{"@type":"Organization","@id":"https:\/\/www.clovr.com\/de\/#organization","name":"Clovr Deutsch","url":"https:\/\/www.clovr.com\/de\/","logo":{"@type":"ImageObject","inLanguage":"de","@id":"https:\/\/www.clovr.com\/de\/#\/schema\/logo\/image\/","url":"https:\/\/www.clovr.com\/de\/wp-content\/uploads\/sites\/4\/2023\/04\/clovr@2x.png","contentUrl":"https:\/\/www.clovr.com\/de\/wp-content\/uploads\/sites\/4\/2023\/04\/clovr@2x.png","width":932,"height":240,"caption":"Clovr Deutsch"},"image":{"@id":"https:\/\/www.clovr.com\/de\/#\/schema\/logo\/image\/"}}]}},"_links":{"self":[{"href":"https:\/\/www.clovr.com\/de\/wp-json\/wp\/v2\/pages\/4","targetHints":{"allow":["GET"]}}],"collection":[{"href":"https:\/\/www.clovr.com\/de\/wp-json\/wp\/v2\/pages"}],"about":[{"href":"https:\/\/www.clovr.com\/de\/wp-json\/wp\/v2\/types\/page"}],"author":[{"embeddable":true,"href":"https:\/\/www.clovr.com\/de\/wp-json\/wp\/v2\/users\/1"}],"replies":[{"embeddable":true,"href":"https:\/\/www.clovr.com\/de\/wp-json\/wp\/v2\/comments?post=4"}],"version-history":[{"count":1,"href":"https:\/\/www.clovr.com\/de\/wp-json\/wp\/v2\/pages\/4\/revisions"}],"predecessor-version":[{"id":961,"href":"https:\/\/www.clovr.com\/de\/wp-json\/wp\/v2\/pages\/4\/revisions\/961"}],"wp:attachment":[{"href":"https:\/\/www.clovr.com\/de\/wp-json\/wp\/v2\/media?parent=4"}],"curies":[{"name":"wp","href":"https:\/\/api.w.org\/{rel}","templated":true}]}}