{"id":939,"date":"2024-10-09T16:39:44","date_gmt":"2024-10-09T16:39:44","guid":{"rendered":"https:\/\/www.clovr.com\/de\/?page_id=939"},"modified":"2025-01-13T14:36:14","modified_gmt":"2025-01-13T14:36:14","slug":"gambling-addiction","status":"publish","type":"page","link":"https:\/\/www.clovr.com\/de\/gambling-addiction\/","title":{"rendered":"Verantwortungsvolles Gl\u00fccksspiel bei Clovr.com"},"content":{"rendered":"\n<p>Bei Clovr.com setzen wir uns f\u00fcr die F\u00f6rderung einer sicheren und angenehmen Spielumgebung ein. Wir glauben, dass Casino-Spiele eine Form der Unterhaltung sein sollten und nicht zu finanziellen oder emotionalen Belastungen f\u00fchren d\u00fcrfen. Unser Engagement f\u00fcr verantwortungsvolles Gl\u00fccksspiel steht im Mittelpunkt all unserer Aktivit\u00e4ten.<\/p>\n\n\n\n<h2 class=\"wp-block-heading\">Unser Engagement<\/h2>\n\n\n\n<p>Wir w\u00e4hlen sorgf\u00e4ltig Online-Gl\u00fccksspielplattformen aus und empfehlen sie, die nicht nur aufregende Erlebnisse bieten, sondern auch die Sicherheit und das Wohlbefinden der Spieler priorisieren. Alle von Clovr.com empfohlenen Casinos sind:<\/p>\n\n\n\n<ul class=\"wp-block-list\">\n<li>Vollst\u00e4ndig lizenziert und reguliert<\/li>\n\n\n\n<li>Konform mit strengen Richtlinien f\u00fcr faires Spiel<\/li>\n\n\n\n<li>Engagiert in der Pr\u00e4vention von gl\u00fccksspielbezogenen Sch\u00e4den<\/li>\n\n\n\n<li>Ausgestattet mit Tools und Ressourcen zur Unterst\u00fctzung verantwortungsvollen Gl\u00fccksspiels<\/li>\n<\/ul>\n\n\n\n<h2 class=\"wp-block-heading\">Prinzipien des verantwortungsvollen Gl\u00fccksspiels<\/h2>\n\n\n\n<p>Um sicherzustellen, dass Ihre Spielerfahrung positiv bleibt, empfehlen wir Ihnen, diese Prinzipien zu befolgen:<\/p>\n\n\n\n<ul class=\"wp-block-list\">\n<li>Setzen Sie klare finanzielle Grenzen, bevor Sie zu spielen beginnen<\/li>\n\n\n\n<li>Legen Sie ein Zeitlimit f\u00fcr Ihre Spielsitzungen fest<\/li>\n\n\n\n<li>Spielen Sie nur mit Geld, das Sie sich leisten k\u00f6nnen zu verlieren<\/li>\n\n\n\n<li>Jagen Sie niemals Verlusten hinterher<\/li>\n\n\n\n<li>Machen Sie regelm\u00e4\u00dfige Pausen, um \u00fcber Ihr Spielverhalten nachzudenken<\/li>\n\n\n\n<li>Vermeiden Sie das Gl\u00fccksspiel unter Einfluss von Alkohol oder Drogen<\/li>\n\n\n\n<li>Balancieren Sie Gl\u00fccksspiel mit anderen Aktivit\u00e4ten und Hobbys<\/li>\n<\/ul>\n\n\n\n<h2 class=\"wp-block-heading\">Erkennen von problematischem Gl\u00fccksspiel<\/h2>\n\n\n\n<p>Es ist wichtig, Anzeichen zu erkennen, die auf problematisches Gl\u00fccksspielverhalten hindeuten k\u00f6nnen:<\/p>\n\n\n\n<ul class=\"wp-block-list\">\n<li>Das Gef\u00fchl, Ihr Gl\u00fccksspiel geheim halten zu m\u00fcssen<\/li>\n\n\n\n<li>Schwierigkeiten, Ihre Gl\u00fccksspielgewohnheiten zu kontrollieren<\/li>\n\n\n\n<li>Gl\u00fccksspiel mit Geld, das f\u00fcr wesentliche Ausgaben ben\u00f6tigt wird<\/li>\n\n\n\n<li>Starke emotionale Reaktionen auf Gl\u00fccksspielergebnisse<\/li>\n\n\n\n<li>Vernachl\u00e4ssigung von Arbeit, Familie oder pers\u00f6nlichen Verantwortlichkeiten aufgrund von Gl\u00fccksspiel<\/li>\n\n\n\n<li>Geld leihen oder Besitzt\u00fcmer verkaufen, um Gl\u00fccksspiel zu finanzieren<\/li>\n<\/ul>\n\n\n\n<p>Wenn Sie sich mit einem dieser Anzeichen identifizieren k\u00f6nnen, empfehlen wir Ihnen dringend, Hilfe zu suchen. Es gibt zahlreiche Organisationen, die kostenlose, vertrauliche Unterst\u00fctzung f\u00fcr Menschen mit Gl\u00fccksspielproblemen anbieten.<\/p>\n\n\n\n<h2 class=\"wp-block-heading\">Tools f\u00fcr verantwortungsvolles Gl\u00fccksspiel<\/h2>\n\n\n\n<p>Seri\u00f6se Online-Casinos bieten verschiedene Tools, um Ihnen zu helfen, die Kontrolle \u00fcber Ihr Gl\u00fccksspiel zu behalten:<\/p>\n\n\n\n<ul class=\"wp-block-list\">\n<li>Einzahlungslimits: Legen Sie t\u00e4gliche, w\u00f6chentliche oder monatliche Grenzen f\u00fcr Ihre Einzahlungen fest<\/li>\n\n\n\n<li>Einsatzlimits: Kontrollieren Sie den maximalen Betrag, den Sie innerhalb eines bestimmten Zeitraums setzen k\u00f6nnen<\/li>\n\n\n\n<li>Verlustlimits: Legen Sie eine Obergrenze f\u00fcr Ihre Verluste in einem bestimmten Zeitraum fest<\/li>\n\n\n\n<li>Sitzungszeitlimits: Stellen Sie Erinnerungen oder automatische Abmeldungen nach einer bestimmten Zeit ein<\/li>\n\n\n\n<li>Realit\u00e4tschecks: Erhalten Sie Pop-up-Benachrichtigungen \u00fcber Ihre verbrachte Zeit beim Gl\u00fccksspiel<\/li>\n\n\n\n<li>Selbstausschluss: Blockieren Sie vor\u00fcbergehend oder dauerhaft den Zugang zu Ihrem Spielkonto<\/li>\n<\/ul>\n\n\n\n<h2 class=\"wp-block-heading\">Schutz von Minderj\u00e4hrigen<\/h2>\n\n\n\n<p>Clovr.com und unsere empfohlenen Plattformen verbieten strikt Gl\u00fccksspiele f\u00fcr Personen unter 18 Jahren (oder dem gesetzlichen Gl\u00fccksspiel-Alter in Ihrer Jurisdiktion). Wir ermutigen Eltern und Erziehungsberechtigte:<\/p>\n\n\n\n<ul class=\"wp-block-list\">\n<li>Jugendschutzsoftware zu verwenden, um den Zugang zu Gl\u00fccksspiel-Websites zu beschr\u00e4nken<\/li>\n\n\n\n<li>Anmeldedaten sicher und au\u00dferhalb der Reichweite von Minderj\u00e4hrigen aufzubewahren<\/li>\n\n\n\n<li>Junge Menschen \u00fcber die mit Gl\u00fccksspiel verbundenen Risiken aufzukl\u00e4ren<\/li>\n<\/ul>\n\n\n\n<h2 class=\"wp-block-heading\">Hilfe suchen<\/h2>\n\n\n\n<p>Wenn Sie oder jemand, den Sie kennen, mit gl\u00fccksspielbezogenen Problemen k\u00e4mpft, z\u00f6gern Sie nicht, professionelle Hilfe in Anspruch zu nehmen. Hier sind einige wertvolle Ressourcen:<\/p>\n\n\n\n<ol class=\"wp-block-list\">\n<li>Therapie gegen Spielsucht<\/li>\n\n\n\n<li>BeGambleAware<\/li>\n\n\n\n<li>eCOGRA &#8211; iGaming Testing &amp; Inspection (eCommerce Online Gaming Regulation and Assurance)<\/li>\n\n\n\n<li>Spielsucht-Therapie.de<\/li>\n\n\n\n<li>AS &#8211; Aktive Suchthilfe e.V.<\/li>\n\n\n\n<li>International Association of Gaming Regulators<\/li>\n\n\n\n<li>Anonymen Spielern<\/li>\n\n\n\n<li>Gamblers Anonymous<\/li>\n\n\n\n<li>Check dein Spiel<\/li>\n<\/ol>\n\n\n\n<h2 class=\"wp-block-heading\">Unser Team f\u00fcr verantwortungsvolles Gl\u00fccksspiel<\/h2>\n\n\n\n<p>Bei Clovr.com haben wir ein engagiertes Team f\u00fcr verantwortungsvolles Gl\u00fccksspiel, das:<\/p>\n\n\n\n<ul class=\"wp-block-list\">\n<li>Unsere Ma\u00dfnahmen f\u00fcr verantwortungsvolles Gl\u00fccksspiel kontinuierlich verbessert<\/li>\n\n\n\n<li>Neue Pr\u00e4ventions- und Interventionsstrategien entwickelt<\/li>\n\n\n\n<li>Unser Personal in Praktiken des verantwortungsvollen Gl\u00fccksspiels schult<\/li>\n\n\n\n<li>Als Anlaufstelle f\u00fcr alle gl\u00fccksspielbezogenen Anliegen dient<\/li>\n<\/ul>\n\n\n\n<h2 class=\"wp-block-heading\">Kontaktieren Sie uns<\/h2>\n\n\n\n<p>Wenn Sie Fragen oder Bedenken zum verantwortungsvollen Gl\u00fccksspiel haben oder Unterst\u00fctzung ben\u00f6tigen, z\u00f6gern Sie bitte nicht, unser Team f\u00fcr verantwortungsvolles Gl\u00fccksspiel unter responsible.gambling@clovr.com zu kontaktieren.<\/p>\n\n\n\n<p>Denken Sie daran: Bei Clovr.com setzen wir uns daf\u00fcr ein, dass Ihre Casino-Spielerfahrung unterhaltsam, sicher und unter Ihrer Kontrolle bleibt. Spielen Sie verantwortungsvoll und genie\u00dfen Sie die Unterhaltung, die Casino-Spiele bieten k\u00f6nnen.<\/p>\n","protected":false},"excerpt":{"rendered":"<p>Bei Clovr.com setzen wir uns f\u00fcr die F\u00f6rderung einer sicheren und angenehmen Spielumgebung ein. Wir glauben, dass Casino-Spiele eine Form der Unterhaltung sein sollten und nicht zu finanziellen oder emotionalen Belastungen f\u00fchren d\u00fcrfen. Unser Engagement f\u00fcr verantwortungsvolles Gl\u00fccksspiel steht im Mittelpunkt all unserer Aktivit\u00e4ten. Unser Engagement Wir w\u00e4hlen sorgf\u00e4ltig Online-Gl\u00fccksspielplattformen aus und empfehlen sie, die [&hellip;]<\/p>\n","protected":false},"author":18,"featured_media":0,"parent":0,"menu_order":0,"comment_status":"closed","ping_status":"closed","template":"","meta":{"_acf_changed":false,"inline_featured_image":false,"footnotes":""},"class_list":["post-939","page","type-page","status-publish","hentry"],"acf":[],"yoast_head":"<!-- This site is optimized with the Yoast SEO plugin v25.7 - https:\/\/yoast.com\/wordpress\/plugins\/seo\/ -->\n<title>Verantwortungsvolles Gl\u00fccksspiel bei Clovr.com - Clovr Deutsch<\/title>\n<meta name=\"robots\" content=\"index, follow, max-snippet:-1, max-image-preview:large, max-video-preview:-1\" \/>\n<link rel=\"canonical\" href=\"https:\/\/www.clovr.com\/de\/gambling-addiction\/\" \/>\n<meta property=\"og:locale\" content=\"de_DE\" \/>\n<meta property=\"og:type\" content=\"article\" \/>\n<meta property=\"og:title\" content=\"Verantwortungsvolles Gl\u00fccksspiel bei Clovr.com - Clovr Deutsch\" \/>\n<meta property=\"og:description\" content=\"Bei Clovr.com setzen wir uns f\u00fcr die F\u00f6rderung einer sicheren und angenehmen Spielumgebung ein. Wir glauben, dass Casino-Spiele eine Form der Unterhaltung sein sollten und nicht zu finanziellen oder emotionalen Belastungen f\u00fchren d\u00fcrfen. Unser Engagement f\u00fcr verantwortungsvolles Gl\u00fccksspiel steht im Mittelpunkt all unserer Aktivit\u00e4ten. Unser Engagement Wir w\u00e4hlen sorgf\u00e4ltig Online-Gl\u00fccksspielplattformen aus und empfehlen sie, die [&hellip;]\" \/>\n<meta property=\"og:url\" content=\"https:\/\/www.clovr.com\/de\/gambling-addiction\/\" \/>\n<meta property=\"og:site_name\" content=\"Clovr Deutsch\" \/>\n<meta property=\"article:modified_time\" content=\"2025-01-13T14:36:14+00:00\" \/>\n<meta name=\"twitter:card\" content=\"summary_large_image\" \/>\n<meta name=\"twitter:label1\" content=\"Gesch\u00e4tzte Lesezeit\" \/>\n\t<meta name=\"twitter:data1\" content=\"4\u00a0Minuten\" \/>\n<script type=\"application\/ld+json\" class=\"yoast-schema-graph\">{\"@context\":\"https:\/\/schema.org\",\"@graph\":[{\"@type\":\"WebPage\",\"@id\":\"https:\/\/www.clovr.com\/de\/gambling-addiction\/\",\"url\":\"https:\/\/www.clovr.com\/de\/gambling-addiction\/\",\"name\":\"Verantwortungsvolles Gl\u00fccksspiel bei Clovr.com - Clovr Deutsch\",\"isPartOf\":{\"@id\":\"https:\/\/www.clovr.com\/de\/#website\"},\"datePublished\":\"2024-10-09T16:39:44+00:00\",\"dateModified\":\"2025-01-13T14:36:14+00:00\",\"breadcrumb\":{\"@id\":\"https:\/\/www.clovr.com\/de\/gambling-addiction\/#breadcrumb\"},\"inLanguage\":\"de\",\"potentialAction\":[{\"@type\":\"ReadAction\",\"target\":[\"https:\/\/www.clovr.com\/de\/gambling-addiction\/\"]}]},{\"@type\":\"BreadcrumbList\",\"@id\":\"https:\/\/www.clovr.com\/de\/gambling-addiction\/#breadcrumb\",\"itemListElement\":[{\"@type\":\"ListItem\",\"position\":1,\"name\":\"Home\",\"item\":\"https:\/\/www.clovr.com\/de\/\"},{\"@type\":\"ListItem\",\"position\":2,\"name\":\"Verantwortungsvolles Gl\u00fccksspiel bei Clovr.com\"}]},{\"@type\":\"WebSite\",\"@id\":\"https:\/\/www.clovr.com\/de\/#website\",\"url\":\"https:\/\/www.clovr.com\/de\/\",\"name\":\"Clovr Deutsch\",\"description\":\"\",\"publisher\":{\"@id\":\"https:\/\/www.clovr.com\/de\/#organization\"},\"potentialAction\":[{\"@type\":\"SearchAction\",\"target\":{\"@type\":\"EntryPoint\",\"urlTemplate\":\"https:\/\/www.clovr.com\/de\/?s={search_term_string}\"},\"query-input\":{\"@type\":\"PropertyValueSpecification\",\"valueRequired\":true,\"valueName\":\"search_term_string\"}}],\"inLanguage\":\"de\"},{\"@type\":\"Organization\",\"@id\":\"https:\/\/www.clovr.com\/de\/#organization\",\"name\":\"Clovr Deutsch\",\"url\":\"https:\/\/www.clovr.com\/de\/\",\"logo\":{\"@type\":\"ImageObject\",\"inLanguage\":\"de\",\"@id\":\"https:\/\/www.clovr.com\/de\/#\/schema\/logo\/image\/\",\"url\":\"https:\/\/www.clovr.com\/de\/wp-content\/uploads\/sites\/4\/2023\/04\/clovr@2x.png\",\"contentUrl\":\"https:\/\/www.clovr.com\/de\/wp-content\/uploads\/sites\/4\/2023\/04\/clovr@2x.png\",\"width\":932,\"height\":240,\"caption\":\"Clovr Deutsch\"},\"image\":{\"@id\":\"https:\/\/www.clovr.com\/de\/#\/schema\/logo\/image\/\"}}]}<\/script>\n<!-- \/ Yoast SEO plugin. -->","yoast_head_json":{"title":"Verantwortungsvolles Gl\u00fccksspiel bei Clovr.com - Clovr Deutsch","robots":{"index":"index","follow":"follow","max-snippet":"max-snippet:-1","max-image-preview":"max-image-preview:large","max-video-preview":"max-video-preview:-1"},"canonical":"https:\/\/www.clovr.com\/de\/gambling-addiction\/","og_locale":"de_DE","og_type":"article","og_title":"Verantwortungsvolles Gl\u00fccksspiel bei Clovr.com - Clovr Deutsch","og_description":"Bei Clovr.com setzen wir uns f\u00fcr die F\u00f6rderung einer sicheren und angenehmen Spielumgebung ein. Wir glauben, dass Casino-Spiele eine Form der Unterhaltung sein sollten und nicht zu finanziellen oder emotionalen Belastungen f\u00fchren d\u00fcrfen. Unser Engagement f\u00fcr verantwortungsvolles Gl\u00fccksspiel steht im Mittelpunkt all unserer Aktivit\u00e4ten. Unser Engagement Wir w\u00e4hlen sorgf\u00e4ltig Online-Gl\u00fccksspielplattformen aus und empfehlen sie, die [&hellip;]","og_url":"https:\/\/www.clovr.com\/de\/gambling-addiction\/","og_site_name":"Clovr Deutsch","article_modified_time":"2025-01-13T14:36:14+00:00","twitter_card":"summary_large_image","twitter_misc":{"Gesch\u00e4tzte Lesezeit":"4\u00a0Minuten"},"schema":{"@context":"https:\/\/schema.org","@graph":[{"@type":"WebPage","@id":"https:\/\/www.clovr.com\/de\/gambling-addiction\/","url":"https:\/\/www.clovr.com\/de\/gambling-addiction\/","name":"Verantwortungsvolles Gl\u00fccksspiel bei Clovr.com - Clovr Deutsch","isPartOf":{"@id":"https:\/\/www.clovr.com\/de\/#website"},"datePublished":"2024-10-09T16:39:44+00:00","dateModified":"2025-01-13T14:36:14+00:00","breadcrumb":{"@id":"https:\/\/www.clovr.com\/de\/gambling-addiction\/#breadcrumb"},"inLanguage":"de","potentialAction":[{"@type":"ReadAction","target":["https:\/\/www.clovr.com\/de\/gambling-addiction\/"]}]},{"@type":"BreadcrumbList","@id":"https:\/\/www.clovr.com\/de\/gambling-addiction\/#breadcrumb","itemListElement":[{"@type":"ListItem","position":1,"name":"Home","item":"https:\/\/www.clovr.com\/de\/"},{"@type":"ListItem","position":2,"name":"Verantwortungsvolles Gl\u00fccksspiel bei Clovr.com"}]},{"@type":"WebSite","@id":"https:\/\/www.clovr.com\/de\/#website","url":"https:\/\/www.clovr.com\/de\/","name":"Clovr Deutsch","description":"","publisher":{"@id":"https:\/\/www.clovr.com\/de\/#organization"},"potentialAction":[{"@type":"SearchAction","target":{"@type":"EntryPoint","urlTemplate":"https:\/\/www.clovr.com\/de\/?s={search_term_string}"},"query-input":{"@type":"PropertyValueSpecification","valueRequired":true,"valueName":"search_term_string"}}],"inLanguage":"de"},{"@type":"Organization","@id":"https:\/\/www.clovr.com\/de\/#organization","name":"Clovr Deutsch","url":"https:\/\/www.clovr.com\/de\/","logo":{"@type":"ImageObject","inLanguage":"de","@id":"https:\/\/www.clovr.com\/de\/#\/schema\/logo\/image\/","url":"https:\/\/www.clovr.com\/de\/wp-content\/uploads\/sites\/4\/2023\/04\/clovr@2x.png","contentUrl":"https:\/\/www.clovr.com\/de\/wp-content\/uploads\/sites\/4\/2023\/04\/clovr@2x.png","width":932,"height":240,"caption":"Clovr Deutsch"},"image":{"@id":"https:\/\/www.clovr.com\/de\/#\/schema\/logo\/image\/"}}]}},"_links":{"self":[{"href":"https:\/\/www.clovr.com\/de\/wp-json\/wp\/v2\/pages\/939","targetHints":{"allow":["GET"]}}],"collection":[{"href":"https:\/\/www.clovr.com\/de\/wp-json\/wp\/v2\/pages"}],"about":[{"href":"https:\/\/www.clovr.com\/de\/wp-json\/wp\/v2\/types\/page"}],"author":[{"embeddable":true,"href":"https:\/\/www.clovr.com\/de\/wp-json\/wp\/v2\/users\/18"}],"replies":[{"embeddable":true,"href":"https:\/\/www.clovr.com\/de\/wp-json\/wp\/v2\/comments?post=939"}],"version-history":[{"count":2,"href":"https:\/\/www.clovr.com\/de\/wp-json\/wp\/v2\/pages\/939\/revisions"}],"predecessor-version":[{"id":978,"href":"https:\/\/www.clovr.com\/de\/wp-json\/wp\/v2\/pages\/939\/revisions\/978"}],"wp:attachment":[{"href":"https:\/\/www.clovr.com\/de\/wp-json\/wp\/v2\/media?parent=939"}],"curies":[{"name":"wp","href":"https:\/\/api.w.org\/{rel}","templated":true}]}}