{"id":959,"date":"2024-10-09T18:18:22","date_gmt":"2024-10-09T18:18:22","guid":{"rendered":"https:\/\/www.clovr.com\/de\/?page_id=959"},"modified":"2024-10-09T18:18:22","modified_gmt":"2024-10-09T18:18:22","slug":"about-us","status":"publish","type":"page","link":"https:\/\/www.clovr.com\/de\/about-us\/","title":{"rendered":"\u00dcber Clovr.com"},"content":{"rendered":"\n<p>Willkommen bei Clovr.com, Ihrer erstklassigen Anlaufstelle f\u00fcr Experteneinblicke in die Welt der Krypto-Casinos und dar\u00fcber hinaus. Wir stehen an der Spitze der digitalen Gl\u00fccksspielrevolution und bieten umfassende Berichterstattung \u00fcber Bitcoin-Casinos und andere Kryptow\u00e4hrungs-Gl\u00fccksspielplattformen. Doch unsere Expertise endet nicht dort \u2013 wir sind Ihr umfassender Leitfaden f\u00fcr alle Facetten des Online-Casino-Spiels.<\/p>\n\n\n\n<h2 class=\"wp-block-heading\">Unser Fokus<\/h2>\n\n\n\n<p>Bei Clovr.com spezialisieren wir uns auf:<\/p>\n\n\n\n<ol class=\"wp-block-list\">\n<li>Krypto-Casinos: Unser Hauptaugenmerk liegt auf Bitcoin- und anderen kryptow\u00e4hrungsbasierten Gl\u00fccksspielplattformen. Wir bieten detaillierte Bewertungen und Anleitungen zur Navigation durch die Krypto-Gl\u00fccksspiellandschaft.<\/li>\n\n\n\n<li>Umfassende Casino-Berichterstattung: \u00dcber Krypto hinaus bieten wir umfangreiche Informationen zu:\n<ul class=\"wp-block-list\">\n<li>Traditionellen Online-Casinos<\/li>\n\n\n\n<li>Gewinnspiel- und Social Casinos<\/li>\n\n\n\n<li>Echtgeld-Spielplattformen<\/li>\n\n\n\n<li>Mobile Casino-Apps<\/li>\n<\/ul>\n<\/li>\n\n\n\n<li>Boni und Promotionen: Wir analysieren alle Arten von Casino-Boni, von kryptospezifischen Angeboten bis hin zu traditionellen Willkommenspaketen und Treueprogrammen.<\/li>\n\n\n\n<li>Casino-Spiele: Unsere Experten bieten Anleitungen und Strategien f\u00fcr eine breite Palette von Spielen, einschlie\u00dflich Spielautomaten, Tischspiele, Live-Dealer-Optionen und mehr.<\/li>\n\n\n\n<li>Branchennachrichten und Trends: Bleiben Sie mit unserer aktuellen Berichterstattung \u00fcber die neuesten Entwicklungen im Online-Gl\u00fccksspiel informiert.<\/li>\n<\/ol>\n\n\n\n<h2 class=\"wp-block-heading\">Unsere Mission<\/h2>\n\n\n\n<p>Clovr hat es sich zur Aufgabe gemacht, Spieler mit Wissen zu st\u00e4rken und fundierte Entscheidungen \u00fcber alle Arten von Online-Gl\u00fccksspielerfahrungen zu erm\u00f6glichen. Wir streben danach:<\/p>\n\n\n\n<ul class=\"wp-block-list\">\n<li>Unvoreingenommene, gr\u00fcndliche Bewertungen von Krypto- und traditionellen Online-Casinos zu liefern<\/li>\n\n\n\n<li>Klare, umsetzbare Ratschl\u00e4ge zur Maximierung von Boni und Promotionen anzubieten<\/li>\n\n\n\n<li>Experteneinblicke in Spielstrategien und Gewinnchancen zu vermitteln<\/li>\n\n\n\n<li>Verantwortungsvolles Gl\u00fccksspiel sowohl in Krypto- als auch in traditionellen Spielumgebungen zu f\u00f6rdern<\/li>\n<\/ul>\n\n\n\n<h2 class=\"wp-block-heading\">Unser Engagement f\u00fcr Exzellenz<\/h2>\n\n\n\n<p>Bei Clovr.com sind wir stolz auf:<\/p>\n\n\n\n<ul class=\"wp-block-list\">\n<li>Ersthandige, gr\u00fcndliche Tests aller bewerteten Plattformen<\/li>\n\n\n\n<li>Regelm\u00e4\u00dfige Aktualisierungen, um die schnelllebigen Ver\u00e4nderungen in der Branche widerzuspiegeln<\/li>\n\n\n\n<li>Strikte redaktionelle Unabh\u00e4ngigkeit, um unvoreingenommene Empfehlungen zu gew\u00e4hrleisten<\/li>\n\n\n\n<li>Einen starken Fokus auf Sicherheit, Fairness und verantwortungsvolles Spielen<\/li>\n<\/ul>\n\n\n\n<h2 class=\"wp-block-heading\">Warum Clovr.com w\u00e4hlen?<\/h2>\n\n\n\n<p>Ob Sie ein Krypto-Enthusiast sind, der Bitcoin-Casinos erkunden m\u00f6chte, oder ein traditioneller Spieler auf der Suche nach den besten Boni, Clovr.com ist Ihre vertrauensw\u00fcrdige Ressource. Wir bieten:<\/p>\n\n\n\n<ul class=\"wp-block-list\">\n<li>Eingehende Analysen von Krypto-Gl\u00fccksspielplattformen und -technologien<\/li>\n\n\n\n<li>Umfassende Bewertungen aller Arten von Online-Casinos<\/li>\n\n\n\n<li>Expertenm\u00e4\u00dfige Aufschl\u00fcsselungen von Bonusangeboten und deren wahrem Wert<\/li>\n\n\n\n<li>Aktuelle Informationen zu rechtlichen und regulatorischen Landschaften<\/li>\n\n\n\n<li>Spezielle Abschnitte zu verantwortungsvollem Gl\u00fccksspiel und Spielersicherheit<\/li>\n<\/ul>\n\n\n\n<p>Vielen Dank, dass Sie Clovr.com als Ihren Leitfaden f\u00fcr die aufregende Welt des Online-Casino-Spiels gew\u00e4hlt haben, von hochmodernen Krypto-Plattformen bis hin zu klassischen Casino-Erlebnissen. Wir sind hier, um sicherzustellen, dass Ihre Spielreise informiert, sicher und angenehm ist.<\/p>\n","protected":false},"excerpt":{"rendered":"<p>Willkommen bei Clovr.com, Ihrer erstklassigen Anlaufstelle f\u00fcr Experteneinblicke in die Welt der Krypto-Casinos und dar\u00fcber hinaus. Wir stehen an der Spitze der digitalen Gl\u00fccksspielrevolution und bieten umfassende Berichterstattung \u00fcber Bitcoin-Casinos und andere Kryptow\u00e4hrungs-Gl\u00fccksspielplattformen. Doch unsere Expertise endet nicht dort \u2013 wir sind Ihr umfassender Leitfaden f\u00fcr alle Facetten des Online-Casino-Spiels. Unser Fokus Bei Clovr.com spezialisieren [&hellip;]<\/p>\n","protected":false},"author":1,"featured_media":0,"parent":0,"menu_order":0,"comment_status":"closed","ping_status":"closed","template":"page-full-width.php","meta":{"_acf_changed":false,"inline_featured_image":false,"footnotes":""},"class_list":["post-959","page","type-page","status-publish","hentry"],"acf":[],"yoast_head":"<!-- This site is optimized with the Yoast SEO plugin v25.7 - https:\/\/yoast.com\/wordpress\/plugins\/seo\/ -->\n<title>\u00dcber | Clovr.com<\/title>\n<meta name=\"robots\" content=\"index, follow, max-snippet:-1, max-image-preview:large, max-video-preview:-1\" \/>\n<link rel=\"canonical\" href=\"https:\/\/www.clovr.com\/de\/about-us\/\" \/>\n<meta property=\"og:locale\" content=\"de_DE\" \/>\n<meta property=\"og:type\" content=\"article\" \/>\n<meta property=\"og:title\" content=\"\u00dcber | Clovr.com\" \/>\n<meta property=\"og:description\" content=\"Willkommen bei Clovr.com, Ihrer erstklassigen Anlaufstelle f\u00fcr Experteneinblicke in die Welt der Krypto-Casinos und dar\u00fcber hinaus. Wir stehen an der Spitze der digitalen Gl\u00fccksspielrevolution und bieten umfassende Berichterstattung \u00fcber Bitcoin-Casinos und andere Kryptow\u00e4hrungs-Gl\u00fccksspielplattformen. Doch unsere Expertise endet nicht dort \u2013 wir sind Ihr umfassender Leitfaden f\u00fcr alle Facetten des Online-Casino-Spiels. Unser Fokus Bei Clovr.com spezialisieren [&hellip;]\" \/>\n<meta property=\"og:url\" content=\"https:\/\/www.clovr.com\/de\/about-us\/\" \/>\n<meta property=\"og:site_name\" content=\"Clovr Deutsch\" \/>\n<meta name=\"twitter:card\" content=\"summary_large_image\" \/>\n<meta name=\"twitter:label1\" content=\"Gesch\u00e4tzte Lesezeit\" \/>\n\t<meta name=\"twitter:data1\" content=\"3\u00a0Minuten\" \/>\n<script type=\"application\/ld+json\" class=\"yoast-schema-graph\">{\"@context\":\"https:\/\/schema.org\",\"@graph\":[{\"@type\":\"WebPage\",\"@id\":\"https:\/\/www.clovr.com\/de\/about-us\/\",\"url\":\"https:\/\/www.clovr.com\/de\/about-us\/\",\"name\":\"\u00dcber | Clovr.com\",\"isPartOf\":{\"@id\":\"https:\/\/www.clovr.com\/de\/#website\"},\"datePublished\":\"2024-10-09T18:18:22+00:00\",\"breadcrumb\":{\"@id\":\"https:\/\/www.clovr.com\/de\/about-us\/#breadcrumb\"},\"inLanguage\":\"de\",\"potentialAction\":[{\"@type\":\"ReadAction\",\"target\":[\"https:\/\/www.clovr.com\/de\/about-us\/\"]}]},{\"@type\":\"BreadcrumbList\",\"@id\":\"https:\/\/www.clovr.com\/de\/about-us\/#breadcrumb\",\"itemListElement\":[{\"@type\":\"ListItem\",\"position\":1,\"name\":\"Home\",\"item\":\"https:\/\/www.clovr.com\/de\/\"},{\"@type\":\"ListItem\",\"position\":2,\"name\":\"\u00dcber Clovr.com\"}]},{\"@type\":\"WebSite\",\"@id\":\"https:\/\/www.clovr.com\/de\/#website\",\"url\":\"https:\/\/www.clovr.com\/de\/\",\"name\":\"Clovr Deutsch\",\"description\":\"\",\"publisher\":{\"@id\":\"https:\/\/www.clovr.com\/de\/#organization\"},\"potentialAction\":[{\"@type\":\"SearchAction\",\"target\":{\"@type\":\"EntryPoint\",\"urlTemplate\":\"https:\/\/www.clovr.com\/de\/?s={search_term_string}\"},\"query-input\":{\"@type\":\"PropertyValueSpecification\",\"valueRequired\":true,\"valueName\":\"search_term_string\"}}],\"inLanguage\":\"de\"},{\"@type\":\"Organization\",\"@id\":\"https:\/\/www.clovr.com\/de\/#organization\",\"name\":\"Clovr Deutsch\",\"url\":\"https:\/\/www.clovr.com\/de\/\",\"logo\":{\"@type\":\"ImageObject\",\"inLanguage\":\"de\",\"@id\":\"https:\/\/www.clovr.com\/de\/#\/schema\/logo\/image\/\",\"url\":\"https:\/\/www.clovr.com\/de\/wp-content\/uploads\/sites\/4\/2023\/04\/clovr@2x.png\",\"contentUrl\":\"https:\/\/www.clovr.com\/de\/wp-content\/uploads\/sites\/4\/2023\/04\/clovr@2x.png\",\"width\":932,\"height\":240,\"caption\":\"Clovr Deutsch\"},\"image\":{\"@id\":\"https:\/\/www.clovr.com\/de\/#\/schema\/logo\/image\/\"}}]}<\/script>\n<!-- \/ Yoast SEO plugin. -->","yoast_head_json":{"title":"\u00dcber | Clovr.com","robots":{"index":"index","follow":"follow","max-snippet":"max-snippet:-1","max-image-preview":"max-image-preview:large","max-video-preview":"max-video-preview:-1"},"canonical":"https:\/\/www.clovr.com\/de\/about-us\/","og_locale":"de_DE","og_type":"article","og_title":"\u00dcber | Clovr.com","og_description":"Willkommen bei Clovr.com, Ihrer erstklassigen Anlaufstelle f\u00fcr Experteneinblicke in die Welt der Krypto-Casinos und dar\u00fcber hinaus. Wir stehen an der Spitze der digitalen Gl\u00fccksspielrevolution und bieten umfassende Berichterstattung \u00fcber Bitcoin-Casinos und andere Kryptow\u00e4hrungs-Gl\u00fccksspielplattformen. Doch unsere Expertise endet nicht dort \u2013 wir sind Ihr umfassender Leitfaden f\u00fcr alle Facetten des Online-Casino-Spiels. Unser Fokus Bei Clovr.com spezialisieren [&hellip;]","og_url":"https:\/\/www.clovr.com\/de\/about-us\/","og_site_name":"Clovr Deutsch","twitter_card":"summary_large_image","twitter_misc":{"Gesch\u00e4tzte Lesezeit":"3\u00a0Minuten"},"schema":{"@context":"https:\/\/schema.org","@graph":[{"@type":"WebPage","@id":"https:\/\/www.clovr.com\/de\/about-us\/","url":"https:\/\/www.clovr.com\/de\/about-us\/","name":"\u00dcber | Clovr.com","isPartOf":{"@id":"https:\/\/www.clovr.com\/de\/#website"},"datePublished":"2024-10-09T18:18:22+00:00","breadcrumb":{"@id":"https:\/\/www.clovr.com\/de\/about-us\/#breadcrumb"},"inLanguage":"de","potentialAction":[{"@type":"ReadAction","target":["https:\/\/www.clovr.com\/de\/about-us\/"]}]},{"@type":"BreadcrumbList","@id":"https:\/\/www.clovr.com\/de\/about-us\/#breadcrumb","itemListElement":[{"@type":"ListItem","position":1,"name":"Home","item":"https:\/\/www.clovr.com\/de\/"},{"@type":"ListItem","position":2,"name":"\u00dcber Clovr.com"}]},{"@type":"WebSite","@id":"https:\/\/www.clovr.com\/de\/#website","url":"https:\/\/www.clovr.com\/de\/","name":"Clovr Deutsch","description":"","publisher":{"@id":"https:\/\/www.clovr.com\/de\/#organization"},"potentialAction":[{"@type":"SearchAction","target":{"@type":"EntryPoint","urlTemplate":"https:\/\/www.clovr.com\/de\/?s={search_term_string}"},"query-input":{"@type":"PropertyValueSpecification","valueRequired":true,"valueName":"search_term_string"}}],"inLanguage":"de"},{"@type":"Organization","@id":"https:\/\/www.clovr.com\/de\/#organization","name":"Clovr Deutsch","url":"https:\/\/www.clovr.com\/de\/","logo":{"@type":"ImageObject","inLanguage":"de","@id":"https:\/\/www.clovr.com\/de\/#\/schema\/logo\/image\/","url":"https:\/\/www.clovr.com\/de\/wp-content\/uploads\/sites\/4\/2023\/04\/clovr@2x.png","contentUrl":"https:\/\/www.clovr.com\/de\/wp-content\/uploads\/sites\/4\/2023\/04\/clovr@2x.png","width":932,"height":240,"caption":"Clovr Deutsch"},"image":{"@id":"https:\/\/www.clovr.com\/de\/#\/schema\/logo\/image\/"}}]}},"_links":{"self":[{"href":"https:\/\/www.clovr.com\/de\/wp-json\/wp\/v2\/pages\/959","targetHints":{"allow":["GET"]}}],"collection":[{"href":"https:\/\/www.clovr.com\/de\/wp-json\/wp\/v2\/pages"}],"about":[{"href":"https:\/\/www.clovr.com\/de\/wp-json\/wp\/v2\/types\/page"}],"author":[{"embeddable":true,"href":"https:\/\/www.clovr.com\/de\/wp-json\/wp\/v2\/users\/1"}],"replies":[{"embeddable":true,"href":"https:\/\/www.clovr.com\/de\/wp-json\/wp\/v2\/comments?post=959"}],"version-history":[{"count":1,"href":"https:\/\/www.clovr.com\/de\/wp-json\/wp\/v2\/pages\/959\/revisions"}],"predecessor-version":[{"id":960,"href":"https:\/\/www.clovr.com\/de\/wp-json\/wp\/v2\/pages\/959\/revisions\/960"}],"wp:attachment":[{"href":"https:\/\/www.clovr.com\/de\/wp-json\/wp\/v2\/media?parent=959"}],"curies":[{"name":"wp","href":"https:\/\/api.w.org\/{rel}","templated":true}]}}