{"id":4,"date":"2024-10-09T17:11:24","date_gmt":"2024-10-09T17:11:24","guid":{"rendered":"https:\/\/www.clovr.com\/?page_id=4"},"modified":"2024-10-09T17:11:26","modified_gmt":"2024-10-09T17:11:26","slug":"terms","status":"publish","type":"page","link":"https:\/\/www.clovr.com\/es\/terms\/","title":{"rendered":"T\u00e9rminos y Condiciones"},"content":{"rendered":"\n<p>Bienvenido al sitio web Clovr.com de Spike Up Media LLC (el \u00abSitio Clovr.com\u00bb), uno de los sitios web interactivos y servicios proporcionados por Spike Up Media LLC (\u201cSU\u201d). Estos T\u00e9rminos de Uso del Sitio Clovr.com (\u201cT\u00e9rminos SCS\u201d), junto con la Pol\u00edtica de Privacidad de SU (colectivamente, los \u201cT\u00e9rminos\u201d) rigen su uso de este Sitio Clovr.com, sitios web y sus aplicaciones, productos y servicios ofrecidos por SU o sus afiliados que incluyen un enlace a los T\u00e9rminos (colectivamente, los \u201cServicios\u201d).<\/p>\n\n\n\n<p>Estos T\u00e9rminos SCS son efectivos a partir de la Fecha Efectiva indicada arriba y los otros T\u00e9rminos referenciados anteriormente son efectivos a partir de la fecha efectiva proporcionada en cada documento publicado en los Servicios. Si no ha revisado ninguno de los T\u00e9rminos, incluyendo estos T\u00e9rminos SCS aplicables a los Servicios desde la Fecha Efectiva, por favor rev\u00edselos cuidadosamente antes de usar los Servicios. Podemos cambiar los T\u00e9rminos, incluyendo estos T\u00e9rminos SCS, en el futuro, por lo que le animamos a revisar peri\u00f3dicamente los T\u00e9rminos, incluyendo estos T\u00e9rminos SCS, aplicables a los Servicios que utiliza. La versi\u00f3n m\u00e1s actual de los T\u00e9rminos aplicables (junto con su fecha de vigencia), incluyendo estos T\u00e9rminos SCS, estar\u00e1 enlazada desde cada uno de los Servicios. En consecuencia, usted acepta que podemos notificarle los T\u00e9rminos aplicables en ese momento public\u00e1ndolos en los Servicios (o de cualquier otra manera razonable de notificaci\u00f3n que elijamos). Si no est\u00e1 de acuerdo con cualquier cambio en cualquiera de los T\u00e9rminos, incluyendo estos T\u00e9rminos SCS, su \u00fanico recurso es dejar de usar los Servicios. Si contin\u00faa usando los Servicios despu\u00e9s de que cambiemos estos T\u00e9rminos, incluyendo estos T\u00e9rminos SCS, su uso continuado constituye su aceptaci\u00f3n de todos los cambios.<\/p>\n\n\n\n<p>Su uso del Sitio Clovr.com, los Servicios y el Contenido tambi\u00e9n est\u00e1n sujetos a su cumplimiento de todas las leyes y regulaciones aplicables. Si no est\u00e1 de acuerdo con alguno de los t\u00e9rminos y condiciones de este acuerdo, no debe usar el Sitio Clovr.com, los Servicios o el Contenido.<\/p>\n\n\n\n<p>El Sitio Clovr.com actualmente proporciona a los usuarios varias caracter\u00edsticas y servicios, incluyendo contenido de revisi\u00f3n de casinos, concursos, art\u00edculos, galer\u00edas de fotos, video, foros de mensajes y clasificaciones y otras caracter\u00edsticas interactivas y no interactivas, todo lo cual puede ser actualizado, eliminado o modificado de otra manera de vez en cuando a discreci\u00f3n de SU. En algunos casos, tanto los T\u00e9rminos, incluyendo estos T\u00e9rminos SCS, como pautas, reglas o t\u00e9rminos de uso o venta separados que establecen t\u00e9rminos y\/o condiciones adicionales o diferentes se aplicar\u00e1n a su uso del Sitio Clovr.com, o a un servicio o producto ofrecido a trav\u00e9s del Sitio Clovr.com (en cada uno de estos casos, y colectivamente, \u201cT\u00e9rminos Adicionales\u201d). En la medida en que haya un conflicto entre los T\u00e9rminos y cualquier T\u00e9rmino Adicional, los T\u00e9rminos Adicionales prevalecer\u00e1n a menos que los T\u00e9rminos Adicionales expresamente indiquen lo contrario.<\/p>\n\n\n\n<p>SU no asume ninguna responsabilidad en relaci\u00f3n con su uso del Sitio Clovr.com, los Servicios o el Contenido. El Sitio Clovr.com, los Servicios (incluyendo, sin limitaci\u00f3n, la Membres\u00eda Pro) y el Contenido se proporcionan para su entretenimiento y disfrute no comercial. No puede distribuir, modificar, republicar o mostrar p\u00fablicamente ninguno de los Contenidos o Servicios a menos que tenga el permiso previo por escrito de SU, permiso que puede ser retenido a la sola discreci\u00f3n de SU.<\/p>\n\n\n\n<h2 class=\"wp-block-heading\"><strong>SOLO PARA FINES DE ENTRETENIMIENTO<\/strong><\/h2>\n\n\n\n<p>EL SITIO Clovr.com, LOS SERVICIOS Y EL CONTENIDO SE PROPORCIONAN SOLO PARA FINES DE ENTRETENIMIENTO Y NO EST\u00c1N DESTINADOS A SER UTILIZADOS PARA NINGUNA FORMA DE JUEGO O APUESTA.<\/p>\n\n\n\n<h2 class=\"wp-block-heading\"><strong>DESCARGOS DE RESPONSABILIDAD<\/strong><\/h2>\n\n\n\n<p>USTED ENTIENDE Y ACEPTA EXPRESAMENTE QUE:<\/p>\n\n\n\n<p>SU USO DEL SITIO Clovr.com, LOS SERVICIOS, EL CONTENIDO Y CUALQUIER MENSAJE (DEFINIDO A CONTINUACI\u00d3N) ES BAJO SU PROPIO RIESGO. EL SITIO Clovr.com, LOS SERVICIOS Y EL CONTENIDO (INCLUYENDO CUALQUIER MENSAJE) SE PROPORCIONAN \u201cTAL CUAL\u201d Y \u201cSEG\u00daN DISPONIBILIDAD\u201d. SU RENUNCIA EXPRESAMENTE A TODAS LAS GARANT\u00cdAS DE CUALQUIER TIPO, YA SEAN EXPRESAS O IMPL\u00cdCITAS, INCLUYENDO, PERO NO LIMITADO A, LAS GARANT\u00cdAS IMPL\u00cdCITAS DE COMERCIABILIDAD, IDONEIDAD PARA UN PROP\u00d3SITO PARTICULAR, NO INFRACCI\u00d3N O APROPIACI\u00d3N INDEBIDA DE DERECHOS DE PROPIEDAD INTELECTUAL DE TERCEROS, T\u00cdTULO, COSTUMBRE, COMERCIO, DISFRUTE TRANQUILO, INTEGRACI\u00d3N DEL SISTEMA Y AUSENCIA DE VIRUS INFORM\u00c1TICOS.<\/p>\n\n\n\n<p>SU NO GARANTIZA QUE EL SITIO Clovr.com, LOS SERVICIOS O EL CONTENIDO (INCLUYENDO CUALQUIER MENSAJE): (i) CUMPLIR\u00c1N CON SUS REQUISITOS, (ii) SER\u00c1N ININTERRUMPIDOS, OPORTUNOS, SEGUROS O LIBRES DE ERRORES, (iii) LOS RESULTADOS QUE SE PUEDAN OBTENER DE SU USO SER\u00c1N PRECISOS O CONFIABLES, (iv) LA CALIDAD CUMPLIR\u00c1 CON SUS EXPECTATIVAS, Y (v) CUALQUIER ERROR EN EL SOFTWARE QUE OPERA EN EL SITIO Clovr.com SER\u00c1 CORREGIDO.<\/p>\n\n\n\n<p>CUALQUIER MATERIAL DESCARGADO U OBTENIDO DE OTRA MANERA A TRAV\u00c9S DEL USO DEL SITIO Clovr.com O LOS SERVICIOS SE HACE BAJO SU PROPIA DISCRECI\u00d3N Y RIESGO Y USTED SER\u00c1 EL \u00daNICO RESPONSABLE DE CUALQUIER DA\u00d1O A USTED, O A SU SISTEMA INFORM\u00c1TICO O P\u00c9RDIDA DE DATOS QUE RESULTE DE LA DESCARGA DE DICHO MATERIAL.<\/p>\n\n\n\n<p>NING\u00daN CONSEJO O INFORMACI\u00d3N, YA SEA ORAL O ESCRITO, OBTENIDO POR USTED DEL SITIO Clovr.com O A TRAV\u00c9S DE O DE LOS SERVICIOS O EL CONTENIDO (INCLUYENDO CUALQUIER MENSAJE) CREAR\u00c1 NINGUNA GARANT\u00cdA NO EXPRESAMENTE ESTABLECIDA EN LOS T\u00c9RMINOS Y SU NO SER\u00c1 RESPONSABLE ANTE USTED O CUALQUIER OTRA PARTE POR CUALQUIER INFORMACI\u00d3N INCORRECTA O POR CUALQUIER P\u00c9RDIDA QUE USTED INCURRA POR SU USO DEL CONTENIDO (INCLUYENDO CUALQUIER MENSAJE) PROPORCIONADO EN LOS SERVICIOS.<\/p>\n\n\n\n<p>Algunas jurisdicciones limitan o no permiten la renuncia de garant\u00edas impl\u00edcitas u otras, por lo que las renuncias anteriores pueden no aplicarse en la medida en que las leyes de dichas jurisdicciones sean aplicables.<\/p>\n\n\n\n<h2 class=\"wp-block-heading\"><strong>MENSAJES DE USUARIO<\/strong><\/h2>\n\n\n\n<p>Con respecto a cualquier mensaje, informaci\u00f3n, datos, gr\u00e1ficos, fotograf\u00edas, im\u00e1genes, ideas creativas, estad\u00edsticas, consejos, predicciones, conceptos, conocimientos, t\u00e9cnicas, sugerencias o mejoras u otro contenido que usted transmita, env\u00ede, publique o cargue al Sitio <a href=\"http:\/\/clovr.com\/\">Clovr.com<\/a> y\/o en conexi\u00f3n con cualquiera de los Servicios (cada uno, un \u201cMensaje\u201d), usted est\u00e1, al transmitir o cargar dicho Mensaje, otorgando a SU un derecho y licencia perpetuos, libres de regal\u00edas, sub-licenciables, no exclusivos, mundiales e irrevocables para usar, reproducir, modificar, publicar, traducir, preparar trabajos derivados basados en, y distribuir dicho Mensaje para cualquier prop\u00f3sito, en cualquier forma y a trav\u00e9s de cualquier medio ahora conocido o desarrollado posteriormente. Esta licencia se otorga autom\u00e1ticamente y no se le deber\u00e1 ning\u00fan pago de ning\u00fan tipo. En ocasiones, SU puede solicitar Mensajes de los usuarios. Su provisi\u00f3n de cualquier Mensaje de este tipo en respuesta a una solicitud de SU estar\u00e1 sujeta a la concesi\u00f3n de una licencia a SU como se especifica anteriormente.<\/p>\n\n\n\n<p>Cuando los usuarios publican Mensajes en el Sitio Clovr.com o cualquiera de los Servicios, SU tendr\u00e1 el derecho, pero no la obligaci\u00f3n, de revisar, editar o eliminar dichos Mensajes por cualquier motivo, a la sola y exclusiva discreci\u00f3n de SU. Es pol\u00edtica de SU cooperar plenamente con las autoridades policiales y las \u00f3rdenes judiciales que soliciten o requieran que SU revele informaci\u00f3n personal o las publicaciones de cualquier persona que publique Mensajes en el Sitio Clovr.com o cualquiera de los Servicios, de acuerdo con los T\u00e9rminos. Aunque SU puede monitorear y\/o revisar los Mensajes de vez en cuando, no est\u00e1 obligado a hacerlo y no asume ninguna responsabilidad con respecto a ning\u00fan Mensaje, incluyendo aquellos que contengan errores, contenido difamatorio, pornograf\u00eda, blasfemias o inexactitudes.<\/p>\n\n\n\n<p>Usted reconoce y acepta que SU puede preservar los Mensajes y tambi\u00e9n puede divulgar los Mensajes si as\u00ed lo requiere la ley o de buena fe cree que dicha preservaci\u00f3n o divulgaci\u00f3n es razonablemente necesaria para: (a) cumplir con el proceso legal; (b) hacer cumplir los T\u00e9rminos, incluidos los T\u00e9rminos SCS; \u00a9 responder a reclamaciones de que cualquier Mensaje viola los derechos de terceros; o (d) proteger los derechos, propiedad o seguridad personal de SU, sus usuarios y el p\u00fablico. Usted entiende que el procesamiento t\u00e9cnico y la transmisi\u00f3n de los Servicios, incluidos los Mensajes, pueden implicar (a) transmisiones a trav\u00e9s de varias redes; y (b) cambios para conformarse y adaptarse a los requisitos t\u00e9cnicos de las redes o dispositivos de conexi\u00f3n.<\/p>\n","protected":false},"excerpt":{"rendered":"<p>Bienvenido al sitio web Clovr.com de Spike Up Media LLC (el \u00abSitio Clovr.com\u00bb), uno de los sitios web interactivos y servicios proporcionados por Spike Up Media LLC (\u201cSU\u201d). Estos T\u00e9rminos de Uso del Sitio Clovr.com (\u201cT\u00e9rminos SCS\u201d), junto con la Pol\u00edtica de Privacidad de SU (colectivamente, los \u201cT\u00e9rminos\u201d) rigen su uso de este Sitio Clovr.com, [&hellip;]<\/p>\n","protected":false},"author":1,"featured_media":0,"parent":0,"menu_order":0,"comment_status":"closed","ping_status":"closed","template":"page-full-width.php","meta":{"_acf_changed":false,"inline_featured_image":false,"footnotes":""},"class_list":["post-4","page","type-page","status-publish","hentry"],"acf":[],"yoast_head":"<!-- This site is optimized with the Yoast SEO plugin v25.7 - https:\/\/yoast.com\/wordpress\/plugins\/seo\/ -->\n<title>T\u00e9rminos y Condiciones - Clovr Espa\u00f1ol<\/title>\n<meta name=\"robots\" content=\"index, follow, max-snippet:-1, max-image-preview:large, max-video-preview:-1\" \/>\n<link rel=\"canonical\" href=\"https:\/\/www.clovr.com\/es\/terms\/\" \/>\n<meta property=\"og:locale\" content=\"es_ES\" \/>\n<meta property=\"og:type\" content=\"article\" \/>\n<meta property=\"og:title\" content=\"T\u00e9rminos y Condiciones - Clovr Espa\u00f1ol\" \/>\n<meta property=\"og:description\" content=\"Bienvenido al sitio web Clovr.com de Spike Up Media LLC (el \u00abSitio Clovr.com\u00bb), uno de los sitios web interactivos y servicios proporcionados por Spike Up Media LLC (\u201cSU\u201d). Estos T\u00e9rminos de Uso del Sitio Clovr.com (\u201cT\u00e9rminos SCS\u201d), junto con la Pol\u00edtica de Privacidad de SU (colectivamente, los \u201cT\u00e9rminos\u201d) rigen su uso de este Sitio Clovr.com, [&hellip;]\" \/>\n<meta property=\"og:url\" content=\"https:\/\/www.clovr.com\/es\/terms\/\" \/>\n<meta property=\"og:site_name\" content=\"Clovr Espa\u00f1ol\" \/>\n<meta property=\"article:modified_time\" content=\"2024-10-09T17:11:26+00:00\" \/>\n<meta name=\"twitter:card\" content=\"summary_large_image\" \/>\n<meta name=\"twitter:label1\" content=\"Tiempo de lectura\" \/>\n\t<meta name=\"twitter:data1\" content=\"7 minutos\" \/>\n<script type=\"application\/ld+json\" class=\"yoast-schema-graph\">{\"@context\":\"https:\/\/schema.org\",\"@graph\":[{\"@type\":\"WebPage\",\"@id\":\"https:\/\/www.clovr.com\/es\/terms\/\",\"url\":\"https:\/\/www.clovr.com\/es\/terms\/\",\"name\":\"T\u00e9rminos y Condiciones - Clovr Espa\u00f1ol\",\"isPartOf\":{\"@id\":\"https:\/\/www.clovr.com\/es\/#website\"},\"datePublished\":\"2024-10-09T17:11:24+00:00\",\"dateModified\":\"2024-10-09T17:11:26+00:00\",\"breadcrumb\":{\"@id\":\"https:\/\/www.clovr.com\/es\/terms\/#breadcrumb\"},\"inLanguage\":\"es\",\"potentialAction\":[{\"@type\":\"ReadAction\",\"target\":[\"https:\/\/www.clovr.com\/es\/terms\/\"]}]},{\"@type\":\"BreadcrumbList\",\"@id\":\"https:\/\/www.clovr.com\/es\/terms\/#breadcrumb\",\"itemListElement\":[{\"@type\":\"ListItem\",\"position\":1,\"name\":\"Home\",\"item\":\"https:\/\/www.clovr.com\/es\/\"},{\"@type\":\"ListItem\",\"position\":2,\"name\":\"T\u00e9rminos y Condiciones\"}]},{\"@type\":\"WebSite\",\"@id\":\"https:\/\/www.clovr.com\/es\/#website\",\"url\":\"https:\/\/www.clovr.com\/es\/\",\"name\":\"Clovr Espa\u00f1ol\",\"description\":\"\",\"publisher\":{\"@id\":\"https:\/\/www.clovr.com\/es\/#organization\"},\"potentialAction\":[{\"@type\":\"SearchAction\",\"target\":{\"@type\":\"EntryPoint\",\"urlTemplate\":\"https:\/\/www.clovr.com\/es\/?s={search_term_string}\"},\"query-input\":{\"@type\":\"PropertyValueSpecification\",\"valueRequired\":true,\"valueName\":\"search_term_string\"}}],\"inLanguage\":\"es\"},{\"@type\":\"Organization\",\"@id\":\"https:\/\/www.clovr.com\/es\/#organization\",\"name\":\"Clovr Espa\u00f1ol\",\"url\":\"https:\/\/www.clovr.com\/es\/\",\"logo\":{\"@type\":\"ImageObject\",\"inLanguage\":\"es\",\"@id\":\"https:\/\/www.clovr.com\/es\/#\/schema\/logo\/image\/\",\"url\":\"https:\/\/www.clovr.com\/es\/wp-content\/uploads\/sites\/3\/2023\/04\/clovr@2x.png\",\"contentUrl\":\"https:\/\/www.clovr.com\/es\/wp-content\/uploads\/sites\/3\/2023\/04\/clovr@2x.png\",\"width\":932,\"height\":240,\"caption\":\"Clovr Espa\u00f1ol\"},\"image\":{\"@id\":\"https:\/\/www.clovr.com\/es\/#\/schema\/logo\/image\/\"}}]}<\/script>\n<!-- \/ Yoast SEO plugin. -->","yoast_head_json":{"title":"T\u00e9rminos y Condiciones - Clovr Espa\u00f1ol","robots":{"index":"index","follow":"follow","max-snippet":"max-snippet:-1","max-image-preview":"max-image-preview:large","max-video-preview":"max-video-preview:-1"},"canonical":"https:\/\/www.clovr.com\/es\/terms\/","og_locale":"es_ES","og_type":"article","og_title":"T\u00e9rminos y Condiciones - Clovr Espa\u00f1ol","og_description":"Bienvenido al sitio web Clovr.com de Spike Up Media LLC (el \u00abSitio Clovr.com\u00bb), uno de los sitios web interactivos y servicios proporcionados por Spike Up Media LLC (\u201cSU\u201d). Estos T\u00e9rminos de Uso del Sitio Clovr.com (\u201cT\u00e9rminos SCS\u201d), junto con la Pol\u00edtica de Privacidad de SU (colectivamente, los \u201cT\u00e9rminos\u201d) rigen su uso de este Sitio Clovr.com, [&hellip;]","og_url":"https:\/\/www.clovr.com\/es\/terms\/","og_site_name":"Clovr Espa\u00f1ol","article_modified_time":"2024-10-09T17:11:26+00:00","twitter_card":"summary_large_image","twitter_misc":{"Tiempo de lectura":"7 minutos"},"schema":{"@context":"https:\/\/schema.org","@graph":[{"@type":"WebPage","@id":"https:\/\/www.clovr.com\/es\/terms\/","url":"https:\/\/www.clovr.com\/es\/terms\/","name":"T\u00e9rminos y Condiciones - Clovr Espa\u00f1ol","isPartOf":{"@id":"https:\/\/www.clovr.com\/es\/#website"},"datePublished":"2024-10-09T17:11:24+00:00","dateModified":"2024-10-09T17:11:26+00:00","breadcrumb":{"@id":"https:\/\/www.clovr.com\/es\/terms\/#breadcrumb"},"inLanguage":"es","potentialAction":[{"@type":"ReadAction","target":["https:\/\/www.clovr.com\/es\/terms\/"]}]},{"@type":"BreadcrumbList","@id":"https:\/\/www.clovr.com\/es\/terms\/#breadcrumb","itemListElement":[{"@type":"ListItem","position":1,"name":"Home","item":"https:\/\/www.clovr.com\/es\/"},{"@type":"ListItem","position":2,"name":"T\u00e9rminos y Condiciones"}]},{"@type":"WebSite","@id":"https:\/\/www.clovr.com\/es\/#website","url":"https:\/\/www.clovr.com\/es\/","name":"Clovr Espa\u00f1ol","description":"","publisher":{"@id":"https:\/\/www.clovr.com\/es\/#organization"},"potentialAction":[{"@type":"SearchAction","target":{"@type":"EntryPoint","urlTemplate":"https:\/\/www.clovr.com\/es\/?s={search_term_string}"},"query-input":{"@type":"PropertyValueSpecification","valueRequired":true,"valueName":"search_term_string"}}],"inLanguage":"es"},{"@type":"Organization","@id":"https:\/\/www.clovr.com\/es\/#organization","name":"Clovr Espa\u00f1ol","url":"https:\/\/www.clovr.com\/es\/","logo":{"@type":"ImageObject","inLanguage":"es","@id":"https:\/\/www.clovr.com\/es\/#\/schema\/logo\/image\/","url":"https:\/\/www.clovr.com\/es\/wp-content\/uploads\/sites\/3\/2023\/04\/clovr@2x.png","contentUrl":"https:\/\/www.clovr.com\/es\/wp-content\/uploads\/sites\/3\/2023\/04\/clovr@2x.png","width":932,"height":240,"caption":"Clovr Espa\u00f1ol"},"image":{"@id":"https:\/\/www.clovr.com\/es\/#\/schema\/logo\/image\/"}}]}},"_links":{"self":[{"href":"https:\/\/www.clovr.com\/es\/wp-json\/wp\/v2\/pages\/4","targetHints":{"allow":["GET"]}}],"collection":[{"href":"https:\/\/www.clovr.com\/es\/wp-json\/wp\/v2\/pages"}],"about":[{"href":"https:\/\/www.clovr.com\/es\/wp-json\/wp\/v2\/types\/page"}],"author":[{"embeddable":true,"href":"https:\/\/www.clovr.com\/es\/wp-json\/wp\/v2\/users\/1"}],"replies":[{"embeddable":true,"href":"https:\/\/www.clovr.com\/es\/wp-json\/wp\/v2\/comments?post=4"}],"version-history":[{"count":1,"href":"https:\/\/www.clovr.com\/es\/wp-json\/wp\/v2\/pages\/4\/revisions"}],"predecessor-version":[{"id":931,"href":"https:\/\/www.clovr.com\/es\/wp-json\/wp\/v2\/pages\/4\/revisions\/931"}],"wp:attachment":[{"href":"https:\/\/www.clovr.com\/es\/wp-json\/wp\/v2\/media?parent=4"}],"curies":[{"name":"wp","href":"https:\/\/api.w.org\/{rel}","templated":true}]}}