{"id":923,"date":"2024-10-09T16:45:02","date_gmt":"2024-10-09T16:45:02","guid":{"rendered":"https:\/\/www.clovr.com\/es\/?page_id=923"},"modified":"2024-10-09T16:45:04","modified_gmt":"2024-10-09T16:45:04","slug":"about-us","status":"publish","type":"page","link":"https:\/\/www.clovr.com\/es\/about-us\/","title":{"rendered":"Acerca de Clovr.com"},"content":{"rendered":"\n<p>Bienvenido a Clovr.com, su destino principal para obtener perspectivas expertas sobre el mundo de los casinos cripto y m\u00e1s all\u00e1. Estamos a la vanguardia de la revoluci\u00f3n del juego digital, ofreciendo una cobertura profunda de los casinos Bitcoin y otras plataformas de juego con criptomonedas. Pero nuestra experiencia no se detiene ah\u00ed \u2013 somos su gu\u00eda integral para todos los aspectos del juego en casinos en l\u00ednea.<\/p>\n\n\n\n<h2 class=\"wp-block-heading\">Nuestro Enfoque<\/h2>\n\n\n\n<p>En Clovr.com, nos especializamos en:<\/p>\n\n\n\n<ol class=\"wp-block-list\">\n<li>Casinos Cripto: Nuestro enfoque principal est\u00e1 en Bitcoin y otras plataformas de juego basadas en criptomonedas. Proporcionamos rese\u00f1as detalladas y orientaci\u00f3n para navegar por el panorama del juego cripto.<\/li>\n\n\n\n<li>Cobertura Integral de Casinos: M\u00e1s all\u00e1 de las criptomonedas, ofrecemos informaci\u00f3n extensa sobre:\n<ul class=\"wp-block-list\">\n<li>Casinos en l\u00ednea tradicionales<\/li>\n\n\n\n<li>Casinos de sorteos y sociales<\/li>\n\n\n\n<li>Plataformas de juego con dinero real<\/li>\n\n\n\n<li>Aplicaciones de casino para m\u00f3viles<\/li>\n<\/ul>\n<\/li>\n\n\n\n<li>Bonos y Promociones: Analizamos todo tipo de bonos de casino, desde ofertas espec\u00edficas de criptomonedas hasta paquetes de bienvenida tradicionales y programas de fidelidad.<\/li>\n\n\n\n<li>Juegos de Casino: Nuestros expertos proporcionan gu\u00edas y estrategias para una amplia gama de juegos, incluyendo tragamonedas, juegos de mesa, opciones de crupier en vivo y m\u00e1s.<\/li>\n\n\n\n<li>Noticias y Tendencias de la Industria: Mant\u00e9ngase informado con nuestra cobertura actualizada de los \u00faltimos desarrollos en el juego en l\u00ednea.<\/li>\n<\/ol>\n\n\n\n<h2 class=\"wp-block-heading\">Nuestra Misi\u00f3n<\/h2>\n\n\n\n<p>Clovr se dedica a empoderar a los jugadores con conocimiento, permitiendo decisiones informadas en todos los tipos de experiencias de juego en l\u00ednea. Nos esforzamos por:<\/p>\n\n\n\n<ul class=\"wp-block-list\">\n<li>Proporcionar rese\u00f1as imparciales y exhaustivas de casinos en l\u00ednea cripto y tradicionales<\/li>\n\n\n\n<li>Ofrecer consejos claros y pr\u00e1cticos sobre c\u00f3mo maximizar los bonos y promociones<\/li>\n\n\n\n<li>Entregar perspectivas expertas sobre estrategias de juego y probabilidades<\/li>\n\n\n\n<li>Promover pr\u00e1cticas de juego responsable tanto en entornos de juego cripto como tradicionales<\/li>\n<\/ul>\n\n\n\n<h2 class=\"wp-block-heading\">Nuestro Compromiso con la Excelencia<\/h2>\n\n\n\n<p>En Clovr.com, nos enorgullecemos de:<\/p>\n\n\n\n<ul class=\"wp-block-list\">\n<li>Realizar pruebas exhaustivas de primera mano en todas las plataformas revisadas<\/li>\n\n\n\n<li>Actualizaciones regulares para reflejar los r\u00e1pidos cambios en la industria<\/li>\n\n\n\n<li>Estricta independencia editorial para garantizar recomendaciones imparciales<\/li>\n\n\n\n<li>Un fuerte enfoque en la seguridad, la equidad y el juego responsable<\/li>\n<\/ul>\n\n\n\n<h2 class=\"wp-block-heading\">\u00bfPor Qu\u00e9 Elegir Clovr.com?<\/h2>\n\n\n\n<p>Ya sea que sea un entusiasta de las criptomonedas que busca explorar los casinos Bitcoin o un jugador tradicional en busca de los mejores bonos, Clovr.com es su recurso de confianza. Ofrecemos:<\/p>\n\n\n\n<ul class=\"wp-block-list\">\n<li>An\u00e1lisis en profundidad de plataformas y tecnolog\u00edas de juego cripto<\/li>\n\n\n\n<li>Rese\u00f1as exhaustivas de todo tipo de casinos en l\u00ednea<\/li>\n\n\n\n<li>Desgloses expertos de ofertas de bonos y su verdadero valor<\/li>\n\n\n\n<li>Informaci\u00f3n actualizada sobre paisajes legales y regulatorios<\/li>\n\n\n\n<li>Secciones dedicadas al juego responsable y la seguridad del jugador<\/li>\n<\/ul>\n\n\n\n<p>Gracias por elegir Clovr.com como su gu\u00eda en el emocionante mundo del juego en casinos en l\u00ednea, desde plataformas cripto de vanguardia hasta experiencias de casino cl\u00e1sicas. Estamos aqu\u00ed para asegurar que su viaje de juego sea informado, seguro y agradable.<\/p>\n","protected":false},"excerpt":{"rendered":"<p>Bienvenido a Clovr.com, su destino principal para obtener perspectivas expertas sobre el mundo de los casinos cripto y m\u00e1s all\u00e1. Estamos a la vanguardia de la revoluci\u00f3n del juego digital, ofreciendo una cobertura profunda de los casinos Bitcoin y otras plataformas de juego con criptomonedas. Pero nuestra experiencia no se detiene ah\u00ed \u2013 somos su [&hellip;]<\/p>\n","protected":false},"author":13,"featured_media":0,"parent":0,"menu_order":0,"comment_status":"closed","ping_status":"closed","template":"","meta":{"_acf_changed":false,"inline_featured_image":false,"footnotes":""},"class_list":["post-923","page","type-page","status-publish","hentry"],"acf":[],"yoast_head":"<!-- This site is optimized with the Yoast SEO plugin v25.7 - https:\/\/yoast.com\/wordpress\/plugins\/seo\/ -->\n<title>Acerca de Clovr.com - Clovr Espa\u00f1ol<\/title>\n<meta name=\"robots\" content=\"index, follow, max-snippet:-1, max-image-preview:large, max-video-preview:-1\" \/>\n<link rel=\"canonical\" href=\"https:\/\/www.clovr.com\/es\/about-us\/\" \/>\n<meta property=\"og:locale\" content=\"es_ES\" \/>\n<meta property=\"og:type\" content=\"article\" \/>\n<meta property=\"og:title\" content=\"Acerca de Clovr.com - Clovr Espa\u00f1ol\" \/>\n<meta property=\"og:description\" content=\"Bienvenido a Clovr.com, su destino principal para obtener perspectivas expertas sobre el mundo de los casinos cripto y m\u00e1s all\u00e1. Estamos a la vanguardia de la revoluci\u00f3n del juego digital, ofreciendo una cobertura profunda de los casinos Bitcoin y otras plataformas de juego con criptomonedas. Pero nuestra experiencia no se detiene ah\u00ed \u2013 somos su [&hellip;]\" \/>\n<meta property=\"og:url\" content=\"https:\/\/www.clovr.com\/es\/about-us\/\" \/>\n<meta property=\"og:site_name\" content=\"Clovr Espa\u00f1ol\" \/>\n<meta property=\"article:modified_time\" content=\"2024-10-09T16:45:04+00:00\" \/>\n<meta name=\"twitter:card\" content=\"summary_large_image\" \/>\n<meta name=\"twitter:label1\" content=\"Tiempo de lectura\" \/>\n\t<meta name=\"twitter:data1\" content=\"3 minutos\" \/>\n<script type=\"application\/ld+json\" class=\"yoast-schema-graph\">{\"@context\":\"https:\/\/schema.org\",\"@graph\":[{\"@type\":\"WebPage\",\"@id\":\"https:\/\/www.clovr.com\/es\/about-us\/\",\"url\":\"https:\/\/www.clovr.com\/es\/about-us\/\",\"name\":\"Acerca de Clovr.com - Clovr Espa\u00f1ol\",\"isPartOf\":{\"@id\":\"https:\/\/www.clovr.com\/es\/#website\"},\"datePublished\":\"2024-10-09T16:45:02+00:00\",\"dateModified\":\"2024-10-09T16:45:04+00:00\",\"breadcrumb\":{\"@id\":\"https:\/\/www.clovr.com\/es\/about-us\/#breadcrumb\"},\"inLanguage\":\"es\",\"potentialAction\":[{\"@type\":\"ReadAction\",\"target\":[\"https:\/\/www.clovr.com\/es\/about-us\/\"]}]},{\"@type\":\"BreadcrumbList\",\"@id\":\"https:\/\/www.clovr.com\/es\/about-us\/#breadcrumb\",\"itemListElement\":[{\"@type\":\"ListItem\",\"position\":1,\"name\":\"Home\",\"item\":\"https:\/\/www.clovr.com\/es\/\"},{\"@type\":\"ListItem\",\"position\":2,\"name\":\"Acerca de Clovr.com\"}]},{\"@type\":\"WebSite\",\"@id\":\"https:\/\/www.clovr.com\/es\/#website\",\"url\":\"https:\/\/www.clovr.com\/es\/\",\"name\":\"Clovr Espa\u00f1ol\",\"description\":\"\",\"publisher\":{\"@id\":\"https:\/\/www.clovr.com\/es\/#organization\"},\"potentialAction\":[{\"@type\":\"SearchAction\",\"target\":{\"@type\":\"EntryPoint\",\"urlTemplate\":\"https:\/\/www.clovr.com\/es\/?s={search_term_string}\"},\"query-input\":{\"@type\":\"PropertyValueSpecification\",\"valueRequired\":true,\"valueName\":\"search_term_string\"}}],\"inLanguage\":\"es\"},{\"@type\":\"Organization\",\"@id\":\"https:\/\/www.clovr.com\/es\/#organization\",\"name\":\"Clovr Espa\u00f1ol\",\"url\":\"https:\/\/www.clovr.com\/es\/\",\"logo\":{\"@type\":\"ImageObject\",\"inLanguage\":\"es\",\"@id\":\"https:\/\/www.clovr.com\/es\/#\/schema\/logo\/image\/\",\"url\":\"https:\/\/www.clovr.com\/es\/wp-content\/uploads\/sites\/3\/2023\/04\/clovr@2x.png\",\"contentUrl\":\"https:\/\/www.clovr.com\/es\/wp-content\/uploads\/sites\/3\/2023\/04\/clovr@2x.png\",\"width\":932,\"height\":240,\"caption\":\"Clovr Espa\u00f1ol\"},\"image\":{\"@id\":\"https:\/\/www.clovr.com\/es\/#\/schema\/logo\/image\/\"}}]}<\/script>\n<!-- \/ Yoast SEO plugin. -->","yoast_head_json":{"title":"Acerca de Clovr.com - Clovr Espa\u00f1ol","robots":{"index":"index","follow":"follow","max-snippet":"max-snippet:-1","max-image-preview":"max-image-preview:large","max-video-preview":"max-video-preview:-1"},"canonical":"https:\/\/www.clovr.com\/es\/about-us\/","og_locale":"es_ES","og_type":"article","og_title":"Acerca de Clovr.com - Clovr Espa\u00f1ol","og_description":"Bienvenido a Clovr.com, su destino principal para obtener perspectivas expertas sobre el mundo de los casinos cripto y m\u00e1s all\u00e1. Estamos a la vanguardia de la revoluci\u00f3n del juego digital, ofreciendo una cobertura profunda de los casinos Bitcoin y otras plataformas de juego con criptomonedas. Pero nuestra experiencia no se detiene ah\u00ed \u2013 somos su [&hellip;]","og_url":"https:\/\/www.clovr.com\/es\/about-us\/","og_site_name":"Clovr Espa\u00f1ol","article_modified_time":"2024-10-09T16:45:04+00:00","twitter_card":"summary_large_image","twitter_misc":{"Tiempo de lectura":"3 minutos"},"schema":{"@context":"https:\/\/schema.org","@graph":[{"@type":"WebPage","@id":"https:\/\/www.clovr.com\/es\/about-us\/","url":"https:\/\/www.clovr.com\/es\/about-us\/","name":"Acerca de Clovr.com - Clovr Espa\u00f1ol","isPartOf":{"@id":"https:\/\/www.clovr.com\/es\/#website"},"datePublished":"2024-10-09T16:45:02+00:00","dateModified":"2024-10-09T16:45:04+00:00","breadcrumb":{"@id":"https:\/\/www.clovr.com\/es\/about-us\/#breadcrumb"},"inLanguage":"es","potentialAction":[{"@type":"ReadAction","target":["https:\/\/www.clovr.com\/es\/about-us\/"]}]},{"@type":"BreadcrumbList","@id":"https:\/\/www.clovr.com\/es\/about-us\/#breadcrumb","itemListElement":[{"@type":"ListItem","position":1,"name":"Home","item":"https:\/\/www.clovr.com\/es\/"},{"@type":"ListItem","position":2,"name":"Acerca de Clovr.com"}]},{"@type":"WebSite","@id":"https:\/\/www.clovr.com\/es\/#website","url":"https:\/\/www.clovr.com\/es\/","name":"Clovr Espa\u00f1ol","description":"","publisher":{"@id":"https:\/\/www.clovr.com\/es\/#organization"},"potentialAction":[{"@type":"SearchAction","target":{"@type":"EntryPoint","urlTemplate":"https:\/\/www.clovr.com\/es\/?s={search_term_string}"},"query-input":{"@type":"PropertyValueSpecification","valueRequired":true,"valueName":"search_term_string"}}],"inLanguage":"es"},{"@type":"Organization","@id":"https:\/\/www.clovr.com\/es\/#organization","name":"Clovr Espa\u00f1ol","url":"https:\/\/www.clovr.com\/es\/","logo":{"@type":"ImageObject","inLanguage":"es","@id":"https:\/\/www.clovr.com\/es\/#\/schema\/logo\/image\/","url":"https:\/\/www.clovr.com\/es\/wp-content\/uploads\/sites\/3\/2023\/04\/clovr@2x.png","contentUrl":"https:\/\/www.clovr.com\/es\/wp-content\/uploads\/sites\/3\/2023\/04\/clovr@2x.png","width":932,"height":240,"caption":"Clovr Espa\u00f1ol"},"image":{"@id":"https:\/\/www.clovr.com\/es\/#\/schema\/logo\/image\/"}}]}},"_links":{"self":[{"href":"https:\/\/www.clovr.com\/es\/wp-json\/wp\/v2\/pages\/923","targetHints":{"allow":["GET"]}}],"collection":[{"href":"https:\/\/www.clovr.com\/es\/wp-json\/wp\/v2\/pages"}],"about":[{"href":"https:\/\/www.clovr.com\/es\/wp-json\/wp\/v2\/types\/page"}],"author":[{"embeddable":true,"href":"https:\/\/www.clovr.com\/es\/wp-json\/wp\/v2\/users\/13"}],"replies":[{"embeddable":true,"href":"https:\/\/www.clovr.com\/es\/wp-json\/wp\/v2\/comments?post=923"}],"version-history":[{"count":1,"href":"https:\/\/www.clovr.com\/es\/wp-json\/wp\/v2\/pages\/923\/revisions"}],"predecessor-version":[{"id":924,"href":"https:\/\/www.clovr.com\/es\/wp-json\/wp\/v2\/pages\/923\/revisions\/924"}],"wp:attachment":[{"href":"https:\/\/www.clovr.com\/es\/wp-json\/wp\/v2\/media?parent=923"}],"curies":[{"name":"wp","href":"https:\/\/api.w.org\/{rel}","templated":true}]}}